{"id":66,"date":"2024-11-19T10:29:13","date_gmt":"2024-11-19T08:29:13","guid":{"rendered":"http:\/\/localhost\/noe\/?page_id=66"},"modified":"2025-12-03T23:08:20","modified_gmt":"2025-12-03T21:08:20","slug":"szakembereink","status":"publish","type":"page","link":"https:\/\/noepsiho.ro\/hu\/szakembereink\/","title":{"rendered":"Szakembereink"},"content":{"rendered":"<div class=\"wpb-content-wrapper\"><p>[vc_section full_width=&#8221;stretch_row&#8221; el_class=&#8221;block-inner-top-hero&#8221;][vc_row][vc_column][vc_custom_heading source=&#8221;post_title&#8221; font_container=&#8221;tag:h1|text_align:left&#8221; use_theme_fonts=&#8221;yes&#8221; css=&#8221;&#8221;][\/vc_column][\/vc_row][vc_row equal_height=&#8221;yes&#8221; content_placement=&#8221;middle&#8221;][vc_column width=&#8221;1\/2&#8243;][vc_column_text css=&#8221;&#8221;]\u201eNil nocere!\u201d (Ne \u00e1rts!) \u2013 sz\u00f3l az orvostudom\u00e1ny alapelve.<\/p>\n<p>Sosem r\u00e9szes\u00edtett\u00fck el\u0151nyben a nagy d\u00f3zisban alkalmazott pszichoakt\u00edv szereket; tapasztalt koll\u00e9g\u00e1ink kiz\u00e1r\u00f3lag ott \u00e9s olyan mennyis\u00e9gben, illetve ideig haszn\u00e1lj\u00e1k ezeket, ahol \u00e9s ameddig val\u00f3ban sz\u00fcks\u00e9ges.<\/p>\n<p>Tal\u00e1n a pszichi\u00e1tria ter\u00fclet\u00e9n a legnehezebb megtal\u00e1lni azt az egyens\u00falyt, amely a beteg sz\u00e1m\u00e1ra a legkedvez\u0151bb kombin\u00e1ci\u00f3t biztos\u00edtja gy\u00f3gyszeres kezel\u00e9s \u00e9s specifikus ter\u00e1pia alkalmaz\u00e1s\u00e1val.[\/vc_column_text][\/vc_column][vc_column width=&#8221;1\/2&#8243;][vc_column_text css=&#8221;&#8221;]Integr\u00e1lt k\u00f6zpontunkban egy helyen el\u00e9rhet\u0151 a pszich\u00e9s betegs\u00e9gek kezel\u00e9s\u00e9re \u00e9s a neh\u00e9z id\u0151szakok \u00e1tv\u00e9szel\u00e9s\u00e9re szolg\u00e1l\u00f3 pszichi\u00e1triai \u00e9s pszichol\u00f3giai szolg\u00e1ltat\u00e1sok teljes k\u00f6re.<\/p>\n<p>Ne f\u00e9ljen \u2013 szakembereink odafigyel\u00e9ssel, egym\u00e1ssal folyamatosan konzult\u00e1lva \u00e9s term\u00e9szetesen maxim\u00e1lis diszkr\u00e9ci\u00f3val \u00e1llnak rendelkez\u00e9s\u00e9re.<\/p>\n<p>Forduljon hozz\u00e1nk bizalommal \u2013 az \u00d6n eg\u00e9szs\u00e9ge k\u00f6z\u00f6s c\u00e9lunk![\/vc_column_text][\/vc_column][\/vc_row][\/vc_section][vc_section el_class=&#8221;block-team&#8221;][vc_row equal_height=&#8221;yes&#8221; el_class=&#8221;row-team&#8221;][vc_column width=&#8221;1\/4&#8243;][vc_single_image image=&#8221;155&#8243; img_size=&#8221;full&#8221; alignment=&#8221;center&#8221; css=&#8221;&#8221; image_hovers=&#8221;false&#8221; lazy_loading=&#8221;true&#8221;][vc_custom_heading text=&#8221;JAKAB IZABELLA&#8221; font_container=&#8221;tag:h5|text_align:center&#8221; use_theme_fonts=&#8221;yes&#8221; css=&#8221;&#8221;][vc_column_text css=&#8221;&#8221;]pszichi\u00e1ter f\u0151orvos[\/vc_column_text][\/vc_column][vc_column width=&#8221;1\/4&#8243;][vc_single_image image=&#8221;156&#8243; img_size=&#8221;full&#8221; alignment=&#8221;center&#8221; css=&#8221;&#8221; image_hovers=&#8221;false&#8221; lazy_loading=&#8221;true&#8221;][vc_custom_heading text=&#8221;BURKHARDT NO\u00c9MI-CSILLA&#8221; font_container=&#8221;tag:h5|text_align:center&#8221; use_theme_fonts=&#8221;yes&#8221; css=&#8221;&#8221;][vc_column_text css=&#8221;&#8221;]pszichi\u00e1ter f\u0151orvos[\/vc_column_text][\/vc_column][vc_column width=&#8221;1\/4&#8243;][vc_single_image image=&#8221;157&#8243; img_size=&#8221;full&#8221; alignment=&#8221;center&#8221; css=&#8221;&#8221; image_hovers=&#8221;false&#8221; lazy_loading=&#8221;true&#8221;][vc_custom_heading text=&#8221;SO\u00d3S KINGA&#8221; font_container=&#8221;tag:h5|text_align:center&#8221; use_theme_fonts=&#8221;yes&#8221; css=&#8221;&#8221;][vc_column_text css=&#8221;&#8221;]pszichi\u00e1ter szakorvos[\/vc_column_text][\/vc_column][vc_column width=&#8221;1\/4&#8243;][vc_single_image image=&#8221;158&#8243; img_size=&#8221;full&#8221; alignment=&#8221;center&#8221; css=&#8221;&#8221; image_hovers=&#8221;false&#8221; lazy_loading=&#8221;true&#8221;][vc_custom_heading text=&#8221;PETRU\u021aA EMILIA IU\u0218AN&#8221; font_container=&#8221;tag:h5|text_align:center&#8221; use_theme_fonts=&#8221;yes&#8221; css=&#8221;&#8221;][vc_column_text css=&#8221;&#8221;]pszichi\u00e1ter f\u0151orvos[\/vc_column_text][\/vc_column][\/vc_row][vc_row equal_height=&#8221;yes&#8221; el_class=&#8221;row-team&#8221;][vc_column width=&#8221;1\/4&#8243;][vc_single_image image=&#8221;159&#8243; img_size=&#8221;full&#8221; alignment=&#8221;center&#8221; css=&#8221;&#8221; image_hovers=&#8221;false&#8221; lazy_loading=&#8221;true&#8221;][vc_custom_heading text=&#8221;ER\u0150SS ADRIENN&#8221; font_container=&#8221;tag:h5|text_align:center&#8221; use_theme_fonts=&#8221;yes&#8221; css=&#8221;&#8221;][vc_column_text css=&#8221;&#8221;]pszichi\u00e1ter szakorvos[\/vc_column_text][\/vc_column][vc_column width=&#8221;1\/4&#8243;][vc_single_image image=&#8221;160&#8243; img_size=&#8221;full&#8221; alignment=&#8221;center&#8221; css=&#8221;&#8221; image_hovers=&#8221;false&#8221; lazy_loading=&#8221;true&#8221;][vc_custom_heading text=&#8221;JAKAB ERIKA&#8221; font_container=&#8221;tag:h5|text_align:center&#8221; use_theme_fonts=&#8221;yes&#8221; css=&#8221;&#8221;][vc_column_text css=&#8221;&#8221;]neurol\u00f3gus szakorvos[\/vc_column_text][\/vc_column][vc_column width=&#8221;1\/4&#8243;][vc_single_image image=&#8221;161&#8243; img_size=&#8221;full&#8221; alignment=&#8221;center&#8221; css=&#8221;&#8221; image_hovers=&#8221;false&#8221; lazy_loading=&#8221;true&#8221;][vc_custom_heading text=&#8221;KOSTY\u00c1K KINGA&#8221; font_container=&#8221;tag:h5|text_align:center&#8221; use_theme_fonts=&#8221;yes&#8221; css=&#8221;&#8221;][vc_column_text css=&#8221;&#8221;]klinikai pszichol\u00f3gus, pszichoterapeuta[\/vc_column_text][\/vc_column][vc_column width=&#8221;1\/4&#8243;][vc_single_image image=&#8221;162&#8243; img_size=&#8221;full&#8221; alignment=&#8221;center&#8221; css=&#8221;&#8221; image_hovers=&#8221;false&#8221; lazy_loading=&#8221;true&#8221;][vc_custom_heading text=&#8221;BARTHA \u00c9VA&#8221; font_container=&#8221;tag:h5|text_align:center&#8221; use_theme_fonts=&#8221;yes&#8221; css=&#8221;&#8221;][vc_column_text css=&#8221;&#8221;]klinikai pszichol\u00f3gus[\/vc_column_text][\/vc_column][\/vc_row][vc_row equal_height=&#8221;yes&#8221; el_class=&#8221;row-team&#8221;][vc_column width=&#8221;1\/4&#8243;][vc_single_image image=&#8221;608&#8243; img_size=&#8221;full&#8221; alignment=&#8221;center&#8221; css=&#8221;&#8221; image_hovers=&#8221;false&#8221; lazy_loading=&#8221;true&#8221;][vc_custom_heading text=&#8221;ALIN MOLDOVAN&#8221; font_container=&#8221;tag:h5|text_align:center&#8221; use_theme_fonts=&#8221;yes&#8221; css=&#8221;&#8221;][vc_column_text css=&#8221;&#8221;]klinikai pszichol\u00f3gus, pszichoterapeuta[\/vc_column_text][\/vc_column][vc_column width=&#8221;1\/4&#8243;][vc_single_image image=&#8221;164&#8243; img_size=&#8221;full&#8221; alignment=&#8221;center&#8221; css=&#8221;&#8221; image_hovers=&#8221;false&#8221; lazy_loading=&#8221;true&#8221;][vc_custom_heading text=&#8221;G\u00c1LICZ-NAGY ANDREA&#8221; font_container=&#8221;tag:h5|text_align:center&#8221; use_theme_fonts=&#8221;yes&#8221; css=&#8221;&#8221;][vc_column_text css=&#8221;&#8221;]gyermekpszichi\u00e1ter szakorvos[\/vc_column_text][\/vc_column][vc_column width=&#8221;1\/4&#8243;][vc_single_image image=&#8221;165&#8243; img_size=&#8221;full&#8221; alignment=&#8221;center&#8221; css=&#8221;&#8221; image_hovers=&#8221;false&#8221; lazy_loading=&#8221;true&#8221;][vc_custom_heading text=&#8221;ALINA CRISTINA LUCA&#8221; font_container=&#8221;tag:h5|text_align:center&#8221; use_theme_fonts=&#8221;yes&#8221; css=&#8221;&#8221;][vc_column_text css=&#8221;&#8221;]gyermekpszichi\u00e1ter f\u0151orvos[\/vc_column_text][\/vc_column][vc_column width=&#8221;1\/4&#8243;][vc_single_image image=&#8221;166&#8243; img_size=&#8221;full&#8221; alignment=&#8221;center&#8221; css=&#8221;&#8221; image_hovers=&#8221;false&#8221; lazy_loading=&#8221;true&#8221;][vc_custom_heading text=&#8221;KERT\u00c9SZ ALP\u00c1R&#8221; font_container=&#8221;tag:h5|text_align:center&#8221; use_theme_fonts=&#8221;yes&#8221; css=&#8221;&#8221;][vc_column_text css=&#8221;&#8221;]klinikai pszichol\u00f3gus, pszichoterapeuta[\/vc_column_text][\/vc_column][\/vc_row][vc_row equal_height=&#8221;yes&#8221; el_class=&#8221;row-team&#8221;][vc_column width=&#8221;1\/4&#8243;][vc_single_image image=&#8221;167&#8243; img_size=&#8221;full&#8221; alignment=&#8221;center&#8221; css=&#8221;&#8221; image_hovers=&#8221;false&#8221; lazy_loading=&#8221;true&#8221;][vc_custom_heading text=&#8221;CRISTINA KOVACS&#8221; font_container=&#8221;tag:h5|text_align:center&#8221; use_theme_fonts=&#8221;yes&#8221; css=&#8221;&#8221;][vc_column_text css=&#8221;&#8221;]klinikai pszichol\u00f3gus[\/vc_column_text][\/vc_column][vc_column width=&#8221;1\/4&#8243;][vc_single_image image=&#8221;168&#8243; img_size=&#8221;full&#8221; alignment=&#8221;center&#8221; css=&#8221;&#8221; image_hovers=&#8221;false&#8221; lazy_loading=&#8221;true&#8221;][vc_custom_heading text=&#8221;KORODI ORSOLYA&#8221; font_container=&#8221;tag:h5|text_align:center&#8221; use_theme_fonts=&#8221;yes&#8221; css=&#8221;&#8221;][vc_column_text css=&#8221;&#8221;]klinikai pszichol\u00f3gus[\/vc_column_text][\/vc_column][vc_column width=&#8221;1\/4&#8243;][vc_single_image image=&#8221;610&#8243; img_size=&#8221;full&#8221; alignment=&#8221;center&#8221; css=&#8221;&#8221; image_hovers=&#8221;false&#8221; lazy_loading=&#8221;true&#8221;][vc_custom_heading text=&#8221;FERENCZ BLANKA&#8221; font_container=&#8221;tag:h5|text_align:center&#8221; use_theme_fonts=&#8221;yes&#8221; css=&#8221;&#8221;][vc_column_text css=&#8221;&#8221;]klinikai pszichol\u00f3gus, pszichoterapeuta[\/vc_column_text][\/vc_column][vc_column width=&#8221;1\/4&#8243;][vc_single_image image=&#8221;170&#8243; img_size=&#8221;full&#8221; alignment=&#8221;center&#8221; css=&#8221;&#8221; image_hovers=&#8221;false&#8221; lazy_loading=&#8221;true&#8221;][vc_custom_heading text=&#8221;JAKAB ERZS\u00c9BET&#8221; font_container=&#8221;tag:h5|text_align:center&#8221; use_theme_fonts=&#8221;yes&#8221; css=&#8221;&#8221;][vc_column_text css=&#8221;&#8221;]logop\u00e9dus[\/vc_column_text][\/vc_column][\/vc_row][vc_row equal_height=&#8221;yes&#8221; el_class=&#8221;row-team&#8221;][vc_column width=&#8221;1\/4&#8243;][vc_single_image image=&#8221;171&#8243; img_size=&#8221;full&#8221; alignment=&#8221;center&#8221; css=&#8221;&#8221; image_hovers=&#8221;false&#8221; lazy_loading=&#8221;true&#8221;][vc_custom_heading text=&#8221;PORTIK J\u00daLIA BE\u00c1TRIX&#8221; font_container=&#8221;tag:h5|text_align:center&#8221; use_theme_fonts=&#8221;yes&#8221; css=&#8221;&#8221;][vc_column_text css=&#8221;&#8221;]TSMT terapeuta[\/vc_column_text][\/vc_column][vc_column width=&#8221;1\/4&#8243;][vc_single_image image=&#8221;617&#8243; img_size=&#8221;full&#8221; alignment=&#8221;center&#8221; css=&#8221;&#8221; image_hovers=&#8221;false&#8221; lazy_loading=&#8221;true&#8221;][vc_custom_heading text=&#8221;S\u00c1NTA \u00c9VA LAURA&#8221; font_container=&#8221;tag:h5|text_align:center&#8221; use_theme_fonts=&#8221;yes&#8221; css=&#8221;&#8221;][vc_column_text css=&#8221;&#8221;]gy\u00f3gypedag\u00f3gus[\/vc_column_text][\/vc_column][vc_column width=&#8221;1\/4&#8243;][vc_single_image image=&#8221;172&#8243; img_size=&#8221;full&#8221; alignment=&#8221;center&#8221; css=&#8221;&#8221; image_hovers=&#8221;false&#8221; lazy_loading=&#8221;true&#8221;][vc_custom_heading text=&#8221;JAKAB ISTV\u00c1N ATTILA&#8221; font_container=&#8221;tag:h5|text_align:center&#8221; use_theme_fonts=&#8221;yes&#8221; css=&#8221;&#8221;][vc_column_text css=&#8221;&#8221;]igazgat\u00f3[\/vc_column_text][\/vc_column][vc_column width=&#8221;1\/4&#8243;][vc_single_image image=&#8221;173&#8243; img_size=&#8221;full&#8221; alignment=&#8221;center&#8221; css=&#8221;&#8221; image_hovers=&#8221;false&#8221; lazy_loading=&#8221;true&#8221;][vc_custom_heading text=&#8221;B\u00d6L\u00d6NYI ZSUZS\u00c1NNA-ORSOLYA&#8221; font_container=&#8221;tag:h5|text_align:center&#8221; use_theme_fonts=&#8221;yes&#8221; css=&#8221;&#8221;][vc_column_text css=&#8221;&#8221;]eg\u00e9szs\u00e9g\u00fcgyi asszisztens[\/vc_column_text][\/vc_column][\/vc_row][vc_row equal_height=&#8221;yes&#8221; el_class=&#8221;row-team&#8221;][vc_column width=&#8221;1\/4&#8243;][vc_single_image image=&#8221;174&#8243; img_size=&#8221;full&#8221; alignment=&#8221;center&#8221; css=&#8221;&#8221; image_hovers=&#8221;false&#8221; lazy_loading=&#8221;true&#8221;][vc_custom_heading text=&#8221;SZAB\u00d3 ZITA&#8221; font_container=&#8221;tag:h5|text_align:center&#8221; use_theme_fonts=&#8221;yes&#8221; css=&#8221;&#8221;][vc_column_text css=&#8221;&#8221;]eg\u00e9szs\u00e9g\u00fcgyi asszisztens[\/vc_column_text][\/vc_column][vc_column width=&#8221;1\/4&#8243;][vc_single_image image=&#8221;175&#8243; img_size=&#8221;full&#8221; alignment=&#8221;center&#8221; css=&#8221;&#8221; image_hovers=&#8221;false&#8221; lazy_loading=&#8221;true&#8221;][vc_custom_heading text=&#8221;SZ\u00c9KELY HELGA&#8221; font_container=&#8221;tag:h5|text_align:center&#8221; use_theme_fonts=&#8221;yes&#8221; css=&#8221;&#8221;][vc_column_text css=&#8221;&#8221;]eg\u00e9szs\u00e9g\u00fcgyi asszisztens[\/vc_column_text][\/vc_column][vc_column width=&#8221;1\/4&#8243;][vc_single_image image=&#8221;176&#8243; img_size=&#8221;full&#8221; alignment=&#8221;center&#8221; css=&#8221;&#8221; image_hovers=&#8221;false&#8221; lazy_loading=&#8221;true&#8221;][vc_custom_heading text=&#8221;SZAK\u00c1CS SZILVIA&#8221; font_container=&#8221;tag:h5|text_align:center&#8221; use_theme_fonts=&#8221;yes&#8221; css=&#8221;&#8221;][vc_column_text css=&#8221;&#8221;]eg\u00e9szs\u00e9g\u00fcgyi asszisztens[\/vc_column_text][\/vc_column][vc_column width=&#8221;1\/4&#8243;][vc_single_image image=&#8221;177&#8243; img_size=&#8221;full&#8221; alignment=&#8221;center&#8221; css=&#8221;&#8221; image_hovers=&#8221;false&#8221; lazy_loading=&#8221;true&#8221;][vc_custom_heading text=&#8221;FERENCZI ENIK\u0150&#8221; font_container=&#8221;tag:h5|text_align:center&#8221; use_theme_fonts=&#8221;yes&#8221; css=&#8221;&#8221;][vc_column_text css=&#8221;&#8221;]higi\u00e9niai felel\u0151s[\/vc_column_text][\/vc_column][\/vc_row][\/vc_section][vc_section el_class=&#8221;block-home-aboutus&#8221;][vc_row][vc_column][vc_single_image image=&#8221;35&#8243; img_size=&#8221;full&#8221; alignment=&#8221;center&#8221; onclick=&#8221;link_image&#8221; css_animation=&#8221;fadeIn&#8221; css=&#8221;&#8221; image_hovers=&#8221;false&#8221; lazy_loading=&#8221;true&#8221; el_class=&#8221;img-team has-reflection reflection-before reflection-after mb-0&#8243;][\/vc_column][\/vc_row][vc_row el_class=&#8221;row-home-aboutus&#8221;][vc_column width=&#8221;1\/4&#8243;][\/vc_column][vc_column width=&#8221;1\/2&#8243; el_class=&#8221;col-txt cornered-block small bg-navy shadow&#8221;][vc_custom_heading text=&#8221;L\u00e9gy r\u00e9sze az \u00faj\u00edt\u00f3 fejl\u0151d\u00e9snek!&#8221; font_container=&#8221;tag:h3|text_align:left&#8221; use_theme_fonts=&#8221;yes&#8221; css_animation=&#8221;fadeIn&#8221; css=&#8221;&#8221; el_class=&#8221;text-green mb-0&#8243;][vc_custom_heading text=&#8221;Dolgozz egy vag\u00e1ny helyen!&#8221; use_theme_fonts=&#8221;yes&#8221; css_animation=&#8221;fadeIn&#8221; css=&#8221;&#8221;][vc_column_text css=&#8221;&#8221;]Hozz\u00e1\u00e9rt\u0151 szakember vagy, aki egy kiemelked\u0151en fejl\u0151d\u0151, csal\u00e1dias hangulat\u00fa rendel\u0151int\u00e9zetben szeretn\u00e9l egy j\u00f3l fizet\u0151 \u00e1ll\u00e1st?[\/vc_column_text]<style type=\"text\/css\" data-type=\"the7_shortcodes-inline-css\">#default-btn-ea31d9553f6634f152a0a2cf2d8cdfe3 {\n  font-size: 18px;\n  line-height: 20px;\n  padding: 6px 2px 6px 2px;\n}\n#default-btn-ea31d9553f6634f152a0a2cf2d8cdfe3.ico-right-side > i {\n  margin-right: 0px;\n  margin-left: 12px;\n}\n#default-btn-ea31d9553f6634f152a0a2cf2d8cdfe3:after {\n  height: 0px;\n}\n#default-btn-ea31d9553f6634f152a0a2cf2d8cdfe3 > i {\n  margin-right: 12px;\n  font-size: 11px;\n}\n#default-btn-ea31d9553f6634f152a0a2cf2d8cdfe3.ico-right-side > i {\n  margin-right: 0px;\n  margin-left: 12px;\n}\n#default-btn-ea31d9553f6634f152a0a2cf2d8cdfe3 > i {\n  margin-right: 12px;\n}\n<\/style><a href=\"\/hu\/dolgozz-egy-vagany-helyen\/\" class=\"default-btn-shortcode dt-btn-link fadeIn animate-element animation-builder link-hover-off ico-right-side btn-inline-left \" id=\"default-btn-ea31d9553f6634f152a0a2cf2d8cdfe3\" title=\"Dolgozz vel\u00fcnk\"><span>R\u00e9szletek<\/span><i class=\"icomoon-the7-font-the7-arrow-29\"><\/i><\/a>[\/vc_column][vc_column width=&#8221;1\/4&#8243;][\/vc_column][\/vc_row][\/vc_section]<\/p>\n<\/div>","protected":false},"excerpt":{"rendered":"<p>[vc_section full_width=&#8221;stretch_row&#8221; el_class=&#8221;block-inner-top-hero&#8221;][vc_row][vc_column][vc_custom_heading source=&#8221;post_title&#8221; font_container=&#8221;tag:h1|text_align:left&#8221; use_theme_fonts=&#8221;yes&#8221; css=&#8221;&#8221;][\/vc_column][\/vc_row][vc_row equal_height=&#8221;yes&#8221; content_placement=&#8221;middle&#8221;][vc_column width=&#8221;1\/2&#8243;][vc_column_text css=&#8221;&#8221;]\u201eNil nocere!\u201d (Ne \u00e1rts!) \u2013 sz\u00f3l az orvostudom\u00e1ny alapelve. Sosem r\u00e9szes\u00edtett\u00fck el\u0151nyben a nagy d\u00f3zisban alkalmazott pszichoakt\u00edv szereket; tapasztalt koll\u00e9g\u00e1ink kiz\u00e1r\u00f3lag ott \u00e9s olyan mennyis\u00e9gben, illetve ideig haszn\u00e1lj\u00e1k ezeket, ahol \u00e9s ameddig val\u00f3ban sz\u00fcks\u00e9ges. Tal\u00e1n a pszichi\u00e1tria ter\u00fclet\u00e9n a legnehezebb megtal\u00e1lni azt az egyens\u00falyt, amely&hellip;<\/p>\n","protected":false},"author":1,"featured_media":0,"parent":0,"menu_order":0,"comment_status":"closed","ping_status":"closed","template":"","meta":{"footnotes":""},"class_list":["post-66","page","type-page","status-publish","hentry","description-off"],"_links":{"self":[{"href":"https:\/\/noepsiho.ro\/hu\/wp-json\/wp\/v2\/pages\/66","targetHints":{"allow":["GET"]}}],"collection":[{"href":"https:\/\/noepsiho.ro\/hu\/wp-json\/wp\/v2\/pages"}],"about":[{"href":"https:\/\/noepsiho.ro\/hu\/wp-json\/wp\/v2\/types\/page"}],"author":[{"embeddable":true,"href":"https:\/\/noepsiho.ro\/hu\/wp-json\/wp\/v2\/users\/1"}],"replies":[{"embeddable":true,"href":"https:\/\/noepsiho.ro\/hu\/wp-json\/wp\/v2\/comments?post=66"}],"version-history":[{"count":26,"href":"https:\/\/noepsiho.ro\/hu\/wp-json\/wp\/v2\/pages\/66\/revisions"}],"predecessor-version":[{"id":626,"href":"https:\/\/noepsiho.ro\/hu\/wp-json\/wp\/v2\/pages\/66\/revisions\/626"}],"wp:attachment":[{"href":"https:\/\/noepsiho.ro\/hu\/wp-json\/wp\/v2\/media?parent=66"}],"curies":[{"name":"wp","href":"https:\/\/api.w.org\/{rel}","templated":true}]}}