{"id":374,"date":"2025-11-18T12:23:08","date_gmt":"2025-11-18T10:23:08","guid":{"rendered":"https:\/\/noepsiho.ro\/?page_id=374"},"modified":"2025-11-27T09:35:51","modified_gmt":"2025-11-27T07:35:51","slug":"kuldetesunk","status":"publish","type":"page","link":"https:\/\/noepsiho.ro\/hu\/kuldetesunk\/","title":{"rendered":"K\u00fcldet\u00e9s\u00fcnk"},"content":{"rendered":"<div class=\"wpb-content-wrapper\"><p>[vc_section full_width=&#8221;stretch_row&#8221; el_class=&#8221;block-inner-top-hero&#8221;][vc_row gap=&#8221;15&#8243; equal_height=&#8221;yes&#8221; content_placement=&#8221;middle&#8221;][vc_column width=&#8221;1\/2&#8243;][vc_custom_heading text=&#8221;K\u00fcldet\u00e9s\u00fcnk&#8221; font_container=&#8221;tag:h1|text_align:left&#8221; use_theme_fonts=&#8221;yes&#8221; css=&#8221;&#8221;][vc_custom_heading text=&#8221;Hozz\u00e1j\u00e1rulni a lakoss\u00e1g j\u00f3l\u00e9t\u00e9hez&#8221; use_theme_fonts=&#8221;yes&#8221; css=&#8221;&#8221; el_class=&#8221;text-navy&#8221;][vc_column_text css=&#8221;&#8221;]Egy region\u00e1lis, teljes j\u00e1r\u00f3betegell\u00e1t\u00e1st biztos\u00edt\u00f3, t\u00f6bb nyelven besz\u00e9l\u0151 ment\u00e1lhigi\u00e9n\u00e9s k\u00f6zpont m\u0171k\u00f6dtet\u00e9s\u00e9vel.[\/vc_column_text][\/vc_column][vc_column width=&#8221;1\/2&#8243;][vc_single_image image=&#8221;376&#8243; img_size=&#8221;full&#8221; alignment=&#8221;center&#8221; css_animation=&#8221;fadeIn&#8221; css=&#8221;&#8221; image_hovers=&#8221;false&#8221; lazy_loading=&#8221;true&#8221; el_class=&#8221;has-reflection reflection-before reflection-after mb-0&#8243;][\/vc_column][\/vc_row][\/vc_section][vc_section full_width=&#8221;stretch_row&#8221;][vc_row gap=&#8221;35&#8243; equal_height=&#8221;yes&#8221; content_placement=&#8221;middle&#8221; el_class=&#8221;row-mission-inner mb-lg&#8221;][vc_column width=&#8221;3\/4&#8243; el_class=&#8221;cornered-block small bg-green&#8221; offset=&#8221;vc_col-md-5&#8243;][vc_custom_heading text=&#8221;C\u00e9ljaink&#8221; font_container=&#8221;tag:h3|text_align:left&#8221; use_theme_fonts=&#8221;yes&#8221; css=&#8221;&#8221;][vc_column_text css=&#8221;&#8221; el_class=&#8221;mb-0&#8243;]<\/p>\n<ul>\n<li>El\u00e9gedett p\u00e1ciensek \u00e9s kliensek<\/li>\n<li>Kiemelked\u0151 szakmai eredm\u00e9nyek<\/li>\n<li>Kiemelked\u0151en otthonos k\u00f6rnyezet biztos\u00edt\u00e1sa<\/li>\n<li>Legmodernebb m\u00f3dszerek \u00e9s eszk\u00f6z\u00f6k haszn\u00e1lata<\/li>\n<\/ul>\n<p>[\/vc_column_text][\/vc_column][vc_column width=&#8221;3\/4&#8243; el_class=&#8221;cornered-block small bg-orange&#8221; offset=&#8221;vc_col-md-offset-1 vc_col-md-6 vc_col-sm-offset-3&#8243;][vc_custom_heading text=&#8221;\u00c9rt\u00e9keink&#8221; font_container=&#8221;tag:h3|text_align:left&#8221; use_theme_fonts=&#8221;yes&#8221; css=&#8221;&#8221;][vc_row_inner][vc_column_inner width=&#8221;1\/2&#8243;][vc_column_text css=&#8221;&#8221; el_class=&#8221;mb-0&#8243;]<\/p>\n<ul>\n<li>Fejl\u0151d\u0151 szakmais\u00e1g<\/li>\n<li>Pontoss\u00e1g<\/li>\n<li>Becs\u00fclet<\/li>\n<li>Titoktart\u00e1s<\/li>\n<\/ul>\n<p>[\/vc_column_text][\/vc_column_inner][vc_column_inner width=&#8221;1\/2&#8243;][vc_column_text css=&#8221;&#8221; el_class=&#8221;mb-0&#8243;]<\/p>\n<ul>\n<li>Az eg\u00e9szs\u00e9ghez val\u00f3 jog<\/li>\n<li>Egyenrang\u00fas\u00e1g<\/li>\n<li>M\u00e9lt\u00e1nyoss\u00e1g<\/li>\n<li>El\u00e9rhet\u0151s\u00e9g<\/li>\n<\/ul>\n<p>[\/vc_column_text][\/vc_column_inner][\/vc_row_inner][\/vc_column][\/vc_row][\/vc_section][vc_section el_class=&#8221;block-home-aboutus workwithus&#8221;][vc_row][vc_column][vc_single_image image=&#8221;35&#8243; img_size=&#8221;full&#8221; alignment=&#8221;center&#8221; onclick=&#8221;link_image&#8221; css_animation=&#8221;fadeIn&#8221; css=&#8221;&#8221; image_hovers=&#8221;false&#8221; lazy_loading=&#8221;true&#8221; el_class=&#8221;img-team has-reflection reflection-before reflection-after mb-0&#8243;][\/vc_column][\/vc_row][vc_row el_class=&#8221;row-mission-pullup&#8221;][vc_column width=&#8221;1\/6&#8243; offset=&#8221;vc_col-md-3&#8243;][\/vc_column][vc_column width=&#8221;2\/3&#8243; el_class=&#8221;col-txt cornered-block small bg-navy shadow&#8221; offset=&#8221;vc_col-md-6&#8243;][vc_custom_heading text=&#8221;Mit tesz\u00fcnk mindez\u00e9rt?&#8221; use_theme_fonts=&#8221;yes&#8221; css_animation=&#8221;fadeIn&#8221; css=&#8221;&#8221;][vc_column_text css=&#8221;&#8221;]<\/p>\n<ul>\n<li>Figyel\u00fcnk betegeinkre<\/li>\n<li>Hozz\u00e1\u00e9rt\u0151 szakembereket v\u00e1lasztunk<\/li>\n<li>Bar\u00e1ts\u00e1gos hangulatban dolgozunk<\/li>\n<li>Diszkr\u00e9ten kezelj\u00fck betegeink \u00fcgyeit<\/li>\n<li>Folyamatosan tanulunk<\/li>\n<li>Szakmai h\u00e1l\u00f3zatot \u00e9p\u00edt\u00fcnk<\/li>\n<li>\u00daj\u00edt\u00f3 jelleg\u0171 szolg\u00e1ltat\u00e1sokat vezet\u00fcnk be<\/li>\n<li>Haszn\u00e1ljuk a modern technol\u00f3gi\u00e1t<\/li>\n<li>A k\u00f6zpont nyeres\u00e9g\u00e9t a folyamatos fejl\u0151d\u00e9sre fektetj\u00fck<\/li>\n<\/ul>\n<p>[\/vc_column_text][\/vc_column][vc_column width=&#8221;1\/6&#8243; offset=&#8221;vc_col-md-3&#8243;][\/vc_column][\/vc_row][\/vc_section]<\/p>\n<\/div>","protected":false},"excerpt":{"rendered":"<p>[vc_section full_width=&#8221;stretch_row&#8221; el_class=&#8221;block-inner-top-hero&#8221;][vc_row gap=&#8221;15&#8243; equal_height=&#8221;yes&#8221; content_placement=&#8221;middle&#8221;][vc_column width=&#8221;1\/2&#8243;][vc_custom_heading text=&#8221;K\u00fcldet\u00e9s\u00fcnk&#8221; font_container=&#8221;tag:h1|text_align:left&#8221; use_theme_fonts=&#8221;yes&#8221; css=&#8221;&#8221;][vc_custom_heading text=&#8221;Hozz\u00e1j\u00e1rulni a lakoss\u00e1g j\u00f3l\u00e9t\u00e9hez&#8221; use_theme_fonts=&#8221;yes&#8221; css=&#8221;&#8221; el_class=&#8221;text-navy&#8221;][vc_column_text css=&#8221;&#8221;]Egy region\u00e1lis, teljes j\u00e1r\u00f3betegell\u00e1t\u00e1st biztos\u00edt\u00f3, t\u00f6bb nyelven besz\u00e9l\u0151 ment\u00e1lhigi\u00e9n\u00e9s k\u00f6zpont m\u0171k\u00f6dtet\u00e9s\u00e9vel.[\/vc_column_text][\/vc_column][vc_column width=&#8221;1\/2&#8243;][vc_single_image image=&#8221;376&#8243; img_size=&#8221;full&#8221; alignment=&#8221;center&#8221; css_animation=&#8221;fadeIn&#8221; css=&#8221;&#8221; image_hovers=&#8221;false&#8221; lazy_loading=&#8221;true&#8221; el_class=&#8221;has-reflection reflection-before reflection-after mb-0&#8243;][\/vc_column][\/vc_row][\/vc_section][vc_section full_width=&#8221;stretch_row&#8221;][vc_row gap=&#8221;35&#8243; equal_height=&#8221;yes&#8221; content_placement=&#8221;middle&#8221; el_class=&#8221;row-mission-inner mb-lg&#8221;][vc_column width=&#8221;3\/4&#8243; el_class=&#8221;cornered-block small bg-green&#8221; offset=&#8221;vc_col-md-5&#8243;][vc_custom_heading text=&#8221;C\u00e9ljaink&#8221; font_container=&#8221;tag:h3|text_align:left&#8221; use_theme_fonts=&#8221;yes&#8221;&hellip;<\/p>\n","protected":false},"author":1,"featured_media":0,"parent":0,"menu_order":0,"comment_status":"closed","ping_status":"closed","template":"","meta":{"footnotes":""},"class_list":["post-374","page","type-page","status-publish","hentry","description-off"],"_links":{"self":[{"href":"https:\/\/noepsiho.ro\/hu\/wp-json\/wp\/v2\/pages\/374","targetHints":{"allow":["GET"]}}],"collection":[{"href":"https:\/\/noepsiho.ro\/hu\/wp-json\/wp\/v2\/pages"}],"about":[{"href":"https:\/\/noepsiho.ro\/hu\/wp-json\/wp\/v2\/types\/page"}],"author":[{"embeddable":true,"href":"https:\/\/noepsiho.ro\/hu\/wp-json\/wp\/v2\/users\/1"}],"replies":[{"embeddable":true,"href":"https:\/\/noepsiho.ro\/hu\/wp-json\/wp\/v2\/comments?post=374"}],"version-history":[{"count":16,"href":"https:\/\/noepsiho.ro\/hu\/wp-json\/wp\/v2\/pages\/374\/revisions"}],"predecessor-version":[{"id":391,"href":"https:\/\/noepsiho.ro\/hu\/wp-json\/wp\/v2\/pages\/374\/revisions\/391"}],"wp:attachment":[{"href":"https:\/\/noepsiho.ro\/hu\/wp-json\/wp\/v2\/media?parent=374"}],"curies":[{"name":"wp","href":"https:\/\/api.w.org\/{rel}","templated":true}]}}