{"id":359,"date":"2025-11-18T11:57:45","date_gmt":"2025-11-18T09:57:45","guid":{"rendered":"https:\/\/noepsiho.ro\/?page_id=359"},"modified":"2025-11-18T12:17:54","modified_gmt":"2025-11-18T10:17:54","slug":"rolunk","status":"publish","type":"page","link":"https:\/\/noepsiho.ro\/hu\/rolunk\/","title":{"rendered":"R\u00f3lunk"},"content":{"rendered":"<div class=\"wpb-content-wrapper\"><p>[vc_section full_width=&#8221;stretch_row&#8221; el_class=&#8221;block-inner-top-hero&#8221;][vc_row gap=&#8221;35&#8243; equal_height=&#8221;yes&#8221; content_placement=&#8221;top&#8221;][vc_column width=&#8221;1\/2&#8243;][vc_custom_heading text=&#8221;A c\u00e9gvezet\u0151 \u00fczenete&#8221; font_container=&#8221;tag:h1|text_align:left&#8221; use_theme_fonts=&#8221;yes&#8221; css=&#8221;&#8221;][vc_custom_heading text=&#8221;dr. Jakab Istv\u00e1n&#8221; use_theme_fonts=&#8221;yes&#8221; css=&#8221;&#8221; el_class=&#8221;text-navy&#8221;][\/vc_column][vc_column width=&#8221;1\/2&#8243;][\/vc_column][\/vc_row][vc_row gap=&#8221;35&#8243; equal_height=&#8221;yes&#8221; content_placement=&#8221;top&#8221;][vc_column width=&#8221;1\/2&#8243;][vc_column_text css=&#8221;&#8221;]<b>Felel\u0151ss\u00e9g, eg\u00e9szs\u00e9g, fejl\u0151d\u00e9s:<\/b> ezek a szavak jutnak eszembe, ha a Noe Psihocenterre gondolok.<br \/>\nMi lehet fontosabb az eg\u00e9szs\u00e9gn\u00e9l? Hiszen munk\u00e1nk, csal\u00e1dunk, vagy ak\u00e1r a szabadid\u0151nk is ett\u0151l f\u00fcgg. Az eg\u00e9szs\u00e9g visszaszerz\u00e9s\u00e9ben a szakembereknek kiemelten fontos szerep\u00fck van. Az eredm\u00e9ny azonban mindig jobb, ha \u0151k <b>szakmai csoportokban, egym\u00e1ssal egy\u00fcttm\u0171k\u00f6dve<\/b> hozz\u00e1k meg ter\u00e1pi\u00e1s d\u00f6nt\u00e9seiket egy integr\u00e1lt k\u00f6zpont keret\u00e9n bel\u00fcl.<\/p>\n<p>A megrend\u00fclt eg\u00e9szs\u00e9g helyre\u00e1ll\u00edt\u00e1sa hatalmas felel\u0151ss\u00e9g, ez\u00e9rt <b>a szakmai kompetencia sz\u00e1munkra mindig els\u0151 sz\u00e1m\u00fa priorit\u00e1s<\/b>. A k\u00f6z\u00f6s er\u0151fesz\u00edt\u00e9s nemcsak a szakmai csoportot, hanem a hozz\u00e1tartoz\u00f3kat is \u00e9rinti. \u00cdgy lesz igaz\u00e1n hat\u00e1sos a gy\u00f3gy\u00edt\u00e1s.<\/p>\n<p>A fogyat\u00e9kkal \u00e9l\u0151k \u00e9s a gy\u00f3gy\u00edthatatlan betegs\u00e9gek terhe nem kiz\u00e1r\u00f3lag a betegek\u00e9 \u00e9s hozz\u00e1tartoz\u00f3ik\u00e9, hanem az alkalmazottaink\u00e9 is. A kegyetlen sors minket is ugyan\u00fagy meg\u00e9rint; ehhez sosem szokunk hozz\u00e1. B\u00e1rmilyen k\u00f6r\u00fclm\u00e9nyek k\u00f6z\u00f6tt <b>a mi feladatunk hat\u00e1sosan gy\u00f3gy\u00edtani<\/b>, \u00e9s betegeink ig\u00e9nyeit \u00e9s jogait mindig szem el\u0151tt tartva v\u00e9gezni ezt a neh\u00e9z munk\u00e1t.<\/p>\n<p>Amikor egy integr\u00e1lt ment\u00e1lhigi\u00e9n\u00e9s k\u00f6zpont \u00f6tlete megsz\u00fcletett, nem gondoltam, hogy t\u00edz \u00e9v m\u00falva ennyire fejlett lesz a j\u00e1r\u00f3beteg-ell\u00e1t\u00e1s orsz\u00e1gunkban. A Noe Psihocenter egy egy\u00e9ni rendel\u0151b\u0151l fejl\u0151d\u00f6tt pszichi\u00e1triai centrumm\u00e1, ahol <b>t\u00f6bb ezer beteget l\u00e1ttunk \u00e9s l\u00e1tunk el<\/b>.<\/p>\n<p>Az eg\u00e9szs\u00e9gpolitika k\u00f6vetkezetes t\u00f6rekv\u00e9sei, amelyek a nagyon dr\u00e1ga, k\u00f3rh\u00e1zban t\u00f6rt\u00e9n\u0151 ell\u00e1t\u00e1sb\u00f3l pr\u00f3b\u00e1lt\u00e1k a betegeket a mag\u00e1n j\u00e1r\u00f3beteg-ell\u00e1t\u00e1s fel\u00e9 terelni, szerencs\u00e9sen tal\u00e1lkoztak elk\u00e9pzel\u00e9seinkkel. <b>Meg kell k\u00f6sz\u00f6nn\u00fcnk<\/b> az eg\u00e9szs\u00e9gpolitikusoknak, mivel int\u00e9zked\u00e9seikkel \u00f3ri\u00e1si t\u0151k\u00e9t ir\u00e1ny\u00edtottak a mag\u00e1nszektor fel\u00e9, ezzel nagy fejl\u0151d\u00e9st ind\u00edtva el, ugyanakkor a fejenk\u00e9nt olcs\u00f3bb ell\u00e1t\u00e1s r\u00e9v\u00e9n rengeteget sp\u00f3roltak a k\u00f3rh\u00e1zaknak. R\u00e1ad\u00e1sul <b>a betegek \u00edgy viszonylag k\u00f6nnyen, a versenypiac keretein bel\u00fcl f\u00e9rnek hozz\u00e1 a sz\u00fcks\u00e9ges ell\u00e1t\u00e1shoz.<\/b><\/p>\n<p>Messzire jutottunk, de a fejl\u0151d\u00e9s itt nem \u00e1llhat meg: szolg\u00e1ltat\u00e1sainkat tov\u00e1bb b\u0151v\u00edtj\u00fck, am\u00edg elmondhatjuk, hogy egy multivalens, egyre t\u00f6bb sz\u00fcks\u00e9gletet kiel\u00e9g\u00edt\u0151 \u00e9s <b>kompetens ment\u00e1lhigi\u00e9n\u00e9s k\u00f6zpont lett\u00fcnk<\/b>.<\/p>\n<p>Betegeinknek, klienseinknek \u00e9s egy\u00fcttm\u0171k\u00f6d\u0151 partnereinknek k\u00f6sz\u00f6nj\u00fck, hogy \u00fajra \u00e9s \u00fajra hozz\u00e1nk fordulnak. Akivel m\u00e9g nem tal\u00e1lkoztunk, azt pedig <b>v\u00e1rjuk nagy szeretettel \u00e9s v\u00e1ltozatlan odaad\u00e1ssal<\/b>![\/vc_column_text][\/vc_column][vc_column width=&#8221;1\/2&#8243;][vc_single_image image=&#8221;366&#8243; img_size=&#8221;full&#8221; alignment=&#8221;center&#8221; css_animation=&#8221;fadeIn&#8221; css=&#8221;&#8221; image_hovers=&#8221;false&#8221; lazy_loading=&#8221;true&#8221; el_class=&#8221;has-reflection reflection-before reflection-after mb-0&#8243;][vc_column_text css_animation=&#8221;fadeInUp&#8221; css=&#8221;&#8221; el_class=&#8221;mt-xs&#8221;]<\/p>\n<h5 style=\"text-align: center;\"><em>dr. Jakab Istv\u00e1n<\/em><\/h5>\n<p>[\/vc_column_text][\/vc_column][\/vc_row][\/vc_section]<\/p>\n<\/div>","protected":false},"excerpt":{"rendered":"<p>[vc_section full_width=&#8221;stretch_row&#8221; el_class=&#8221;block-inner-top-hero&#8221;][vc_row gap=&#8221;35&#8243; equal_height=&#8221;yes&#8221; content_placement=&#8221;top&#8221;][vc_column width=&#8221;1\/2&#8243;][vc_custom_heading text=&#8221;A c\u00e9gvezet\u0151 \u00fczenete&#8221; font_container=&#8221;tag:h1|text_align:left&#8221; use_theme_fonts=&#8221;yes&#8221; css=&#8221;&#8221;][vc_custom_heading text=&#8221;dr. Jakab Istv\u00e1n&#8221; use_theme_fonts=&#8221;yes&#8221; css=&#8221;&#8221; el_class=&#8221;text-navy&#8221;][\/vc_column][vc_column width=&#8221;1\/2&#8243;][\/vc_column][\/vc_row][vc_row gap=&#8221;35&#8243; equal_height=&#8221;yes&#8221; content_placement=&#8221;top&#8221;][vc_column width=&#8221;1\/2&#8243;][vc_column_text css=&#8221;&#8221;]Felel\u0151ss\u00e9g, eg\u00e9szs\u00e9g, fejl\u0151d\u00e9s: ezek a szavak jutnak eszembe, ha a Noe Psihocenterre gondolok. Mi lehet fontosabb az eg\u00e9szs\u00e9gn\u00e9l? Hiszen munk\u00e1nk, csal\u00e1dunk, vagy ak\u00e1r a szabadid\u0151nk is ett\u0151l f\u00fcgg. Az eg\u00e9szs\u00e9g visszaszerz\u00e9s\u00e9ben&hellip;<\/p>\n","protected":false},"author":1,"featured_media":0,"parent":0,"menu_order":0,"comment_status":"closed","ping_status":"closed","template":"","meta":{"footnotes":""},"class_list":["post-359","page","type-page","status-publish","hentry","description-off"],"_links":{"self":[{"href":"https:\/\/noepsiho.ro\/hu\/wp-json\/wp\/v2\/pages\/359","targetHints":{"allow":["GET"]}}],"collection":[{"href":"https:\/\/noepsiho.ro\/hu\/wp-json\/wp\/v2\/pages"}],"about":[{"href":"https:\/\/noepsiho.ro\/hu\/wp-json\/wp\/v2\/types\/page"}],"author":[{"embeddable":true,"href":"https:\/\/noepsiho.ro\/hu\/wp-json\/wp\/v2\/users\/1"}],"replies":[{"embeddable":true,"href":"https:\/\/noepsiho.ro\/hu\/wp-json\/wp\/v2\/comments?post=359"}],"version-history":[{"count":12,"href":"https:\/\/noepsiho.ro\/hu\/wp-json\/wp\/v2\/pages\/359\/revisions"}],"predecessor-version":[{"id":373,"href":"https:\/\/noepsiho.ro\/hu\/wp-json\/wp\/v2\/pages\/359\/revisions\/373"}],"wp:attachment":[{"href":"https:\/\/noepsiho.ro\/hu\/wp-json\/wp\/v2\/media?parent=359"}],"curies":[{"name":"wp","href":"https:\/\/api.w.org\/{rel}","templated":true}]}}