{"id":320,"date":"2025-11-10T16:07:03","date_gmt":"2025-11-10T14:07:03","guid":{"rendered":"https:\/\/noepsiho.ro\/?page_id=320"},"modified":"2025-11-11T09:26:03","modified_gmt":"2025-11-11T07:26:03","slug":"dolgozz-egy-vagany-helyen","status":"publish","type":"page","link":"https:\/\/noepsiho.ro\/hu\/dolgozz-egy-vagany-helyen\/","title":{"rendered":"Dolgozz vel\u00fcnk"},"content":{"rendered":"<div class=\"wpb-content-wrapper\"><p>[vc_section full_width=&#8221;stretch_row&#8221; el_class=&#8221;block-inner-top-hero&#8221;][vc_row equal_height=&#8221;yes&#8221; content_placement=&#8221;middle&#8221;][vc_column width=&#8221;1\/2&#8243;][vc_custom_heading text=&#8221;A hely, ahol a szak\u00e9rtelem \u00e9rt\u00e9ket teremt&#8221; font_container=&#8221;tag:h1|text_align:left&#8221; use_theme_fonts=&#8221;yes&#8221; css=&#8221;&#8221;][vc_custom_heading text=&#8221;\u00c9s ahol a munk\u00e1dnak s\u00falya van&#8221; use_theme_fonts=&#8221;yes&#8221; css=&#8221;&#8221; el_class=&#8221;text-navy&#8221;][vc_column_text css=&#8221;&#8221;]Kiv\u00e1l\u00f3 szakembereknek biztos\u00edtunk olyan szakmai \u00e9s emberi k\u00f6rnyezetet, ahol a fejl\u0151d\u00e9s, az egy\u00fcttm\u0171k\u00f6d\u00e9s \u00e9s a megbecs\u00fcl\u00e9s nem \u00fcres \u00edg\u00e9ret, hanem a mindennapok r\u00e9sze.<\/p>\n<p>N\u00e1lunk nem kell v\u00e1lasztanod a j\u00f3 fizet\u00e9s, az inspir\u00e1l\u00f3 munka, vagy az emberk\u00f6zeli l\u00e9gk\u00f6r k\u00f6z\u00f6tt &#8211; mindh\u00e1rmat megkapod.[\/vc_column_text][\/vc_column][vc_column width=&#8221;1\/2&#8243;][vc_single_image image=&#8221;321&#8243; img_size=&#8221;full&#8221; alignment=&#8221;center&#8221; css_animation=&#8221;fadeIn&#8221; css=&#8221;&#8221; image_hovers=&#8221;false&#8221; lazy_loading=&#8221;true&#8221; el_class=&#8221;has-reflection reflection-before reflection-after mb-0&#8243;][\/vc_column][\/vc_row][\/vc_section][vc_section full_width=&#8221;stretch_row&#8221;][vc_row equal_height=&#8221;yes&#8221; content_placement=&#8221;middle&#8221; el_class=&#8221;mb-sm&#8221;][vc_column width=&#8221;3\/4&#8243; el_class=&#8221;cornered-block small bg-green&#8221;][vc_custom_heading text=&#8221;Mi\u00e9rt vel\u00fcnk dolgozz?&#8221; font_container=&#8221;tag:h3|text_align:left&#8221; use_theme_fonts=&#8221;yes&#8221; css=&#8221;&#8221;][vc_column_text css=&#8221;&#8221; el_class=&#8221;mb-0&#8243;]<\/p>\n<ul>\n<li>Mert komolyan vessz\u00fck a szakmai szabads\u00e1got<\/li>\n<li>Mert modern m\u00f3dszerekben \u00e9s technol\u00f3gi\u00e1ban gondolkodunk<\/li>\n<li>Mert n\u00e1lunk a min\u0151s\u00e9g az els\u0151 &#8211; nem a fut\u00f3szalag<\/li>\n<li>Mert egy \u00f6sszetart\u00f3, t\u00e1mogat\u00f3 k\u00f6z\u00f6ss\u00e9g vesz k\u00f6r\u00fcl<\/li>\n<li>Mert n\u00e1lunk van t\u00e9r a fejl\u0151d\u00e9sre &#8211; nem csak pap\u00edron<\/li>\n<\/ul>\n<p>[\/vc_column_text][\/vc_column][vc_column width=&#8221;1\/4&#8243;][vc_single_image image=&#8221;334&#8243; img_size=&#8221;full&#8221; alignment=&#8221;center&#8221; css_animation=&#8221;fadeInDown&#8221; css=&#8221;&#8221; image_hovers=&#8221;false&#8221; lazy_loading=&#8221;true&#8221; el_class=&#8221;arrow-down mb-0&#8243;][\/vc_column][\/vc_row][vc_row equal_height=&#8221;yes&#8221; content_placement=&#8221;middle&#8221; el_class=&#8221;mb-sm&#8221;][vc_column width=&#8221;1\/4&#8243;][vc_single_image image=&#8221;334&#8243; img_size=&#8221;full&#8221; alignment=&#8221;center&#8221; css_animation=&#8221;fadeInDown&#8221; css=&#8221;&#8221; image_hovers=&#8221;false&#8221; lazy_loading=&#8221;true&#8221; el_class=&#8221;arrow-down flipped mb-0&#8243;][\/vc_column][vc_column width=&#8221;3\/4&#8243; el_class=&#8221;cornered-block small bg-orange&#8221;][vc_custom_heading text=&#8221;Amit biztos\u00edtunk szakembereinknek&#8221; font_container=&#8221;tag:h3|text_align:left&#8221; use_theme_fonts=&#8221;yes&#8221; css=&#8221;&#8221;][vc_column_text css=&#8221;&#8221; el_class=&#8221;mb-0&#8243;]<\/p>\n<ol>\n<li>Kiemelked\u0151en versenyk\u00e9pes juttat\u00e1si rendszer<\/li>\n<li>Komfortos, modern munkak\u00f6rnyezet<\/li>\n<li>Folyamatos tov\u00e1bbk\u00e9pz\u00e9sek, workshopok<\/li>\n<li>T\u00e1mogat\u00f3 szakmai vezet\u00e9s<\/li>\n<li>Val\u00f3di egyens\u00faly a munk\u00e1d \u00e9s az \u00e9leted k\u00f6z\u00f6tt<\/li>\n<li>Stabil h\u00e1tt\u00e9r \u00e9s hossz\u00fa t\u00e1v\u00fa karrierlehet\u0151s\u00e9g<\/li>\n<\/ol>\n<p>[\/vc_column_text][\/vc_column][\/vc_row][vc_row el_class=&#8221;mb-md&#8221;][vc_column width=&#8221;1\/12&#8243;][\/vc_column][vc_column width=&#8221;10\/12&#8243; el_class=&#8221;roundblock-navy green&#8221;][vc_custom_heading text=&#8221;A munk\u00e1d itt sz\u00e1m\u00edt&#8221; font_container=&#8221;tag:h3|text_align:center&#8221; use_theme_fonts=&#8221;yes&#8221; css=&#8221;&#8221;][vc_column_text css=&#8221;&#8221; el_class=&#8221;mb-0&#8243;]<\/p>\n<p style=\"text-align: center;\">Minden beteg egyedi, minden helyzet tan\u00edt.<br \/>\nN\u00e1lunk nem csak \u201eell\u00e1tsz\u201d:<\/p>\n<p>[\/vc_column_text][vc_row_inner el_class=&#8221;row-work-icons mt-xs mb-xs&#8221;][vc_column_inner width=&#8221;1\/3&#8243;][vc_single_image image=&#8221;351&#8243; img_size=&#8221;full&#8221; alignment=&#8221;center&#8221; css_animation=&#8221;fadeIn&#8221; css=&#8221;&#8221; image_hovers=&#8221;false&#8221; lazy_loading=&#8221;true&#8221;][vc_custom_heading text=&#8221;form\u00e1lsz&#8221; font_container=&#8221;tag:h5|text_align:center&#8221; use_theme_fonts=&#8221;yes&#8221; css=&#8221;&#8221; el_class=&#8221;text-navy&#8221;][\/vc_column_inner][vc_column_inner width=&#8221;1\/3&#8243;][vc_single_image image=&#8221;350&#8243; img_size=&#8221;full&#8221; alignment=&#8221;center&#8221; css_animation=&#8221;fadeIn&#8221; css=&#8221;&#8221; image_hovers=&#8221;false&#8221; lazy_loading=&#8221;true&#8221;][vc_custom_heading text=&#8221;fejlesztesz&#8221; font_container=&#8221;tag:h5|text_align:center&#8221; use_theme_fonts=&#8221;yes&#8221; css=&#8221;&#8221; el_class=&#8221;text-navy&#8221;][\/vc_column_inner][vc_column_inner width=&#8221;1\/3&#8243;][vc_single_image image=&#8221;349&#8243; img_size=&#8221;full&#8221; alignment=&#8221;center&#8221; css_animation=&#8221;fadeIn&#8221; css=&#8221;&#8221; image_hovers=&#8221;false&#8221; lazy_loading=&#8221;true&#8221;][vc_custom_heading text=&#8221;hozz\u00e1j\u00e1rulsz egy eg\u00e9sz r\u00e9gi\u00f3 j\u00f3l\u00e9t\u00e9hez&#8221; font_container=&#8221;tag:h5|text_align:center&#8221; use_theme_fonts=&#8221;yes&#8221; css=&#8221;&#8221; el_class=&#8221;text-navy&#8221;][\/vc_column_inner][\/vc_row_inner][vc_column_text css=&#8221;&#8221; el_class=&#8221;mb-0&#8243;]<\/p>\n<p style=\"text-align: center;\">Ha val\u00f3di hat\u00e1st szeretn\u00e9l gyakorolni az emberek \u00e9let\u00e9re &#8211; <strong>ez a te tereped<\/strong>.<\/p>\n<p>[\/vc_column_text][\/vc_column][vc_column width=&#8221;1\/12&#8243;][\/vc_column][\/vc_row][vc_row el_class=&#8221;mb-md&#8221;][vc_column width=&#8221;1\/4&#8243;][\/vc_column][vc_column width=&#8221;1\/2&#8243; el_class=&#8221;roundblock-navy green&#8221;][vc_custom_heading text=&#8221;Kiket v\u00e1runk?&#8221; font_container=&#8221;tag:h3|text_align:center&#8221; use_theme_fonts=&#8221;yes&#8221; css=&#8221;&#8221;][vc_column_text css=&#8221;&#8221; el_class=&#8221;mb-0&#8243;]Olyan szakembereket, akikben k\u00f6z\u00f6s:<\/p>\n<ul>\n<li>precizit\u00e1s<\/li>\n<li>fejl\u0151d\u00e9si v\u00e1gy<\/li>\n<li>emberk\u00f6zpont\u00fas\u00e1g<\/li>\n<li>etikus m\u0171k\u00f6d\u00e9s<\/li>\n<li>nyitotts\u00e1g a korszer\u0171 megold\u00e1sokra<\/li>\n<\/ul>\n<p>Ha ezekre magadra ismersz &#8211; n\u00e1lunk otthon leszel.[\/vc_column_text][\/vc_column][vc_column width=&#8221;1\/4&#8243;][\/vc_column][\/vc_row][\/vc_section][vc_section el_class=&#8221;block-home-aboutus workwithus&#8221;][vc_row][vc_column][vc_single_image image=&#8221;334&#8243; img_size=&#8221;full&#8221; alignment=&#8221;center&#8221; css_animation=&#8221;fadeInDown&#8221; css=&#8221;&#8221; image_hovers=&#8221;false&#8221; lazy_loading=&#8221;true&#8221; el_class=&#8221;arrow-down flipped mb-0&#8243;][\/vc_column][\/vc_row][vc_row][vc_column][vc_single_image image=&#8221;35&#8243; img_size=&#8221;full&#8221; alignment=&#8221;center&#8221; onclick=&#8221;link_image&#8221; css_animation=&#8221;fadeIn&#8221; css=&#8221;&#8221; image_hovers=&#8221;false&#8221; lazy_loading=&#8221;true&#8221; el_class=&#8221;img-team has-reflection reflection-before reflection-after mb-0&#8243;][\/vc_column][\/vc_row][vc_row el_class=&#8221;row-home-aboutus&#8221;][vc_column width=&#8221;1\/4&#8243;][\/vc_column][vc_column width=&#8221;1\/2&#8243; el_class=&#8221;col-txt cornered-block small bg-navy shadow&#8221;][vc_custom_heading text=&#8221;L\u00e9pj tov\u00e1bb a karrieredben -&#8221; font_container=&#8221;tag:h3|text_align:left&#8221; use_theme_fonts=&#8221;yes&#8221; css_animation=&#8221;fadeIn&#8221; css=&#8221;&#8221; el_class=&#8221;text-green mb-0&#8243;][vc_custom_heading text=&#8221;\u00e9s \u00e9rezd j\u00f3l magad k\u00f6zben!&#8221; use_theme_fonts=&#8221;yes&#8221; css_animation=&#8221;fadeIn&#8221; css=&#8221;&#8221;][vc_column_text css=&#8221;&#8221;]Itt nemcsak dolgozol: r\u00e9sze vagy valami jobbnak.<br \/>\nEgy olyan szakmai k\u00f6z\u00f6ss\u00e9gnek, ahol \u00e9rt\u00e9kelik az id\u0151det, munk\u00e1dat, \u00f6tleteidet.[\/vc_column_text][\/vc_column][vc_column width=&#8221;1\/4&#8243;][\/vc_column][\/vc_row][vc_row el_class=&#8221;row-home-contact-form cornered-block workwithus&#8221;][vc_column]\n<div class=\"wpcf7 no-js\" id=\"wpcf7-f346-o1\" lang=\"hu-HU\" dir=\"ltr\" data-wpcf7-id=\"346\">\n<div class=\"screen-reader-response\"><p role=\"status\" aria-live=\"polite\" aria-atomic=\"true\"><\/p> <ul><\/ul><\/div>\n<form action=\"\/hu\/wp-json\/wp\/v2\/pages\/320#wpcf7-f346-o1\" method=\"post\" class=\"wpcf7-form init\" aria-label=\"Kapcsolatfelv\u00e9teli \u0171rlap\" novalidate=\"novalidate\" data-status=\"init\">\n<div style=\"display: none;\">\n<input type=\"hidden\" name=\"_wpcf7\" value=\"346\" \/>\n<input type=\"hidden\" name=\"_wpcf7_version\" value=\"6.0\" \/>\n<input type=\"hidden\" name=\"_wpcf7_locale\" value=\"hu_HU\" \/>\n<input type=\"hidden\" name=\"_wpcf7_unit_tag\" value=\"wpcf7-f346-o1\" \/>\n<input type=\"hidden\" name=\"_wpcf7_container_post\" value=\"0\" \/>\n<input type=\"hidden\" name=\"_wpcf7_posted_data_hash\" value=\"\" \/>\n<\/div>\n<p><span class=\"wpcf7-form-control-wrap\" data-name=\"your-name\"><input size=\"40\" maxlength=\"400\" class=\"wpcf7-form-control wpcf7-text wpcf7-validates-as-required\" autocomplete=\"name\" aria-required=\"true\" aria-invalid=\"false\" placeholder=\"Teljes n\u00e9v\" value=\"\" type=\"text\" name=\"your-name\" \/><\/span>\n<\/p>\n<div class=\"field-row\">\n\t<p class=\"w50\"><span class=\"wpcf7-form-control-wrap\" data-name=\"your-email\"><input size=\"40\" maxlength=\"400\" class=\"wpcf7-form-control wpcf7-email wpcf7-validates-as-required wpcf7-text wpcf7-validates-as-email\" autocomplete=\"email\" aria-required=\"true\" aria-invalid=\"false\" placeholder=\"Email c\u00edm\" value=\"\" type=\"email\" name=\"your-email\" \/><\/span>\n\t<\/p>\n\t<p class=\"w50\"><span class=\"wpcf7-form-control-wrap\" data-name=\"your-phone\"><input size=\"40\" maxlength=\"400\" class=\"wpcf7-form-control wpcf7-text wpcf7-validates-as-required\" aria-required=\"true\" aria-invalid=\"false\" placeholder=\"Telefonsz\u00e1m\" value=\"\" type=\"text\" name=\"your-phone\" \/><\/span>\n\t<\/p>\n<\/div>\n<p><span class=\"wpcf7-form-control-wrap\" data-name=\"your-message\"><textarea cols=\"40\" rows=\"4\" maxlength=\"2000\" class=\"wpcf7-form-control wpcf7-textarea\" aria-invalid=\"false\" placeholder=\"Bemutatkoz\u00e1s\" name=\"your-message\"><\/textarea><\/span><br \/>\n<span class=\"wpcf7-form-control-wrap\" data-name=\"acceptance-553\"><span class=\"wpcf7-form-control wpcf7-acceptance\"><span class=\"wpcf7-list-item\"><label><input type=\"checkbox\" name=\"acceptance-553\" value=\"1\" aria-invalid=\"false\" \/><span class=\"wpcf7-list-item-label\">Ezen \u0171rlap kit\u00f6lt\u00e9s\u00e9vel \u00e9s elk\u00fcld\u00e9s\u00e9vel beleegyezek az adataimnak az oldalon val\u00f3 t\u00e1rol\u00e1s\u00e1hoz \u00e9s kezel\u00e9s\u00e9hez a v\u00e1lasz \u00e9rdek\u00e9ben.<\/span><\/label><\/span><\/span><\/span><br \/>\n<input class=\"wpcf7-form-control wpcf7-submit has-spinner\" type=\"submit\" value=\"Elk\u00fcld\" \/>\n<\/p><div class=\"wpcf7-response-output\" aria-hidden=\"true\"><\/div>\n<\/form>\n<\/div>\n[\/vc_column][\/vc_row][\/vc_section]<\/p>\n<\/div>","protected":false},"excerpt":{"rendered":"<p>[vc_section full_width=&#8221;stretch_row&#8221; el_class=&#8221;block-inner-top-hero&#8221;][vc_row equal_height=&#8221;yes&#8221; content_placement=&#8221;middle&#8221;][vc_column width=&#8221;1\/2&#8243;][vc_custom_heading text=&#8221;A hely, ahol a szak\u00e9rtelem \u00e9rt\u00e9ket teremt&#8221; font_container=&#8221;tag:h1|text_align:left&#8221; use_theme_fonts=&#8221;yes&#8221; css=&#8221;&#8221;][vc_custom_heading text=&#8221;\u00c9s ahol a munk\u00e1dnak s\u00falya van&#8221; use_theme_fonts=&#8221;yes&#8221; css=&#8221;&#8221; el_class=&#8221;text-navy&#8221;][vc_column_text css=&#8221;&#8221;]Kiv\u00e1l\u00f3 szakembereknek biztos\u00edtunk olyan szakmai \u00e9s emberi k\u00f6rnyezetet, ahol a fejl\u0151d\u00e9s, az egy\u00fcttm\u0171k\u00f6d\u00e9s \u00e9s a megbecs\u00fcl\u00e9s nem \u00fcres \u00edg\u00e9ret, hanem a mindennapok r\u00e9sze. N\u00e1lunk nem kell v\u00e1lasztanod a j\u00f3 fizet\u00e9s,&hellip;<\/p>\n","protected":false},"author":1,"featured_media":0,"parent":0,"menu_order":0,"comment_status":"closed","ping_status":"closed","template":"","meta":{"footnotes":""},"class_list":["post-320","page","type-page","status-publish","hentry","description-off"],"_links":{"self":[{"href":"https:\/\/noepsiho.ro\/hu\/wp-json\/wp\/v2\/pages\/320","targetHints":{"allow":["GET"]}}],"collection":[{"href":"https:\/\/noepsiho.ro\/hu\/wp-json\/wp\/v2\/pages"}],"about":[{"href":"https:\/\/noepsiho.ro\/hu\/wp-json\/wp\/v2\/types\/page"}],"author":[{"embeddable":true,"href":"https:\/\/noepsiho.ro\/hu\/wp-json\/wp\/v2\/users\/1"}],"replies":[{"embeddable":true,"href":"https:\/\/noepsiho.ro\/hu\/wp-json\/wp\/v2\/comments?post=320"}],"version-history":[{"count":23,"href":"https:\/\/noepsiho.ro\/hu\/wp-json\/wp\/v2\/pages\/320\/revisions"}],"predecessor-version":[{"id":352,"href":"https:\/\/noepsiho.ro\/hu\/wp-json\/wp\/v2\/pages\/320\/revisions\/352"}],"wp:attachment":[{"href":"https:\/\/noepsiho.ro\/hu\/wp-json\/wp\/v2\/media?parent=320"}],"curies":[{"name":"wp","href":"https:\/\/api.w.org\/{rel}","templated":true}]}}