{"id":310,"date":"2025-11-10T15:07:54","date_gmt":"2025-11-10T13:07:54","guid":{"rendered":"https:\/\/noepsiho.ro\/?page_id=310"},"modified":"2025-11-27T13:32:39","modified_gmt":"2025-11-27T11:32:39","slug":"neurologiai-szakrendeles","status":"publish","type":"page","link":"https:\/\/noepsiho.ro\/hu\/szolgaltatasaink\/neurologiai-szakrendeles\/","title":{"rendered":"Neurol\u00f3giai szakrendel\u00e9s"},"content":{"rendered":"<div class=\"wpb-content-wrapper\"><p>[vc_section full_width=&#8221;stretch_row&#8221; el_class=&#8221;block-inner-top-hero&#8221;][vc_row equal_height=&#8221;yes&#8221; content_placement=&#8221;middle&#8221;][vc_column width=&#8221;1\/2&#8243;][vc_custom_heading source=&#8221;post_title&#8221; font_container=&#8221;tag:h1|text_align:left&#8221; use_theme_fonts=&#8221;yes&#8221; css=&#8221;&#8221;][vc_custom_heading text=&#8221;Szak\u00e9rt\u0151 seg\u00edts\u00e9g az idegrendszeri t\u00fcnetek \u00e9s betegs\u00e9gek h\u00e1tter\u00e9nek felt\u00e1r\u00e1s\u00e1ban&#8221; use_theme_fonts=&#8221;yes&#8221; css=&#8221;&#8221; el_class=&#8221;text-navy&#8221;][\/vc_column][vc_column width=&#8221;1\/2&#8243;][vc_column_text css=&#8221;&#8221; el_class=&#8221;mb-0&#8243;]A neurol\u00f3giai szakrendel\u00e9s az idegrendszer m\u0171k\u00f6d\u00e9s\u00e9vel kapcsolatos t\u00fcnetek \u00e9s betegs\u00e9gek kivizsg\u00e1l\u00e1s\u00e1ra \u00e9s kezel\u00e9s\u00e9re f\u00f3kusz\u00e1l. Ha fejf\u00e1j\u00e1ssal, sz\u00e9d\u00fcl\u00e9ssel, v\u00e9gtagzsibbad\u00e1ssal, mem\u00f3riazavarral vagy m\u00e1s idegrendszeri panasszal k\u00fczd, neurol\u00f3gusaink seg\u00edtenek megtal\u00e1lni a pontos okot \u00e9s a leghat\u00e9konyabb kezel\u00e9st.[\/vc_column_text][\/vc_column][\/vc_row][\/vc_section][vc_section][vc_row gap=&#8221;35&#8243; equal_height=&#8221;yes&#8221; content_placement=&#8221;middle&#8221;][vc_column width=&#8221;2\/3&#8243;][vc_custom_heading text=&#8221;Milyen probl\u00e9m\u00e1kra ny\u00fajt megold\u00e1st a neurol\u00f3gia?&#8221; font_container=&#8221;tag:h3|text_align:left&#8221; use_theme_fonts=&#8221;yes&#8221; css=&#8221;&#8221;][vc_column_text css=&#8221;&#8221; el_class=&#8221;mb-0&#8243;]<\/p>\n<ul>\n<li><b>Fejf\u00e1j\u00e1s \u00e9s migr\u00e9n kezel\u00e9se<\/b><b><br \/>\n<\/b> A visszat\u00e9r\u0151 fejf\u00e1j\u00e1s okainak felt\u00e1r\u00e1sa \u00e9s tart\u00f3s megold\u00e1sok biztos\u00edt\u00e1sa.<\/li>\n<li><b>Sz\u00e9d\u00fcl\u00e9s, egyens\u00falyzavarok vizsg\u00e1lata<\/b><b><br \/>\n<\/b> A bels\u0151 f\u00fcl, kering\u00e9s vagy idegrendszer \u00e9rintetts\u00e9g\u00e9nek tiszt\u00e1z\u00e1sa.<\/li>\n<li><b>Idegi eredet\u0171 f\u00e1jdalmak \u00e9s zsibbad\u00e1s<\/b><b><br \/>\n<\/b> Pl. \u00fcl\u0151ideg-gyullad\u00e1s, alag\u00fat szindr\u00f3ma, neurop\u00e1ti\u00e1k kivizsg\u00e1l\u00e1sa.<\/li>\n<li><b>Mem\u00f3ria- \u00e9s kognit\u00edv probl\u00e9m\u00e1k<\/b><b><br \/>\n<\/b> Demencia korai felismer\u00e9se, \u00e9letmin\u0151s\u00e9get jav\u00edt\u00f3 kezel\u00e9sek.<\/li>\n<li><b>Mozg\u00e1szavarok<br \/>\n<\/b>Pl. v\u00e9gtagremeg\u00e9s, Parkinson-k\u00f3r t\u00fcneteinek diagnosztik\u00e1ja \u00e9s k\u00f6vet\u00e9se.<\/li>\n<\/ul>\n<p>[\/vc_column_text][\/vc_column][vc_column width=&#8221;1\/3&#8243;][vc_single_image image=&#8221;313&#8243; img_size=&#8221;full&#8221; alignment=&#8221;center&#8221; css_animation=&#8221;fadeIn&#8221; css=&#8221;&#8221; image_hovers=&#8221;false&#8221; lazy_loading=&#8221;true&#8221; el_class=&#8221;has-reflection reflection-before reflection-after mb-0&#8243;][\/vc_column][\/vc_row][\/vc_section][vc_section full_width=&#8221;stretch_row&#8221;][vc_row el_class=&#8221;mb-sm&#8221;][vc_column width=&#8221;3\/4&#8243; el_class=&#8221;cornered-block small bg-green&#8221;][vc_custom_heading text=&#8221;Hogyan zajlik a neurol\u00f3giai vizsg\u00e1lat?&#8221; font_container=&#8221;tag:h3|text_align:left&#8221; use_theme_fonts=&#8221;yes&#8221; css=&#8221;&#8221;][vc_column_text css=&#8221;&#8221; el_class=&#8221;mb-0&#8243;]<\/p>\n<ol>\n<li><b> R\u00e9szletes \u00e1llapotfelm\u00e9r\u00e9s<\/b><b><br \/>\n<\/b> Megbesz\u00e9lj\u00fck a jelentkez\u0151 t\u00fcneteket, kor\u00e1bbi betegs\u00e9geket \u00e9s \u00e9letm\u00f3di t\u00e9nyez\u0151ket.<\/li>\n<li><b> Fizik\u00e1lis \u00e9s idegrendszeri vizsg\u00e1lat<\/b><b><br \/>\n<\/b> Reflexek, egyens\u00faly, mozg\u00e1skoordin\u00e1ci\u00f3 \u00e9s \u00e9rz\u00e9kel\u00e9si funkci\u00f3k ellen\u0151rz\u00e9se.<\/li>\n<li><b> Sz\u00fcks\u00e9g szerinti m\u0171szeres diagnosztika<\/b><b><br \/>\n<\/b> Pl. MRI, CT, ENG\/EMG vizsg\u00e1latok javaslata \u2013 a pontos diagn\u00f3zis\u00e9rt.<\/li>\n<li><b>Szem\u00e9lyre szabott kezel\u00e9si terv<br \/>\n<\/b>Gy\u00f3gyszeres vagy \u00e9letm\u00f3dbeli javaslatok, kontrollvizsg\u00e1latok.<\/li>\n<\/ol>\n<p>[\/vc_column_text][\/vc_column][vc_column width=&#8221;1\/4&#8243;][\/vc_column][\/vc_row][vc_row][vc_column width=&#8221;1\/4&#8243;][\/vc_column][vc_column width=&#8221;3\/4&#8243; el_class=&#8221;cornered-block small bg-orange&#8221;][vc_custom_heading text=&#8221;Mi\u00e9rt \u00e9rdemes ig\u00e9nybe venni a neurol\u00f3giai szolg\u00e1ltat\u00e1st?&#8221; font_container=&#8221;tag:h3|text_align:left&#8221; use_theme_fonts=&#8221;yes&#8221; css=&#8221;&#8221;][vc_column_text css=&#8221;&#8221; el_class=&#8221;mb-0&#8243;]<\/p>\n<ol>\n<li><b>Pontos diagn\u00f3zis modern m\u00f3dszerekkel<\/b><b><br \/>\n<\/b> Az okok felt\u00e1r\u00e1sa kulcs a hat\u00e9kony kezel\u00e9shez.<\/li>\n<li><b>Tapasztalt, hozz\u00e1\u00e9rt\u0151 szakorvosok<\/b><b><br \/>\n<\/b> Akik emp\u00e1ti\u00e1val \u00e9s t\u00fcrelemmel k\u00eds\u00e9rik v\u00e9gig a folyamatot.<\/li>\n<li><b>Gyors beavatkoz\u00e1s \u2192 jobb \u00e9letmin\u0151s\u00e9g<\/b><b><br \/>\n<\/b> A neurol\u00f3giai probl\u00e9m\u00e1k korai felismer\u00e9se megel\u0151zheti a s\u00falyosbod\u00e1st.<br \/>\n<b><\/b><\/li>\n<li><b>Elhivatotts\u00e1g az \u00d6n eg\u00e9szs\u00e9ge ir\u00e1nt<\/b><b><br \/>\n<\/b> Fontos sz\u00e1munkra, hogy visszanyerje testi-lelki egyens\u00faly\u00e1t.<\/li>\n<\/ol>\n<p>[\/vc_column_text][\/vc_column][\/vc_row][\/vc_section][vc_section][vc_row el_class=&#8221;row-home-contact-form cornered-block&#8221;][vc_column][vc_custom_heading text=&#8221;L\u00e9pjen a gy\u00f3gyul\u00e1s \u00fatj\u00e1ra!&#8221; font_container=&#8221;tag:h2|text_align:center&#8221; use_theme_fonts=&#8221;yes&#8221; css=&#8221;&#8221;][vc_column_text css=&#8221;&#8221;]<\/p>\n<p style=\"text-align: center;\">K\u00e9rjen id\u0151pontot \u00e9s pr\u00f3b\u00e1lja ki, hogyan jav\u00edthatja \u00e9letmin\u0151s\u00e9g\u00e9t!<\/p>\n<p>[\/vc_column_text]<style type=\"text\/css\" data-type=\"the7_shortcodes-inline-css\">#default-btn-27203632cf865125b3140f8979c91d91.ico-right-side > i {\n  margin-right: 0px;\n  margin-left: 8px;\n}\n#default-btn-27203632cf865125b3140f8979c91d91 > i {\n  margin-right: 8px;\n}\n<\/style><div class=\"btn-align-center\"><a href=\"\/hu\/kapcsolat\/#!\/book\" class=\"default-btn-shortcode dt-btn dt-btn-m fadeInUp animate-element animation-builder link-hover-off \" id=\"default-btn-27203632cf865125b3140f8979c91d91\"><i class=\"icomoon-the7-font-the7-phone-06\"><\/i><span>Id\u0151pontfoglal\u00e1s<\/span><\/a><\/div>[\/vc_column][\/vc_row][\/vc_section]<\/p>\n<\/div>","protected":false},"excerpt":{"rendered":"<p>[vc_section full_width=&#8221;stretch_row&#8221; el_class=&#8221;block-inner-top-hero&#8221;][vc_row equal_height=&#8221;yes&#8221; content_placement=&#8221;middle&#8221;][vc_column width=&#8221;1\/2&#8243;][vc_custom_heading source=&#8221;post_title&#8221; font_container=&#8221;tag:h1|text_align:left&#8221; use_theme_fonts=&#8221;yes&#8221; css=&#8221;&#8221;][vc_custom_heading text=&#8221;Szak\u00e9rt\u0151 seg\u00edts\u00e9g az idegrendszeri t\u00fcnetek \u00e9s betegs\u00e9gek h\u00e1tter\u00e9nek felt\u00e1r\u00e1s\u00e1ban&#8221; use_theme_fonts=&#8221;yes&#8221; css=&#8221;&#8221; el_class=&#8221;text-navy&#8221;][\/vc_column][vc_column width=&#8221;1\/2&#8243;][vc_column_text css=&#8221;&#8221; el_class=&#8221;mb-0&#8243;]A neurol\u00f3giai szakrendel\u00e9s az idegrendszer m\u0171k\u00f6d\u00e9s\u00e9vel kapcsolatos t\u00fcnetek \u00e9s betegs\u00e9gek kivizsg\u00e1l\u00e1s\u00e1ra \u00e9s kezel\u00e9s\u00e9re f\u00f3kusz\u00e1l. Ha fejf\u00e1j\u00e1ssal, sz\u00e9d\u00fcl\u00e9ssel, v\u00e9gtagzsibbad\u00e1ssal, mem\u00f3riazavarral vagy m\u00e1s idegrendszeri panasszal k\u00fczd, neurol\u00f3gusaink seg\u00edtenek megtal\u00e1lni a pontos okot \u00e9s&hellip;<\/p>\n","protected":false},"author":1,"featured_media":0,"parent":139,"menu_order":0,"comment_status":"closed","ping_status":"closed","template":"","meta":{"footnotes":""},"class_list":["post-310","page","type-page","status-publish","hentry","description-off"],"_links":{"self":[{"href":"https:\/\/noepsiho.ro\/hu\/wp-json\/wp\/v2\/pages\/310","targetHints":{"allow":["GET"]}}],"collection":[{"href":"https:\/\/noepsiho.ro\/hu\/wp-json\/wp\/v2\/pages"}],"about":[{"href":"https:\/\/noepsiho.ro\/hu\/wp-json\/wp\/v2\/types\/page"}],"author":[{"embeddable":true,"href":"https:\/\/noepsiho.ro\/hu\/wp-json\/wp\/v2\/users\/1"}],"replies":[{"embeddable":true,"href":"https:\/\/noepsiho.ro\/hu\/wp-json\/wp\/v2\/comments?post=310"}],"version-history":[{"count":6,"href":"https:\/\/noepsiho.ro\/hu\/wp-json\/wp\/v2\/pages\/310\/revisions"}],"predecessor-version":[{"id":559,"href":"https:\/\/noepsiho.ro\/hu\/wp-json\/wp\/v2\/pages\/310\/revisions\/559"}],"up":[{"embeddable":true,"href":"https:\/\/noepsiho.ro\/hu\/wp-json\/wp\/v2\/pages\/139"}],"wp:attachment":[{"href":"https:\/\/noepsiho.ro\/hu\/wp-json\/wp\/v2\/media?parent=310"}],"curies":[{"name":"wp","href":"https:\/\/api.w.org\/{rel}","templated":true}]}}