{"id":3,"date":"2024-11-14T11:33:55","date_gmt":"2024-11-14T10:33:55","guid":{"rendered":"http:\/\/localhost\/noe\/?page_id=3"},"modified":"2025-11-10T15:01:47","modified_gmt":"2025-11-10T13:01:47","slug":"politica-de-confidentialitate","status":"publish","type":"page","link":"https:\/\/noepsiho.ro\/hu\/politica-de-confidentialitate\/","title":{"rendered":"Politica de Confiden\u021bialitate \u2013 NOE PSIHOCENTER SRL"},"content":{"rendered":"\n<h2 class=\"wp-block-heading\">Politica de Confiden\u021bialitate \u2013 NOE PSIHOCENTER SRL<\/h2>\n\n\n\n<h3 class=\"wp-block-heading\">I. Informa\u021bii generale<\/h3>\n\n\n\n<p>Confiden\u021bialitatea datelor dumneavoastr\u0103 cu caracter personal reprezint\u0103 una dintre preocup\u0103rile principale ale NOE PSIHOCENTER SRL, cu sediul \u00een T\u00e2rgu Mure\u0219, Str. Gheorghe Doja nr. 97, Ap. 2, Cod 547525, Rom\u00e2nia, \u00een calitate de operator de date, av\u00e2nd CUI: 30871090.<\/p>\n\n\n\n<p>Acest document are rolul de a v\u0103 informa cu privire la prelucrarea datelor dumneavoastr\u0103 cu caracter personal \u00een contextul utiliz\u0103rii paginii de internet noepsiho.ro.<\/p>\n\n\n\n<h3 class=\"wp-block-heading\">II. Categoriile de date cu caracter personal prelucrate<\/h3>\n\n\n\n<p>Dac\u0103 sunte\u021bi vizitator al Site-ului, NOE PSIHOCENTER SRL va prelucra datele pe care le furniza\u021bi direct, de exemplu cele introduse \u00een formularele de contact \/ program\u0103ri \/ \u00eentreb\u0103ri \/ reclama\u021bii, precum \u0219i date colectate automat prin cookie-uri (detalii \u00een Politica de Cookies).<\/p>\n\n\n\n<h3 class=\"wp-block-heading\">III. Scopurile \u0219i temeiurile prelucr\u0103rii<\/h3>\n\n\n\n<h4 class=\"wp-block-heading\">III.1. Dac\u0103 sunte\u021bi client al Site-ului<\/h4>\n\n\n\n<p>Datele pot fi prelucrate \u00een urm\u0103toarele scopuri:<\/p>\n\n\n\n<ul class=\"wp-block-list\">\n<li>gestionarea \u0219i prestarea serviciilor medicale, inclusiv program\u0103ri \u0219i emiterea documentelor necesare<br><\/li>\n\n\n\n<li>\u00eendeplinirea obliga\u021biilor legale (inclusiv cele fiscale \u0219i cele privind arhivarea documentelor medicale \u0219i contabile)<\/li>\n<\/ul>\n\n\n\n<p>Prelucrarea datelor \u00een aceste scopuri este necesar\u0103 pentru furnizarea serviciilor medicale.<\/p>\n\n\n\n<h4 class=\"wp-block-heading\">III.2. Dac\u0103 sunte\u021bi vizitator al Site-ului<\/h4>\n\n\n\n<p>Datele pot fi prelucrate \u00een urm\u0103toarele scopuri:<\/p>\n\n\n\n<ul class=\"wp-block-list\">\n<li>solu\u021bionarea cererilor, \u00eentreb\u0103rilor \u0219i reclama\u021biilor<br><\/li>\n\n\n\n<li>monitorizarea traficului \u0219i \u00eembun\u0103t\u0103\u021birea func\u021bion\u0103rii Site-ului<br><\/li>\n<\/ul>\n\n\n\n<p>Temei: interesul legitim al operatorului de a asigura func\u021bionarea corespunz\u0103toare a Site-ului \u0219i \u00eembun\u0103t\u0103\u021birea experien\u021bei utilizatorilor.<\/p>\n\n\n\n<h3 class=\"wp-block-heading\">IV. Durata prelucr\u0103rii datelor<\/h3>\n\n\n\n<p>Datele sunt p\u0103strate:<\/p>\n\n\n\n<ul class=\"wp-block-list\">\n<li>pe durata necesar\u0103 prest\u0103rii serviciilor medicale \u0219i \u00eendeplinirii obliga\u021biilor legale<br><\/li>\n\n\n\n<li>ulterior, conform termenelor de arhivare prev\u0103zute de legisla\u021bia \u00een vigoare (inclusiv \u00een domeniul medical)<br><\/li>\n<\/ul>\n\n\n\n<h3 class=\"wp-block-heading\">V. Dezv\u0103luirea datelor cu caracter personal<\/h3>\n\n\n\n<p>Datele dumneavoastr\u0103 pot fi dezv\u0103luite:<\/p>\n\n\n\n<ul class=\"wp-block-list\">\n<li>prestatorilor de servicii IT \u0219i altor furnizori contractuali<br><\/li>\n\n\n\n<li>autorit\u0103\u021bilor publice, atunci c\u00e2nd legisla\u021bia impune acest lucru<br><\/li>\n\n\n\n<li>altor entit\u0103\u021bi medicale, exclusiv cu respectarea legisla\u021biei privind confiden\u021bialitatea medical\u0103<\/li>\n<\/ul>\n\n\n\n<p>NOE PSIHOCENTER SRL asigur\u0103 faptul c\u0103 toate p\u0103r\u021bile c\u0103tre care se transmit datele aplic\u0103 m\u0103suri adecvate de protec\u021bie.<\/p>\n\n\n\n<h3 class=\"wp-block-heading\">VI. Transferul datelor \u00een afara \u021b\u0103rii<\/h3>\n\n\n\n<p>Datele pot fi transferate doar c\u0103tre state din Uniunea European\u0103, care ofer\u0103 un nivel adecvat de protec\u021bie a datelor.<\/p>\n\n\n\n<h3 class=\"wp-block-heading\">VII. Drepturile persoanelor vizate<\/h3>\n\n\n\n<p>\u00cen conformitate cu Regulamentul (UE) 679\/2016 (GDPR), ave\u021bi urm\u0103toarele drepturi:<\/p>\n\n\n\n<ul class=\"wp-block-list\">\n<li>dreptul la informare<br><\/li>\n\n\n\n<li>dreptul de acces la date<br><\/li>\n\n\n\n<li>dreptul la rectificare<br><\/li>\n\n\n\n<li>dreptul la \u0219tergere (\u201edreptul de a fi uitat\u201d)<br><\/li>\n\n\n\n<li>dreptul la restric\u021bionarea prelucr\u0103rii<br><\/li>\n\n\n\n<li>dreptul la portabilitatea datelor<br><\/li>\n\n\n\n<li>dreptul la opozi\u021bie, din motive legate de situa\u021bia dumneavoastr\u0103 particular\u0103<br><\/li>\n\n\n\n<li>dreptul de a nu fi supus unei decizii automate, inclusiv profilare<br><\/li>\n\n\n\n<li>dreptul de a depune pl\u00e2ngere la Autoritatea Na\u021bional\u0103 de Supraveghere a Prelucr\u0103rii Datelor cu Caracter Personal<br><\/li>\n<\/ul>\n\n\n\n<p>Pentru exercitarea acestor drepturi, ne pute\u021bi contacta la:<br>\ud83d\udce7 info@noepsiho.ro<\/p>\n\n\n\n<h3 class=\"wp-block-heading\">VIII. Cookie-uri<\/h3>\n\n\n\n<p>Acest Site utilizeaz\u0103 fi\u0219iere de tip cookie pentru \u00eembun\u0103t\u0103\u021birea experien\u021bei de navigare. Detalii suplimentare sunt disponibile \u00een Politica de Cookies.<\/p>\n","protected":false},"excerpt":{"rendered":"<p>Politica de Confiden\u021bialitate \u2013 NOE PSIHOCENTER SRL I. Informa\u021bii generale Confiden\u021bialitatea datelor dumneavoastr\u0103 cu caracter personal reprezint\u0103 una dintre preocup\u0103rile principale ale NOE PSIHOCENTER SRL, cu sediul \u00een T\u00e2rgu Mure\u0219, Str. Gheorghe Doja nr. 97, Ap. 2, Cod 547525, Rom\u00e2nia, \u00een calitate de operator de date, av\u00e2nd CUI: 30871090. Acest document are rolul de a&hellip;<\/p>\n","protected":false},"author":1,"featured_media":0,"parent":0,"menu_order":0,"comment_status":"closed","ping_status":"open","template":"","meta":{"footnotes":""},"class_list":["post-3","page","type-page","status-publish","hentry","description-off"],"_links":{"self":[{"href":"https:\/\/noepsiho.ro\/hu\/wp-json\/wp\/v2\/pages\/3","targetHints":{"allow":["GET"]}}],"collection":[{"href":"https:\/\/noepsiho.ro\/hu\/wp-json\/wp\/v2\/pages"}],"about":[{"href":"https:\/\/noepsiho.ro\/hu\/wp-json\/wp\/v2\/types\/page"}],"author":[{"embeddable":true,"href":"https:\/\/noepsiho.ro\/hu\/wp-json\/wp\/v2\/users\/1"}],"replies":[{"embeddable":true,"href":"https:\/\/noepsiho.ro\/hu\/wp-json\/wp\/v2\/comments?post=3"}],"version-history":[{"count":2,"href":"https:\/\/noepsiho.ro\/hu\/wp-json\/wp\/v2\/pages\/3\/revisions"}],"predecessor-version":[{"id":309,"href":"https:\/\/noepsiho.ro\/hu\/wp-json\/wp\/v2\/pages\/3\/revisions\/309"}],"wp:attachment":[{"href":"https:\/\/noepsiho.ro\/hu\/wp-json\/wp\/v2\/media?parent=3"}],"curies":[{"name":"wp","href":"https:\/\/api.w.org\/{rel}","templated":true}]}}