{"id":270,"date":"2025-11-05T18:35:04","date_gmt":"2025-11-05T16:35:04","guid":{"rendered":"https:\/\/noepsiho.ro\/?page_id=270"},"modified":"2025-11-27T13:31:04","modified_gmt":"2025-11-27T11:31:04","slug":"gyermekpszichologia","status":"publish","type":"page","link":"https:\/\/noepsiho.ro\/hu\/szolgaltatasaink\/gyermekpszichologia\/","title":{"rendered":"Gyermekpszichol\u00f3gia"},"content":{"rendered":"<div class=\"wpb-content-wrapper\"><p>[vc_section full_width=&#8221;stretch_row&#8221; el_class=&#8221;block-inner-top-hero&#8221;][vc_row equal_height=&#8221;yes&#8221; content_placement=&#8221;middle&#8221;][vc_column width=&#8221;1\/2&#8243;][vc_custom_heading source=&#8221;post_title&#8221; font_container=&#8221;tag:h1|text_align:left&#8221; use_theme_fonts=&#8221;yes&#8221; css=&#8221;&#8221;][vc_custom_heading text=&#8221;K\u00eds\u00e9rj\u00fck gyermek\u00e9t a lelki fejl\u0151d\u00e9s \u00fatj\u00e1n&#8221; use_theme_fonts=&#8221;yes&#8221; css=&#8221;&#8221; el_class=&#8221;text-navy&#8221;][\/vc_column][vc_column width=&#8221;1\/2&#8243;][vc_column_text css=&#8221;&#8221; el_class=&#8221;mb-0&#8243;]A gyermekek \u00e9rzelmi \u00e9s pszichol\u00f3giai fejl\u0151d\u00e9se k\u00fcl\u00f6nleges figyelmet ig\u00e9nyel, hiszen \u00e9let\u00fck els\u0151 szakaszaiban alakulnak ki a j\u00f6v\u0151beli kapcsolataik \u00e9s szem\u00e9lyis\u00e9g\u00fck alapjai. A gyermekpszichol\u00f3giai szolg\u00e1ltat\u00e1sunk c\u00e9lja, hogy t\u00e1mogassuk a gyermekeket azokban az id\u0151szakokban, amikor lelki neh\u00e9zs\u00e9gekkel vagy szoci\u00e1lis kih\u00edv\u00e1sokkal tal\u00e1lkoznak.[\/vc_column_text][\/vc_column][\/vc_row][\/vc_section][vc_section][vc_row gap=&#8221;35&#8243; equal_height=&#8221;yes&#8221; content_placement=&#8221;middle&#8221;][vc_column width=&#8221;2\/3&#8243;][vc_custom_heading text=&#8221;Szolg\u00e1ltat\u00e1saink f\u00f3kusz\u00e1ban&#8221; font_container=&#8221;tag:h3|text_align:left&#8221; use_theme_fonts=&#8221;yes&#8221; css=&#8221;&#8221;][vc_column_text css=&#8221;&#8221; el_class=&#8221;mb-0&#8243;]<\/p>\n<ul>\n<li aria-level=\"1\"><b>Emocion\u00e1lis intelligencia fejleszt\u00e9se:<\/b> A gyermekek \u00e9rzelmeik felismer\u00e9s\u00e9re, kifejez\u00e9s\u00e9re \u00e9s kezel\u00e9s\u00e9re tanulnak, ez\u00e1ltal el\u0151seg\u00edtve a szoci\u00e1lis k\u00e9szs\u00e9gek fejl\u0151d\u00e9s\u00e9t.<\/li>\n<li aria-level=\"1\"><b>Iskolai alkalmazkod\u00e1s:<\/b> Seg\u00edt\u00fcnk a gyermekeknek az iskolai k\u00f6rnyezethez val\u00f3 alkalmazkod\u00e1sban, hogy a tanul\u00e1s \u00e9s a szoci\u00e1lis kapcsolatok ne jelentsenek sz\u00e1mukra stresszt.<\/li>\n<li aria-level=\"1\"><b>Szoci\u00e1lis kapcsolatok t\u00e1mogat\u00e1sa:<\/b> A bar\u00e1ti \u00e9s csal\u00e1di kapcsolatokban felmer\u00fcl\u0151 neh\u00e9zs\u00e9gek megold\u00e1sa, p\u00e9ld\u00e1ul beilleszked\u00e9si probl\u00e9m\u00e1k, konfliktusok kezel\u00e9se.<\/li>\n<li aria-level=\"1\"><b>Traum\u00e1k kezel\u00e9se:<\/b> Seg\u00edt\u00fcnk a gyermekeknek feldolgozni a neh\u00e9z \u00e9lm\u00e9nyeket, legyen sz\u00f3 csal\u00e1di probl\u00e9m\u00e1kr\u00f3l, vesztes\u00e9gekr\u0151l vagy b\u00e1rmilyen m\u00e1s traum\u00e1r\u00f3l.<\/li>\n<\/ul>\n<p>[\/vc_column_text][\/vc_column][vc_column width=&#8221;1\/3&#8243;][vc_single_image image=&#8221;271&#8243; img_size=&#8221;full&#8221; alignment=&#8221;center&#8221; css_animation=&#8221;fadeIn&#8221; css=&#8221;&#8221; image_hovers=&#8221;false&#8221; lazy_loading=&#8221;true&#8221; el_class=&#8221;has-reflection reflection-before reflection-after mb-0&#8243;][\/vc_column][\/vc_row][\/vc_section][vc_section full_width=&#8221;stretch_row&#8221;][vc_row el_class=&#8221;mb-sm&#8221;][vc_column width=&#8221;3\/4&#8243; el_class=&#8221;cornered-block small bg-green&#8221;][vc_custom_heading text=&#8221;Hogyan dolgozunk?&#8221; font_container=&#8221;tag:h3|text_align:left&#8221; use_theme_fonts=&#8221;yes&#8221; css=&#8221;&#8221;][vc_column_text css=&#8221;&#8221; el_class=&#8221;mb-0&#8243;]<\/p>\n<ul>\n<li aria-level=\"1\"><b>Egy\u00e9ni megk\u00f6zel\u00edt\u00e9s:<\/b> Mivel minden gyermek m\u00e1s, a ter\u00e1pia szem\u00e9lyre szabottan \u00e9p\u00fcl fel, a gyermek \u00e9letkori saj\u00e1toss\u00e1gait \u00e9s egy\u00e9ni ig\u00e9nyeit figyelembe v\u00e9ve.<\/li>\n<li aria-level=\"1\"><b>J\u00e1t\u00e9kos ter\u00e1pia:<\/b> K\u00fcl\u00f6nb\u00f6z\u0151 kreat\u00edv m\u00f3dszereket (pl. rajzol\u00e1s, j\u00e1t\u00e9k, mes\u00e9k) alkalmazunk, hogy seg\u00edthess\u00fck a gyermekeket kifejezni \u00e9rz\u00e9seiket \u00e9s meg\u00e9rteni probl\u00e9m\u00e1ikat.<\/li>\n<li aria-level=\"1\"><b>Sz\u00fcl\u0151i konzult\u00e1ci\u00f3k: <\/b>Mivel a sz\u00fcl\u0151k kulcsszerepl\u0151k a gyermekek fejl\u0151d\u00e9s\u00e9ben, rendszeres konzult\u00e1ci\u00f3k biztos\u00edtj\u00e1k, hogy \u00d6n is akt\u00edvan r\u00e9szt vehessen a ter\u00e1pi\u00e1s folyamatban.<\/li>\n<\/ul>\n<p>[\/vc_column_text][\/vc_column][vc_column width=&#8221;1\/4&#8243;][\/vc_column][\/vc_row][\/vc_section][vc_section full_width=&#8221;stretch_row&#8221; el_class=&#8221;bg-navy&#8221;][vc_row][vc_column][vc_custom_heading text=&#8221;Mi\u00e9rt v\u00e1lasszon minket?&#8221; font_container=&#8221;tag:h3|text_align:center&#8221; use_theme_fonts=&#8221;yes&#8221; css=&#8221;&#8221; el_class=&#8221;mb-sm&#8221;][\/vc_column][\/vc_row][vc_row gap=&#8221;35&#8243;][vc_column width=&#8221;1\/3&#8243;][vc_custom_heading text=&#8221;K\u00e9pzett \u00e9s empatikus szakemberek&#8221; font_container=&#8221;tag:h4|text_align:center&#8221; use_theme_fonts=&#8221;yes&#8221; css=&#8221;&#8221; el_class=&#8221;text-navy&#8221;][vc_column_text css=&#8221;&#8221;]<\/p>\n<p style=\"text-align: center;\">Tapasztalt gyermekpszichol\u00f3gusok seg\u00edtenek abban, hogy gyermek\u00e9nek a legjobb pszichol\u00f3giai t\u00e1mogat\u00e1st biztos\u00edtsuk.<\/p>\n<p>[\/vc_column_text][\/vc_column][vc_column width=&#8221;1\/3&#8243;][vc_custom_heading text=&#8221;Biztons\u00e1gos \u00e9s t\u00e1mogat\u00f3 k\u00f6rnyezet&#8221; font_container=&#8221;tag:h4|text_align:center&#8221; use_theme_fonts=&#8221;yes&#8221; css=&#8221;&#8221; el_class=&#8221;text-navy&#8221;][vc_column_text css=&#8221;&#8221;]<\/p>\n<p style=\"text-align: center;\">C\u00e9lunk, hogy a gyermekek biztons\u00e1gban, nyugodt l\u00e9gk\u00f6rben dolgozhassanak \u00f6n\u00e1ll\u00f3an a neh\u00e9zs\u00e9geiken.<\/p>\n<p>[\/vc_column_text][\/vc_column][vc_column width=&#8221;1\/3&#8243;][vc_custom_heading text=&#8221;Hossz\u00fa t\u00e1v\u00fa fejl\u0151d\u00e9s&#8221; font_container=&#8221;tag:h4|text_align:center&#8221; use_theme_fonts=&#8221;yes&#8221; css=&#8221;&#8221; el_class=&#8221;text-navy&#8221;][vc_column_text css=&#8221;&#8221;]<\/p>\n<p style=\"text-align: center;\">Szolg\u00e1ltat\u00e1saink nemcsak a pillanatnyi probl\u00e9m\u00e1k megold\u00e1s\u00e1ra \u00f6sszpontos\u00edtanak, hanem a gyermekek hossz\u00fa t\u00e1v\u00fa \u00e9rzelmi fejl\u0151d\u00e9s\u00e9re is.<\/p>\n<p>[\/vc_column_text][\/vc_column][\/vc_row][\/vc_section][vc_section][vc_row el_class=&#8221;row-home-contact-form cornered-block&#8221;][vc_column][vc_custom_heading text=&#8221;Vegye fel vel\u00fcnk a kapcsolatot!&#8221; font_container=&#8221;tag:h2|text_align:center&#8221; use_theme_fonts=&#8221;yes&#8221; css=&#8221;&#8221;][vc_column_text css=&#8221;&#8221;]<\/p>\n<p style=\"text-align: center;\">Ha \u00fagy \u00e9rzi, hogy gyermek\u00e9nek sz\u00fcks\u00e9ge van pszichol\u00f3giai seg\u00edts\u00e9gre, l\u00e9pjen vel\u00fcnk kapcsolatba. K\u00e9rjen id\u0151pontot, \u00e9s kezdj\u00fck el k\u00f6z\u00f6sen a munk\u00e1t gyermek\u00e9nek lelki j\u00f3l\u00e9te \u00e9rdek\u00e9ben!<\/p>\n<p>[\/vc_column_text]<style type=\"text\/css\" data-type=\"the7_shortcodes-inline-css\">#default-btn-df7bfad5877ed742d04f46d6cd8bb6f7.ico-right-side > i {\n  margin-right: 0px;\n  margin-left: 8px;\n}\n#default-btn-df7bfad5877ed742d04f46d6cd8bb6f7 > i {\n  margin-right: 8px;\n}\n<\/style><div class=\"btn-align-center\"><a href=\"\/hu\/kapcsolat\/#!\/book\" class=\"default-btn-shortcode dt-btn dt-btn-m fadeInUp animate-element animation-builder link-hover-off \" id=\"default-btn-df7bfad5877ed742d04f46d6cd8bb6f7\" title=\"Kapcsolat\"><i class=\"icomoon-the7-font-the7-phone-06\"><\/i><span>Id\u0151pontfoglal\u00e1s<\/span><\/a><\/div>[\/vc_column][\/vc_row][\/vc_section]<\/p>\n<\/div>","protected":false},"excerpt":{"rendered":"<p>[vc_section full_width=&#8221;stretch_row&#8221; el_class=&#8221;block-inner-top-hero&#8221;][vc_row equal_height=&#8221;yes&#8221; content_placement=&#8221;middle&#8221;][vc_column width=&#8221;1\/2&#8243;][vc_custom_heading source=&#8221;post_title&#8221; font_container=&#8221;tag:h1|text_align:left&#8221; use_theme_fonts=&#8221;yes&#8221; css=&#8221;&#8221;][vc_custom_heading text=&#8221;K\u00eds\u00e9rj\u00fck gyermek\u00e9t a lelki fejl\u0151d\u00e9s \u00fatj\u00e1n&#8221; use_theme_fonts=&#8221;yes&#8221; css=&#8221;&#8221; el_class=&#8221;text-navy&#8221;][\/vc_column][vc_column width=&#8221;1\/2&#8243;][vc_column_text css=&#8221;&#8221; el_class=&#8221;mb-0&#8243;]A gyermekek \u00e9rzelmi \u00e9s pszichol\u00f3giai fejl\u0151d\u00e9se k\u00fcl\u00f6nleges figyelmet ig\u00e9nyel, hiszen \u00e9let\u00fck els\u0151 szakaszaiban alakulnak ki a j\u00f6v\u0151beli kapcsolataik \u00e9s szem\u00e9lyis\u00e9g\u00fck alapjai. A gyermekpszichol\u00f3giai szolg\u00e1ltat\u00e1sunk c\u00e9lja, hogy t\u00e1mogassuk a gyermekeket azokban az id\u0151szakokban, amikor lelki&hellip;<\/p>\n","protected":false},"author":1,"featured_media":0,"parent":139,"menu_order":0,"comment_status":"closed","ping_status":"closed","template":"","meta":{"footnotes":""},"class_list":["post-270","page","type-page","status-publish","hentry","description-off"],"_links":{"self":[{"href":"https:\/\/noepsiho.ro\/hu\/wp-json\/wp\/v2\/pages\/270","targetHints":{"allow":["GET"]}}],"collection":[{"href":"https:\/\/noepsiho.ro\/hu\/wp-json\/wp\/v2\/pages"}],"about":[{"href":"https:\/\/noepsiho.ro\/hu\/wp-json\/wp\/v2\/types\/page"}],"author":[{"embeddable":true,"href":"https:\/\/noepsiho.ro\/hu\/wp-json\/wp\/v2\/users\/1"}],"replies":[{"embeddable":true,"href":"https:\/\/noepsiho.ro\/hu\/wp-json\/wp\/v2\/comments?post=270"}],"version-history":[{"count":3,"href":"https:\/\/noepsiho.ro\/hu\/wp-json\/wp\/v2\/pages\/270\/revisions"}],"predecessor-version":[{"id":556,"href":"https:\/\/noepsiho.ro\/hu\/wp-json\/wp\/v2\/pages\/270\/revisions\/556"}],"up":[{"embeddable":true,"href":"https:\/\/noepsiho.ro\/hu\/wp-json\/wp\/v2\/pages\/139"}],"wp:attachment":[{"href":"https:\/\/noepsiho.ro\/hu\/wp-json\/wp\/v2\/media?parent=270"}],"curies":[{"name":"wp","href":"https:\/\/api.w.org\/{rel}","templated":true}]}}