{"id":267,"date":"2025-11-05T18:26:01","date_gmt":"2025-11-05T16:26:01","guid":{"rendered":"https:\/\/noepsiho.ro\/?page_id=267"},"modified":"2025-11-27T13:30:39","modified_gmt":"2025-11-27T11:30:39","slug":"gyermekpszichiatria","status":"publish","type":"page","link":"https:\/\/noepsiho.ro\/hu\/szolgaltatasaink\/gyermekpszichiatria\/","title":{"rendered":"Gyermekpszichi\u00e1tria"},"content":{"rendered":"<div class=\"wpb-content-wrapper\"><p>[vc_section full_width=&#8221;stretch_row&#8221; el_class=&#8221;block-inner-top-hero&#8221;][vc_row equal_height=&#8221;yes&#8221; content_placement=&#8221;middle&#8221;][vc_column width=&#8221;1\/2&#8243;][vc_custom_heading source=&#8221;post_title&#8221; font_container=&#8221;tag:h1|text_align:left&#8221; use_theme_fonts=&#8221;yes&#8221; css=&#8221;&#8221;][vc_custom_heading text=&#8221;Seg\u00edts\u00e9g gyermekek lelki eg\u00e9szs\u00e9g\u00e9hez&#8221; use_theme_fonts=&#8221;yes&#8221; css=&#8221;&#8221; el_class=&#8221;text-navy&#8221;][\/vc_column][vc_column width=&#8221;1\/2&#8243;][vc_column_text css=&#8221;&#8221; el_class=&#8221;mb-0&#8243;]A gyermekek lelki fejl\u0151d\u00e9se \u00e9s j\u00f3l\u00e9te alapvet\u0151en meghat\u00e1rozza k\u00e9s\u0151bbi \u00e9letmin\u0151s\u00e9g\u00fcket. A gyermekpszichi\u00e1triai szolg\u00e1ltat\u00e1saink c\u00e9lja, hogy t\u00e1mogassuk a fiatalokat, akik szorong\u00e1ssal, depresszi\u00f3val, viselked\u00e9si probl\u00e9m\u00e1kkal vagy m\u00e1s ment\u00e1lis eg\u00e9szs\u00e9gi kih\u00edv\u00e1sokkal k\u00fczdenek. Tapasztalt szakembereink figyelemmel k\u00eds\u00e9rik a gyermekek egyedi sz\u00fcks\u00e9gleteit, \u00e9s szem\u00e9lyre szabott kezel\u00e9si tervet k\u00e9sz\u00edtenek a sz\u00e1mukra.[\/vc_column_text][\/vc_column][\/vc_row][\/vc_section][vc_section][vc_row gap=&#8221;35&#8243; equal_height=&#8221;yes&#8221; content_placement=&#8221;middle&#8221;][vc_column width=&#8221;2\/3&#8243;][vc_custom_heading text=&#8221;Hogyan seg\u00edthet\u00fcnk gyermek\u00e9nek?&#8221; font_container=&#8221;tag:h3|text_align:left&#8221; use_theme_fonts=&#8221;yes&#8221; css=&#8221;&#8221;][vc_column_text css=&#8221;&#8221; el_class=&#8221;mb-0&#8243;]Szolg\u00e1ltat\u00e1saink sz\u00e9les k\u00f6rben seg\u00edtenek a k\u00f6vetkez\u0151 probl\u00e9m\u00e1k kezel\u00e9s\u00e9ben:<\/p>\n<ul>\n<li aria-level=\"1\">Szorong\u00e1sos zavarok (pl. p\u00e1nikbetegs\u00e9g, t\u00falzott f\u00e9lelmek)<\/li>\n<li aria-level=\"1\">Depresszi\u00f3 \u00e9s hangulatzavarok<\/li>\n<li aria-level=\"1\">Viselked\u00e9si probl\u00e9m\u00e1k (pl. agresszi\u00f3, figyelemzavar)<\/li>\n<li aria-level=\"1\">Tanul\u00e1si \u00e9s fejl\u0151d\u00e9si neh\u00e9zs\u00e9gek<\/li>\n<li aria-level=\"1\">Alv\u00e1szavarok<\/li>\n<li aria-level=\"1\">Szoci\u00e1lis kapcsolati neh\u00e9zs\u00e9gek<\/li>\n<\/ul>\n<p>[\/vc_column_text][\/vc_column][vc_column width=&#8221;1\/3&#8243;][vc_single_image image=&#8221;268&#8243; img_size=&#8221;full&#8221; alignment=&#8221;center&#8221; css_animation=&#8221;fadeIn&#8221; css=&#8221;&#8221; image_hovers=&#8221;false&#8221; lazy_loading=&#8221;true&#8221; el_class=&#8221;has-reflection reflection-before reflection-after mb-0&#8243;][\/vc_column][\/vc_row][\/vc_section][vc_section full_width=&#8221;stretch_row&#8221;][vc_row el_class=&#8221;mb-sm&#8221;][vc_column width=&#8221;3\/4&#8243; el_class=&#8221;cornered-block small bg-green&#8221;][vc_custom_heading text=&#8221;Mi\u00e9rt v\u00e1lasszon minket?&#8221; font_container=&#8221;tag:h3|text_align:left&#8221; use_theme_fonts=&#8221;yes&#8221; css=&#8221;&#8221;][vc_column_text css=&#8221;&#8221; el_class=&#8221;mb-0&#8243;]A gyermekpszichi\u00e1triai kezel\u00e9seink egyediek \u00e9s teljes k\u00f6r\u0171ek. K\u00f6zpontunkban minden sz\u00fcks\u00e9ges szakember el\u00e9rhet\u0151, hogy gyermek\u00e9nek a legjobb t\u00e1mogat\u00e1st ny\u00fajtsuk. Pszichi\u00e1terek, pszichol\u00f3gusok \u00e9s m\u00e1s szakemberek egy\u00fctt dolgoznak annak \u00e9rdek\u00e9ben, hogy megtal\u00e1lj\u00e1k a leghat\u00e9konyabb megold\u00e1st, amely seg\u00edti gyermek\u00e9t a fejl\u0151d\u00e9sben \u00e9s a lelki egyens\u00faly visszaszerz\u00e9s\u00e9ben.[\/vc_column_text][\/vc_column][vc_column width=&#8221;1\/4&#8243;][\/vc_column][\/vc_row][vc_row][vc_column width=&#8221;1\/4&#8243;][\/vc_column][vc_column width=&#8221;3\/4&#8243; el_class=&#8221;cornered-block small bg-orange&#8221;][vc_custom_heading text=&#8221;Hogyan zajlik a kezel\u00e9s?&#8221; font_container=&#8221;tag:h3|text_align:left&#8221; use_theme_fonts=&#8221;yes&#8221; css=&#8221;&#8221;][vc_column_text css=&#8221;&#8221; el_class=&#8221;mb-0&#8243;]<\/p>\n<ol>\n<li aria-level=\"1\"><b>Els\u0151 tal\u00e1lkoz\u00e1s:<\/b> \u00c1tfog\u00f3 \u00e1llapotfelm\u00e9r\u00e9s a gyermek sz\u00fcks\u00e9gleteinek meg\u00e9rt\u00e9s\u00e9re.<\/li>\n<li aria-level=\"1\"><b>Egy\u00e9ni kezel\u00e9si terv:<\/b> A gyermek egy\u00e9ni ig\u00e9nyeihez igazod\u00f3 terv kidolgoz\u00e1sa, amely pszichoter\u00e1pi\u00e1s foglalkoz\u00e1sokat \u00e9s sz\u00fcks\u00e9g eset\u00e9n gy\u00f3gyszeres kezel\u00e9st is tartalmazhat.<\/li>\n<li aria-level=\"1\"><b>T\u00e1mogat\u00e1s \u00e9s nyomon k\u00f6vet\u00e9s: <\/b>Rendszeres konzult\u00e1ci\u00f3k a gyermek fejl\u0151d\u00e9s\u00e9nek figyelemmel k\u00eds\u00e9r\u00e9s\u00e9re \u00e9s a kezel\u00e9s hat\u00e9konys\u00e1g\u00e1nak biztos\u00edt\u00e1s\u00e1ra.<\/li>\n<\/ol>\n<p>[\/vc_column_text][\/vc_column][\/vc_row][\/vc_section][vc_section][vc_row el_class=&#8221;row-home-contact-form cornered-block&#8221;][vc_column][vc_custom_heading text=&#8221;Vegye fel vel\u00fcnk a kapcsolatot!&#8221; font_container=&#8221;tag:h2|text_align:center&#8221; use_theme_fonts=&#8221;yes&#8221; css=&#8221;&#8221;][vc_column_text css=&#8221;&#8221;]<\/p>\n<p style=\"text-align: center;\">Ha \u00fagy \u00e9rzi, hogy gyermek\u00e9nek sz\u00fcks\u00e9ge van szak\u00e9rt\u0151i seg\u00edts\u00e9gre, forduljon hozz\u00e1nk bizalommal. K\u00e9rjen id\u0151pontot, \u00e9s seg\u00edt\u00fcnk megtal\u00e1lni a legmegfelel\u0151bb megold\u00e1st gyermek\u00e9nek lelki j\u00f3l\u00e9te \u00e9rdek\u00e9ben!<\/p>\n<p>[\/vc_column_text]<style type=\"text\/css\" data-type=\"the7_shortcodes-inline-css\">#default-btn-df7bfad5877ed742d04f46d6cd8bb6f7.ico-right-side > i {\n  margin-right: 0px;\n  margin-left: 8px;\n}\n#default-btn-df7bfad5877ed742d04f46d6cd8bb6f7 > i {\n  margin-right: 8px;\n}\n<\/style><div class=\"btn-align-center\"><a href=\"\/hu\/kapcsolat\/#!\/book\" class=\"default-btn-shortcode dt-btn dt-btn-m fadeInUp animate-element animation-builder link-hover-off \" id=\"default-btn-df7bfad5877ed742d04f46d6cd8bb6f7\" title=\"Kapcsolat\"><i class=\"icomoon-the7-font-the7-phone-06\"><\/i><span>Id\u0151pontfoglal\u00e1s<\/span><\/a><\/div>[\/vc_column][\/vc_row][\/vc_section]<\/p>\n<\/div>","protected":false},"excerpt":{"rendered":"<p>[vc_section full_width=&#8221;stretch_row&#8221; el_class=&#8221;block-inner-top-hero&#8221;][vc_row equal_height=&#8221;yes&#8221; content_placement=&#8221;middle&#8221;][vc_column width=&#8221;1\/2&#8243;][vc_custom_heading source=&#8221;post_title&#8221; font_container=&#8221;tag:h1|text_align:left&#8221; use_theme_fonts=&#8221;yes&#8221; css=&#8221;&#8221;][vc_custom_heading text=&#8221;Seg\u00edts\u00e9g gyermekek lelki eg\u00e9szs\u00e9g\u00e9hez&#8221; use_theme_fonts=&#8221;yes&#8221; css=&#8221;&#8221; el_class=&#8221;text-navy&#8221;][\/vc_column][vc_column width=&#8221;1\/2&#8243;][vc_column_text css=&#8221;&#8221; el_class=&#8221;mb-0&#8243;]A gyermekek lelki fejl\u0151d\u00e9se \u00e9s j\u00f3l\u00e9te alapvet\u0151en meghat\u00e1rozza k\u00e9s\u0151bbi \u00e9letmin\u0151s\u00e9g\u00fcket. A gyermekpszichi\u00e1triai szolg\u00e1ltat\u00e1saink c\u00e9lja, hogy t\u00e1mogassuk a fiatalokat, akik szorong\u00e1ssal, depresszi\u00f3val, viselked\u00e9si probl\u00e9m\u00e1kkal vagy m\u00e1s ment\u00e1lis eg\u00e9szs\u00e9gi kih\u00edv\u00e1sokkal k\u00fczdenek. Tapasztalt szakembereink figyelemmel k\u00eds\u00e9rik a gyermekek egyedi&hellip;<\/p>\n","protected":false},"author":1,"featured_media":0,"parent":139,"menu_order":0,"comment_status":"closed","ping_status":"closed","template":"","meta":{"footnotes":""},"class_list":["post-267","page","type-page","status-publish","hentry","description-off"],"_links":{"self":[{"href":"https:\/\/noepsiho.ro\/hu\/wp-json\/wp\/v2\/pages\/267","targetHints":{"allow":["GET"]}}],"collection":[{"href":"https:\/\/noepsiho.ro\/hu\/wp-json\/wp\/v2\/pages"}],"about":[{"href":"https:\/\/noepsiho.ro\/hu\/wp-json\/wp\/v2\/types\/page"}],"author":[{"embeddable":true,"href":"https:\/\/noepsiho.ro\/hu\/wp-json\/wp\/v2\/users\/1"}],"replies":[{"embeddable":true,"href":"https:\/\/noepsiho.ro\/hu\/wp-json\/wp\/v2\/comments?post=267"}],"version-history":[{"count":4,"href":"https:\/\/noepsiho.ro\/hu\/wp-json\/wp\/v2\/pages\/267\/revisions"}],"predecessor-version":[{"id":555,"href":"https:\/\/noepsiho.ro\/hu\/wp-json\/wp\/v2\/pages\/267\/revisions\/555"}],"up":[{"embeddable":true,"href":"https:\/\/noepsiho.ro\/hu\/wp-json\/wp\/v2\/pages\/139"}],"wp:attachment":[{"href":"https:\/\/noepsiho.ro\/hu\/wp-json\/wp\/v2\/media?parent=267"}],"curies":[{"name":"wp","href":"https:\/\/api.w.org\/{rel}","templated":true}]}}