{"id":256,"date":"2025-11-05T18:04:20","date_gmt":"2025-11-05T16:04:20","guid":{"rendered":"https:\/\/noepsiho.ro\/?page_id=256"},"modified":"2025-11-27T13:34:06","modified_gmt":"2025-11-27T11:34:06","slug":"pszichoterapia","status":"publish","type":"page","link":"https:\/\/noepsiho.ro\/hu\/szolgaltatasaink\/pszichoterapia\/","title":{"rendered":"Pszichoter\u00e1pia"},"content":{"rendered":"<div class=\"wpb-content-wrapper\"><p>[vc_section full_width=&#8221;stretch_row&#8221; el_class=&#8221;block-inner-top-hero&#8221;][vc_row equal_height=&#8221;yes&#8221; content_placement=&#8221;middle&#8221;][vc_column width=&#8221;1\/2&#8243;][vc_custom_heading source=&#8221;post_title&#8221; font_container=&#8221;tag:h1|text_align:left&#8221; use_theme_fonts=&#8221;yes&#8221; css=&#8221;&#8221;][vc_custom_heading text=&#8221;M\u00e9lyrehat\u00f3 v\u00e1ltoz\u00e1s \u00e9s gy\u00f3gyul\u00e1s&#8221; use_theme_fonts=&#8221;yes&#8221; css=&#8221;&#8221; el_class=&#8221;text-navy&#8221;][\/vc_column][vc_column width=&#8221;1\/2&#8243;][vc_column_text css=&#8221;&#8221; el_class=&#8221;mb-0&#8243;]A pszichoter\u00e1pia hossz\u00fa t\u00e1v\u00fa t\u00e1mogat\u00e1st ny\u00fajt a lelki probl\u00e9m\u00e1k feldolgoz\u00e1s\u00e1ban \u00e9s a ment\u00e1lis eg\u00e9szs\u00e9g helyre\u00e1ll\u00edt\u00e1s\u00e1ban. Pszichoterapeut\u00e1ink seg\u00edtenek felt\u00e1rni a probl\u00e9m\u00e1k gy\u00f6kereit, \u00e9s biztons\u00e1gos, t\u00e1mogat\u00f3 k\u00f6rnyezetben dolgoznak a v\u00e1ltoz\u00e1s \u00e9rdek\u00e9ben.[\/vc_column_text][\/vc_column][\/vc_row][\/vc_section][vc_section][vc_row gap=&#8221;35&#8243; equal_height=&#8221;yes&#8221; content_placement=&#8221;middle&#8221;][vc_column width=&#8221;2\/3&#8243;][vc_custom_heading text=&#8221;Kinek aj\u00e1nljuk a pszichoter\u00e1pi\u00e1t?&#8221; font_container=&#8221;tag:h3|text_align:left&#8221; use_theme_fonts=&#8221;yes&#8221; css=&#8221;&#8221;][vc_column_text css=&#8221;&#8221; el_class=&#8221;mb-0&#8243;]<\/p>\n<ul>\n<li aria-level=\"1\"><b>Depresszi\u00f3 \u00e9s szorong\u00e1s:<\/b> Seg\u00edt\u00fcnk az \u00e9rzelmi neh\u00e9zs\u00e9gek kezel\u00e9s\u00e9ben \u00e9s a bels\u0151 egyens\u00faly helyre\u00e1ll\u00edt\u00e1s\u00e1ban.<\/li>\n<li aria-level=\"1\"><b>Traum\u00e1k feldolgoz\u00e1sa:<\/b> T\u00e1mogatjuk a m\u00faltb\u00e9li s\u00e9r\u00fcl\u00e9sek \u00e9s traum\u00e1k feldolgoz\u00e1s\u00e1t.<\/li>\n<li aria-level=\"1\"><b>P\u00e1rkapcsolati probl\u00e9m\u00e1k:<\/b> H\u00e1zass\u00e1gi vagy p\u00e1rkapcsolati neh\u00e9zs\u00e9gekkel k\u00fczd\u0151 p\u00e1rok sz\u00e1m\u00e1ra k\u00edn\u00e1lunk megold\u00e1st.<\/li>\n<li aria-level=\"1\"><b>Ment\u00e1lis eg\u00e9szs\u00e9g\u00fcgyi probl\u00e9m\u00e1k: <\/b>Pszichoter\u00e1pi\u00e1s megk\u00f6zel\u00edt\u00e9ssel dolgozunk az olyan kih\u00edv\u00e1sok kezel\u00e9s\u00e9ben, mint p\u00e9ld\u00e1ul az OCD, a PTSD vagy az ev\u00e9szavarok.<\/li>\n<\/ul>\n<p>[\/vc_column_text][\/vc_column][vc_column width=&#8221;1\/3&#8243;][vc_single_image image=&#8221;257&#8243; img_size=&#8221;full&#8221; alignment=&#8221;center&#8221; css_animation=&#8221;fadeIn&#8221; css=&#8221;&#8221; image_hovers=&#8221;false&#8221; lazy_loading=&#8221;true&#8221; el_class=&#8221;has-reflection reflection-before reflection-after mb-0&#8243;][\/vc_column][\/vc_row][\/vc_section][vc_section full_width=&#8221;stretch_row&#8221;][vc_row][vc_column width=&#8221;1\/4&#8243;][\/vc_column][vc_column width=&#8221;3\/4&#8243; el_class=&#8221;cornered-block small bg-orange&#8221;][vc_custom_heading text=&#8221;Hogyan zajlik a pszichoter\u00e1pia?&#8221; font_container=&#8221;tag:h3|text_align:left&#8221; use_theme_fonts=&#8221;yes&#8221; css=&#8221;&#8221;][vc_column_text css=&#8221;&#8221; el_class=&#8221;mb-0&#8243;]<\/p>\n<ol>\n<li aria-level=\"1\"><b>Kezdeti konzult\u00e1ci\u00f3:<\/b> Az els\u0151 alkalom sor\u00e1n felt\u00e1rjuk a probl\u00e9m\u00e1t \u00e9s megtervezz\u00fck a ter\u00e1pi\u00e1s folyamatot.<\/li>\n<li aria-level=\"1\"><b>Rendszeres \u00fcl\u00e9sek:<\/b> H\u00e9tr\u0151l h\u00e9tre dolgozunk egy\u00fctt a c\u00e9lok el\u00e9r\u00e9s\u00e9n.<\/li>\n<li aria-level=\"1\"><b>Eredm\u00e9nyek nyomon k\u00f6vet\u00e9se: <\/b>A ter\u00e1pia sor\u00e1n folyamatosan \u00e9rt\u00e9kelj\u00fck a halad\u00e1st, \u00e9s \u00faj c\u00e9lokat t\u0171z\u00fcnk ki, ha sz\u00fcks\u00e9ges.<\/li>\n<\/ol>\n<p>[\/vc_column_text][\/vc_column][\/vc_row][\/vc_section][vc_section full_width=&#8221;stretch_row&#8221; el_class=&#8221;bg-navy&#8221;][vc_row][vc_column][vc_custom_heading text=&#8221;Mi\u00e9rt v\u00e1lassza a pszichoter\u00e1pi\u00e1t?&#8221; font_container=&#8221;tag:h3|text_align:center&#8221; use_theme_fonts=&#8221;yes&#8221; css=&#8221;&#8221; el_class=&#8221;mb-sm&#8221;][\/vc_column][\/vc_row][vc_row gap=&#8221;35&#8243;][vc_column width=&#8221;1\/3&#8243;][vc_custom_heading text=&#8221;M\u00e9lyebb probl\u00e9m\u00e1k felt\u00e1r\u00e1sa&#8221; font_container=&#8221;tag:h4|text_align:center&#8221; use_theme_fonts=&#8221;yes&#8221; css=&#8221;&#8221; el_class=&#8221;text-navy&#8221;][vc_column_text css=&#8221;&#8221;]<\/p>\n<p style=\"text-align: center;\">Seg\u00edt\u00fcnk meg\u00e9rteni a neh\u00e9zs\u00e9gek gy\u00f6kereit.<\/p>\n<p>[\/vc_column_text][\/vc_column][vc_column width=&#8221;1\/3&#8243;][vc_custom_heading text=&#8221;Hossz\u00fa t\u00e1v\u00fa megold\u00e1sok&#8221; font_container=&#8221;tag:h4|text_align:center&#8221; use_theme_fonts=&#8221;yes&#8221; css=&#8221;&#8221; el_class=&#8221;text-navy&#8221;][vc_column_text css=&#8221;&#8221;]<\/p>\n<p style=\"text-align: center;\">A pszichoter\u00e1pia tart\u00f3s v\u00e1ltoz\u00e1st \u00e9rhet el az \u00e9letmin\u0151s\u00e9g\u00e9ben.<\/p>\n<p>[\/vc_column_text][\/vc_column][vc_column width=&#8221;1\/3&#8243;][vc_custom_heading text=&#8221;Empatikus t\u00e1mogat\u00e1s&#8221; font_container=&#8221;tag:h4|text_align:center&#8221; use_theme_fonts=&#8221;yes&#8221; css=&#8221;&#8221; el_class=&#8221;text-navy&#8221;][vc_column_text css=&#8221;&#8221;]<\/p>\n<p style=\"text-align: center;\">Biztons\u00e1gos \u00e9s \u00edt\u00e9lkez\u00e9smentes l\u00e9gk\u00f6rben dolgozunk \u00d6nnel.<\/p>\n<p>[\/vc_column_text][\/vc_column][\/vc_row][\/vc_section][vc_section][vc_row el_class=&#8221;row-home-contact-form cornered-block&#8221;][vc_column][vc_custom_heading text=&#8221;L\u00e9pjen a gy\u00f3gyul\u00e1s \u00fatj\u00e1ra!&#8221; font_container=&#8221;tag:h2|text_align:center&#8221; use_theme_fonts=&#8221;yes&#8221; css=&#8221;&#8221;][vc_column_text css=&#8221;&#8221;]<\/p>\n<p style=\"text-align: center;\">Ha \u00fagy \u00e9rzi, hogy seg\u00edts\u00e9gre van sz\u00fcks\u00e9ge, vegye fel vel\u00fcnk a kapcsolatot!<\/p>\n<p style=\"text-align: center;\"><strong>Forduljanak hozz\u00e1nk bizalommal!<\/strong><\/p>\n<p>[\/vc_column_text]<style type=\"text\/css\" data-type=\"the7_shortcodes-inline-css\">#default-btn-df7bfad5877ed742d04f46d6cd8bb6f7.ico-right-side > i {\n  margin-right: 0px;\n  margin-left: 8px;\n}\n#default-btn-df7bfad5877ed742d04f46d6cd8bb6f7 > i {\n  margin-right: 8px;\n}\n<\/style><div class=\"btn-align-center\"><a href=\"\/hu\/kapcsolat\/#!\/book\" class=\"default-btn-shortcode dt-btn dt-btn-m fadeInUp animate-element animation-builder link-hover-off \" id=\"default-btn-df7bfad5877ed742d04f46d6cd8bb6f7\" title=\"Kapcsolat\"><i class=\"icomoon-the7-font-the7-phone-06\"><\/i><span>Id\u0151pontfoglal\u00e1s<\/span><\/a><\/div>[\/vc_column][\/vc_row][\/vc_section]<\/p>\n<\/div>","protected":false},"excerpt":{"rendered":"<p>[vc_section full_width=&#8221;stretch_row&#8221; el_class=&#8221;block-inner-top-hero&#8221;][vc_row equal_height=&#8221;yes&#8221; content_placement=&#8221;middle&#8221;][vc_column width=&#8221;1\/2&#8243;][vc_custom_heading source=&#8221;post_title&#8221; font_container=&#8221;tag:h1|text_align:left&#8221; use_theme_fonts=&#8221;yes&#8221; css=&#8221;&#8221;][vc_custom_heading text=&#8221;M\u00e9lyrehat\u00f3 v\u00e1ltoz\u00e1s \u00e9s gy\u00f3gyul\u00e1s&#8221; use_theme_fonts=&#8221;yes&#8221; css=&#8221;&#8221; el_class=&#8221;text-navy&#8221;][\/vc_column][vc_column width=&#8221;1\/2&#8243;][vc_column_text css=&#8221;&#8221; el_class=&#8221;mb-0&#8243;]A pszichoter\u00e1pia hossz\u00fa t\u00e1v\u00fa t\u00e1mogat\u00e1st ny\u00fajt a lelki probl\u00e9m\u00e1k feldolgoz\u00e1s\u00e1ban \u00e9s a ment\u00e1lis eg\u00e9szs\u00e9g helyre\u00e1ll\u00edt\u00e1s\u00e1ban. Pszichoterapeut\u00e1ink seg\u00edtenek felt\u00e1rni a probl\u00e9m\u00e1k gy\u00f6kereit, \u00e9s biztons\u00e1gos, t\u00e1mogat\u00f3 k\u00f6rnyezetben dolgoznak a v\u00e1ltoz\u00e1s \u00e9rdek\u00e9ben.[\/vc_column_text][\/vc_column][\/vc_row][\/vc_section][vc_section][vc_row gap=&#8221;35&#8243; equal_height=&#8221;yes&#8221; content_placement=&#8221;middle&#8221;][vc_column width=&#8221;2\/3&#8243;][vc_custom_heading text=&#8221;Kinek aj\u00e1nljuk a&hellip;<\/p>\n","protected":false},"author":1,"featured_media":0,"parent":139,"menu_order":0,"comment_status":"closed","ping_status":"closed","template":"","meta":{"footnotes":""},"class_list":["post-256","page","type-page","status-publish","hentry","description-off"],"_links":{"self":[{"href":"https:\/\/noepsiho.ro\/hu\/wp-json\/wp\/v2\/pages\/256","targetHints":{"allow":["GET"]}}],"collection":[{"href":"https:\/\/noepsiho.ro\/hu\/wp-json\/wp\/v2\/pages"}],"about":[{"href":"https:\/\/noepsiho.ro\/hu\/wp-json\/wp\/v2\/types\/page"}],"author":[{"embeddable":true,"href":"https:\/\/noepsiho.ro\/hu\/wp-json\/wp\/v2\/users\/1"}],"replies":[{"embeddable":true,"href":"https:\/\/noepsiho.ro\/hu\/wp-json\/wp\/v2\/comments?post=256"}],"version-history":[{"count":3,"href":"https:\/\/noepsiho.ro\/hu\/wp-json\/wp\/v2\/pages\/256\/revisions"}],"predecessor-version":[{"id":561,"href":"https:\/\/noepsiho.ro\/hu\/wp-json\/wp\/v2\/pages\/256\/revisions\/561"}],"up":[{"embeddable":true,"href":"https:\/\/noepsiho.ro\/hu\/wp-json\/wp\/v2\/pages\/139"}],"wp:attachment":[{"href":"https:\/\/noepsiho.ro\/hu\/wp-json\/wp\/v2\/media?parent=256"}],"curies":[{"name":"wp","href":"https:\/\/api.w.org\/{rel}","templated":true}]}}