{"id":253,"date":"2025-11-05T17:52:51","date_gmt":"2025-11-05T15:52:51","guid":{"rendered":"https:\/\/noepsiho.ro\/?page_id=253"},"modified":"2025-11-27T13:33:01","modified_gmt":"2025-11-27T11:33:01","slug":"pszichologia","status":"publish","type":"page","link":"https:\/\/noepsiho.ro\/hu\/szolgaltatasaink\/pszichologia\/","title":{"rendered":"Pszichol\u00f3gia"},"content":{"rendered":"<div class=\"wpb-content-wrapper\"><p>[vc_section full_width=&#8221;stretch_row&#8221; el_class=&#8221;block-inner-top-hero&#8221;][vc_row equal_height=&#8221;yes&#8221; content_placement=&#8221;middle&#8221;][vc_column width=&#8221;1\/2&#8243;][vc_custom_heading source=&#8221;post_title&#8221; font_container=&#8221;tag:h1|text_align:left&#8221; use_theme_fonts=&#8221;yes&#8221; css=&#8221;&#8221;][vc_custom_heading text=&#8221;Seg\u00edts\u00e9g a mindennapi kih\u00edv\u00e1sokhoz&#8221; use_theme_fonts=&#8221;yes&#8221; css=&#8221;&#8221; el_class=&#8221;text-navy&#8221;][\/vc_column][vc_column width=&#8221;1\/2&#8243;][vc_column_text css=&#8221;&#8221; el_class=&#8221;mb-0&#8243;]A pszichol\u00f3giai tan\u00e1csad\u00e1s olyan szakmai t\u00e1mogat\u00e1s, amely seg\u00edt meg\u00e9rteni \u00e9s kezelni a mindennapi \u00e9let neh\u00e9zs\u00e9geit. Legyen sz\u00f3 stresszr\u0151l, konfliktusokr\u00f3l, d\u00f6nt\u00e9si neh\u00e9zs\u00e9gekr\u0151l vagy szem\u00e9lyes fejl\u0151d\u00e9sr\u0151l, pszichol\u00f3gusaink abban seg\u00edtenek, hogy megtal\u00e1lja a megfelel\u0151 megold\u00e1st \u00e9s el\u00e9rje a lelki egyens\u00falyt.[\/vc_column_text][\/vc_column][\/vc_row][\/vc_section][vc_section][vc_row gap=&#8221;35&#8243; equal_height=&#8221;yes&#8221; content_placement=&#8221;middle&#8221;][vc_column width=&#8221;2\/3&#8243;][vc_custom_heading text=&#8221;Milyen probl\u00e9m\u00e1kra ny\u00fajt megold\u00e1st a pszichol\u00f3gia?&#8221; font_container=&#8221;tag:h3|text_align:left&#8221; use_theme_fonts=&#8221;yes&#8221; css=&#8221;&#8221;][vc_column_text css=&#8221;&#8221; el_class=&#8221;mb-0&#8243;]<\/p>\n<ul>\n<li aria-level=\"1\"><b>Stressz \u00e9s ki\u00e9g\u00e9s kezel\u00e9se:<\/b> T\u00e1mogat\u00e1st ny\u00fajtunk a stressz kezel\u00e9s\u00e9ben \u00e9s az energiaszint vissza\u00e1ll\u00edt\u00e1s\u00e1ban.<\/li>\n<li aria-level=\"1\"><b>\u00c9letvezet\u00e9si tan\u00e1csad\u00e1s:<\/b> Seg\u00edt\u00fcnk az \u00e9let\u00fat fontos d\u00f6nt\u00e9seiben \u00e9s az egyens\u00faly megteremt\u00e9s\u00e9ben.<\/li>\n<li aria-level=\"1\"><b>Kapcsolati probl\u00e9m\u00e1k:<\/b> Tan\u00e1csokat adunk, hogyan jav\u00edthat\u00f3k a munkahelyi, csal\u00e1di vagy bar\u00e1ti kapcsolatok.<\/li>\n<li aria-level=\"1\"><b>\u00d6nismeret fejleszt\u00e9se: <\/b>Seg\u00edt\u00fcnk jobban meg\u00e9rteni \u00f6nmag\u00e1t, az \u00e9rzelmeit \u00e9s a viselked\u00e9s\u00e9t.<\/li>\n<\/ul>\n<p>[\/vc_column_text][\/vc_column][vc_column width=&#8221;1\/3&#8243;][vc_single_image image=&#8221;254&#8243; img_size=&#8221;full&#8221; alignment=&#8221;center&#8221; css_animation=&#8221;fadeIn&#8221; css=&#8221;&#8221; image_hovers=&#8221;false&#8221; lazy_loading=&#8221;true&#8221; el_class=&#8221;has-reflection reflection-before reflection-after mb-0&#8243;][\/vc_column][\/vc_row][\/vc_section][vc_section full_width=&#8221;stretch_row&#8221;][vc_row][vc_column width=&#8221;1\/4&#8243;][\/vc_column][vc_column width=&#8221;3\/4&#8243; el_class=&#8221;cornered-block small bg-orange&#8221;][vc_custom_heading text=&#8221;Hogyan zajlik a pszichol\u00f3giai tan\u00e1csad\u00e1s?&#8221; font_container=&#8221;tag:h3|text_align:left&#8221; use_theme_fonts=&#8221;yes&#8221; css=&#8221;&#8221;][vc_column_text css=&#8221;&#8221; el_class=&#8221;mb-0&#8243;]<\/p>\n<ol>\n<li aria-level=\"1\"><b>Els\u0151 tal\u00e1lkoz\u00e1s:<\/b> Megismerj\u00fck az \u00d6nt foglalkoztat\u00f3 k\u00e9rd\u00e9seket \u00e9s probl\u00e9m\u00e1kat.<\/li>\n<li aria-level=\"1\"><b>C\u00e9lkit\u0171z\u00e9sek meghat\u00e1roz\u00e1sa:<\/b> K\u00f6z\u00f6sen alak\u00edtjuk ki, hogy milyen v\u00e1ltoz\u00e1sokat szeretne el\u00e9rni.<\/li>\n<li aria-level=\"1\"><b>Megold\u00e1sorient\u00e1lt besz\u00e9lget\u00e9sek:<\/b> A tan\u00e1csad\u00e1sok sor\u00e1n seg\u00edt\u00fcnk \u00faj n\u00e9z\u0151pontokat tal\u00e1lni \u00e9s gyakorlati eszk\u00f6z\u00f6ket adunk a kez\u00e9be.<\/li>\n<\/ol>\n<p>[\/vc_column_text][\/vc_column][\/vc_row][\/vc_section][vc_section full_width=&#8221;stretch_row&#8221; el_class=&#8221;bg-navy&#8221;][vc_row][vc_column][vc_custom_heading text=&#8221;Mi\u00e9rt v\u00e1lassza a pszichol\u00f3giai tan\u00e1csad\u00e1st?&#8221; font_container=&#8221;tag:h3|text_align:center&#8221; use_theme_fonts=&#8221;yes&#8221; css=&#8221;&#8221; el_class=&#8221;mb-sm&#8221;][\/vc_column][\/vc_row][vc_row gap=&#8221;35&#8243;][vc_column width=&#8221;1\/3&#8243;][vc_custom_heading text=&#8221;Szem\u00e9lyre szabott t\u00e1mogat\u00e1s&#8221; font_container=&#8221;tag:h4|text_align:center&#8221; use_theme_fonts=&#8221;yes&#8221; css=&#8221;&#8221; el_class=&#8221;text-navy&#8221;][vc_column_text css=&#8221;&#8221;]<\/p>\n<p style=\"text-align: center;\">Mindenki egyedi, ez\u00e9rt az \u00d6n ig\u00e9nyeihez igaz\u00edtjuk a folyamatot.<\/p>\n<p>[\/vc_column_text][\/vc_column][vc_column width=&#8221;1\/3&#8243;][vc_custom_heading text=&#8221;Tapasztalt szakemberek&#8221; font_container=&#8221;tag:h4|text_align:center&#8221; use_theme_fonts=&#8221;yes&#8221; css=&#8221;&#8221; el_class=&#8221;text-navy&#8221;][vc_column_text css=&#8221;&#8221;]<\/p>\n<p style=\"text-align: center;\">Pszichol\u00f3gusaink m\u00e9ly szakmai tud\u00e1ssal \u00e9s emp\u00e1ti\u00e1val k\u00eds\u00e9rik v\u00e9gig \u00d6nt a folyamaton.<\/p>\n<p>[\/vc_column_text][\/vc_column][vc_column width=&#8221;1\/3&#8243;][vc_custom_heading text=&#8221;R\u00f6vid t\u00e1v\u00fa eredm\u00e9nyek&#8221; font_container=&#8221;tag:h4|text_align:center&#8221; use_theme_fonts=&#8221;yes&#8221; css=&#8221;&#8221; el_class=&#8221;text-navy&#8221;][vc_column_text css=&#8221;&#8221;]<\/p>\n<p style=\"text-align: center;\">M\u00e1r n\u00e9h\u00e1ny alkalom ut\u00e1n is \u00e9rezhet\u0151 javul\u00e1st tapasztalhat.<\/p>\n<p>[\/vc_column_text][\/vc_column][\/vc_row][\/vc_section][vc_section][vc_row el_class=&#8221;row-home-contact-form cornered-block&#8221;][vc_column][vc_custom_heading text=&#8221;Kezdje el m\u00e9g ma!&#8221; font_container=&#8221;tag:h2|text_align:center&#8221; use_theme_fonts=&#8221;yes&#8221; css=&#8221;&#8221;][vc_column_text css=&#8221;&#8221;]<\/p>\n<p style=\"text-align: center;\">Ha \u00fagy \u00e9rzi, hogy seg\u00edts\u00e9gre van sz\u00fcks\u00e9ge, vegye fel vel\u00fcnk a kapcsolatot!<\/p>\n<p style=\"text-align: center;\"><strong>Forduljanak hozz\u00e1nk bizalommal!<\/strong><\/p>\n<p>[\/vc_column_text]<style type=\"text\/css\" data-type=\"the7_shortcodes-inline-css\">#default-btn-df7bfad5877ed742d04f46d6cd8bb6f7.ico-right-side > i {\n  margin-right: 0px;\n  margin-left: 8px;\n}\n#default-btn-df7bfad5877ed742d04f46d6cd8bb6f7 > i {\n  margin-right: 8px;\n}\n<\/style><div class=\"btn-align-center\"><a href=\"\/hu\/kapcsolat\/#!\/book\" class=\"default-btn-shortcode dt-btn dt-btn-m fadeInUp animate-element animation-builder link-hover-off \" id=\"default-btn-df7bfad5877ed742d04f46d6cd8bb6f7\" title=\"Kapcsolat\"><i class=\"icomoon-the7-font-the7-phone-06\"><\/i><span>Id\u0151pontfoglal\u00e1s<\/span><\/a><\/div>[\/vc_column][\/vc_row][\/vc_section]<\/p>\n<\/div>","protected":false},"excerpt":{"rendered":"<p>[vc_section full_width=&#8221;stretch_row&#8221; el_class=&#8221;block-inner-top-hero&#8221;][vc_row equal_height=&#8221;yes&#8221; content_placement=&#8221;middle&#8221;][vc_column width=&#8221;1\/2&#8243;][vc_custom_heading source=&#8221;post_title&#8221; font_container=&#8221;tag:h1|text_align:left&#8221; use_theme_fonts=&#8221;yes&#8221; css=&#8221;&#8221;][vc_custom_heading text=&#8221;Seg\u00edts\u00e9g a mindennapi kih\u00edv\u00e1sokhoz&#8221; use_theme_fonts=&#8221;yes&#8221; css=&#8221;&#8221; el_class=&#8221;text-navy&#8221;][\/vc_column][vc_column width=&#8221;1\/2&#8243;][vc_column_text css=&#8221;&#8221; el_class=&#8221;mb-0&#8243;]A pszichol\u00f3giai tan\u00e1csad\u00e1s olyan szakmai t\u00e1mogat\u00e1s, amely seg\u00edt meg\u00e9rteni \u00e9s kezelni a mindennapi \u00e9let neh\u00e9zs\u00e9geit. Legyen sz\u00f3 stresszr\u0151l, konfliktusokr\u00f3l, d\u00f6nt\u00e9si neh\u00e9zs\u00e9gekr\u0151l vagy szem\u00e9lyes fejl\u0151d\u00e9sr\u0151l, pszichol\u00f3gusaink abban seg\u00edtenek, hogy megtal\u00e1lja a megfelel\u0151 megold\u00e1st \u00e9s el\u00e9rje a lelki&hellip;<\/p>\n","protected":false},"author":1,"featured_media":0,"parent":139,"menu_order":0,"comment_status":"closed","ping_status":"closed","template":"","meta":{"footnotes":""},"class_list":["post-253","page","type-page","status-publish","hentry","description-off"],"_links":{"self":[{"href":"https:\/\/noepsiho.ro\/hu\/wp-json\/wp\/v2\/pages\/253","targetHints":{"allow":["GET"]}}],"collection":[{"href":"https:\/\/noepsiho.ro\/hu\/wp-json\/wp\/v2\/pages"}],"about":[{"href":"https:\/\/noepsiho.ro\/hu\/wp-json\/wp\/v2\/types\/page"}],"author":[{"embeddable":true,"href":"https:\/\/noepsiho.ro\/hu\/wp-json\/wp\/v2\/users\/1"}],"replies":[{"embeddable":true,"href":"https:\/\/noepsiho.ro\/hu\/wp-json\/wp\/v2\/comments?post=253"}],"version-history":[{"count":4,"href":"https:\/\/noepsiho.ro\/hu\/wp-json\/wp\/v2\/pages\/253\/revisions"}],"predecessor-version":[{"id":560,"href":"https:\/\/noepsiho.ro\/hu\/wp-json\/wp\/v2\/pages\/253\/revisions\/560"}],"up":[{"embeddable":true,"href":"https:\/\/noepsiho.ro\/hu\/wp-json\/wp\/v2\/pages\/139"}],"wp:attachment":[{"href":"https:\/\/noepsiho.ro\/hu\/wp-json\/wp\/v2\/media?parent=253"}],"curies":[{"name":"wp","href":"https:\/\/api.w.org\/{rel}","templated":true}]}}