{"id":250,"date":"2025-11-05T17:37:52","date_gmt":"2025-11-05T15:37:52","guid":{"rendered":"https:\/\/noepsiho.ro\/?page_id=250"},"modified":"2025-11-27T13:30:06","modified_gmt":"2025-11-27T11:30:06","slug":"felnott-pszichiatria","status":"publish","type":"page","link":"https:\/\/noepsiho.ro\/hu\/szolgaltatasaink\/felnott-pszichiatria\/","title":{"rendered":"Feln\u0151tt pszichi\u00e1tria"},"content":{"rendered":"<div class=\"wpb-content-wrapper\"><p>[vc_section full_width=&#8221;stretch_row&#8221; el_class=&#8221;block-inner-top-hero&#8221;][vc_row equal_height=&#8221;yes&#8221; content_placement=&#8221;middle&#8221;][vc_column width=&#8221;1\/2&#8243;][vc_custom_heading source=&#8221;post_title&#8221; font_container=&#8221;tag:h1|text_align:left&#8221; use_theme_fonts=&#8221;yes&#8221; css=&#8221;&#8221;][vc_custom_heading text=&#8221;Szem\u00e9lyre szabott t\u00e1mogat\u00e1s a lelki eg\u00e9szs\u00e9g\u00e9rt&#8221; use_theme_fonts=&#8221;yes&#8221; css=&#8221;&#8221; el_class=&#8221;text-navy&#8221;][\/vc_column][vc_column width=&#8221;1\/2&#8243;][vc_column_text css=&#8221;&#8221; el_class=&#8221;mb-0&#8243;]A mindennapi \u00e9let kih\u00edv\u00e1sai, mint a szorong\u00e1s, depresszi\u00f3 vagy stressz, gyakran komplex megold\u00e1sokat ig\u00e9nyelnek. K\u00f6zpontunk c\u00e9lja, hogy minden egyes p\u00e1ciens sz\u00e1m\u00e1ra szem\u00e9lyre szabott, hat\u00e9kony kezel\u00e9st biztos\u00edtson. Tapasztalt szakembereink \u2013 pszichi\u00e1terek, pszichol\u00f3gusok, terapeut\u00e1k \u00e9s m\u00e1s ment\u00e1lis eg\u00e9szs\u00e9g\u00fcgyi szakemberek \u2013 egy\u00fcttes munk\u00e1j\u00e1val seg\u00edt\u00fcnk abban, hogy el\u00e9rje lelki egyens\u00faly\u00e1t.[\/vc_column_text][\/vc_column][\/vc_row][\/vc_section][vc_section][vc_row gap=&#8221;35&#8243; equal_height=&#8221;yes&#8221; content_placement=&#8221;middle&#8221;][vc_column width=&#8221;2\/3&#8243;][vc_custom_heading text=&#8221;Hogyan seg\u00edthet\u00fcnk \u00d6nnek?&#8221; font_container=&#8221;tag:h3|text_align:left&#8221; use_theme_fonts=&#8221;yes&#8221; css=&#8221;&#8221;][vc_column_text css=&#8221;&#8221; el_class=&#8221;mb-0&#8243;]Szolg\u00e1ltat\u00e1saink sz\u00e9lesk\u00f6r\u0171ek \u00e9s k\u00fcl\u00f6nb\u00f6z\u0151 probl\u00e9m\u00e1k kezel\u00e9s\u00e9re k\u00edn\u00e1lnak megold\u00e1st:<\/p>\n<ul>\n<li aria-level=\"1\">Szorong\u00e1sos zavarok<\/li>\n<li aria-level=\"1\">Depresszi\u00f3 \u00e9s hangulatzavarok<\/li>\n<li aria-level=\"1\">Stressz, ki\u00e9g\u00e9s<\/li>\n<li aria-level=\"1\">Pszichoszomatikus betegs\u00e9gek<\/li>\n<li aria-level=\"1\">Komplex ment\u00e1lis zavarok<\/li>\n<\/ul>\n<p>[\/vc_column_text][\/vc_column][vc_column width=&#8221;1\/3&#8243;][vc_single_image image=&#8221;251&#8243; img_size=&#8221;full&#8221; alignment=&#8221;center&#8221; css_animation=&#8221;fadeIn&#8221; css=&#8221;&#8221; image_hovers=&#8221;false&#8221; lazy_loading=&#8221;true&#8221; el_class=&#8221;has-reflection reflection-before reflection-after mb-0&#8243;][\/vc_column][\/vc_row][\/vc_section][vc_section full_width=&#8221;stretch_row&#8221;][vc_row el_class=&#8221;mb-sm&#8221;][vc_column width=&#8221;3\/4&#8243; el_class=&#8221;cornered-block small bg-green&#8221;][vc_custom_heading text=&#8221;Mi\u00e9rt v\u00e1lasszon minket?&#8221; font_container=&#8221;tag:h3|text_align:left&#8221; use_theme_fonts=&#8221;yes&#8221; css=&#8221;&#8221;][vc_column_text css=&#8221;&#8221; el_class=&#8221;mb-0&#8243;]K\u00f6zpontunkban minden sz\u00fcks\u00e9ges szakember megtal\u00e1lhat\u00f3, \u00edgy az \u00d6n sz\u00e1m\u00e1ra legmegfelel\u0151bb kezel\u00e9si m\u00f3dot k\u00edn\u00e1ljuk. Munkat\u00e1rsaink szoros egy\u00fcttm\u0171k\u00f6d\u00e9sben dolgoznak azon, hogy a legjobb megold\u00e1st ny\u00fajts\u00e1k, \u00e9s t\u00e1mogass\u00e1k a gy\u00f3gyul\u00e1s folyamat\u00e1t.[\/vc_column_text][\/vc_column][vc_column width=&#8221;1\/4&#8243;][\/vc_column][\/vc_row][vc_row][vc_column width=&#8221;1\/4&#8243;][\/vc_column][vc_column width=&#8221;3\/4&#8243; el_class=&#8221;cornered-block small bg-orange&#8221;][vc_custom_heading text=&#8221;Hogyan dolgozunk?&#8221; font_container=&#8221;tag:h3|text_align:left&#8221; use_theme_fonts=&#8221;yes&#8221; css=&#8221;&#8221;][vc_column_text css=&#8221;&#8221; el_class=&#8221;mb-0&#8243;]<\/p>\n<ol>\n<li aria-level=\"1\"><b>Els\u0151 konzult\u00e1ci\u00f3:<\/b> \u00c1tfog\u00f3 \u00e1llapotfelm\u00e9r\u00e9s \u00e9s diagn\u00f3zis.<\/li>\n<li aria-level=\"1\"><b>Egy\u00e9ni kezel\u00e9si terv:<\/b> Az \u00d6n ig\u00e9nyeinek megfelel\u0151 kezel\u00e9si terv \u00f6ssze\u00e1ll\u00edt\u00e1sa.<\/li>\n<li aria-level=\"1\"><b>Nyomon k\u00f6vet\u00e9s \u00e9s t\u00e1mogat\u00e1s: <\/b>Folyamatos konzult\u00e1ci\u00f3k \u00e9s rendszeres ellen\u0151rz\u00e9sek a kezel\u00e9s hat\u00e9konys\u00e1ga \u00e9rdek\u00e9ben.<\/li>\n<\/ol>\n<p>[\/vc_column_text][\/vc_column][\/vc_row][\/vc_section][vc_section][vc_row el_class=&#8221;row-home-contact-form cornered-block&#8221;][vc_column][vc_custom_heading text=&#8221;Kapcsolatfelv\u00e9tel&#8221; font_container=&#8221;tag:h2|text_align:center&#8221; use_theme_fonts=&#8221;yes&#8221; css=&#8221;&#8221;][vc_column_text css=&#8221;&#8221;]<\/p>\n<p style=\"text-align: center;\">Ha \u00fagy \u00e9rzi, hogy seg\u00edts\u00e9gre van sz\u00fcks\u00e9ge, k\u00e9rjen id\u0151pontot, \u00e9s kezdeni fogjuk a k\u00f6z\u00f6s munk\u00e1t a lelki egyens\u00faly el\u00e9r\u00e9s\u00e9\u00e9rt!<\/p>\n<p>[\/vc_column_text]<style type=\"text\/css\" data-type=\"the7_shortcodes-inline-css\">#default-btn-df7bfad5877ed742d04f46d6cd8bb6f7.ico-right-side > i {\n  margin-right: 0px;\n  margin-left: 8px;\n}\n#default-btn-df7bfad5877ed742d04f46d6cd8bb6f7 > i {\n  margin-right: 8px;\n}\n<\/style><div class=\"btn-align-center\"><a href=\"\/hu\/kapcsolat\/#!\/book\" class=\"default-btn-shortcode dt-btn dt-btn-m fadeInUp animate-element animation-builder link-hover-off \" id=\"default-btn-df7bfad5877ed742d04f46d6cd8bb6f7\" title=\"Kapcsolat\"><i class=\"icomoon-the7-font-the7-phone-06\"><\/i><span>Id\u0151pontfoglal\u00e1s<\/span><\/a><\/div>[\/vc_column][\/vc_row][\/vc_section]<\/p>\n<\/div>","protected":false},"excerpt":{"rendered":"<p>[vc_section full_width=&#8221;stretch_row&#8221; el_class=&#8221;block-inner-top-hero&#8221;][vc_row equal_height=&#8221;yes&#8221; content_placement=&#8221;middle&#8221;][vc_column width=&#8221;1\/2&#8243;][vc_custom_heading source=&#8221;post_title&#8221; font_container=&#8221;tag:h1|text_align:left&#8221; use_theme_fonts=&#8221;yes&#8221; css=&#8221;&#8221;][vc_custom_heading text=&#8221;Szem\u00e9lyre szabott t\u00e1mogat\u00e1s a lelki eg\u00e9szs\u00e9g\u00e9rt&#8221; use_theme_fonts=&#8221;yes&#8221; css=&#8221;&#8221; el_class=&#8221;text-navy&#8221;][\/vc_column][vc_column width=&#8221;1\/2&#8243;][vc_column_text css=&#8221;&#8221; el_class=&#8221;mb-0&#8243;]A mindennapi \u00e9let kih\u00edv\u00e1sai, mint a szorong\u00e1s, depresszi\u00f3 vagy stressz, gyakran komplex megold\u00e1sokat ig\u00e9nyelnek. K\u00f6zpontunk c\u00e9lja, hogy minden egyes p\u00e1ciens sz\u00e1m\u00e1ra szem\u00e9lyre szabott, hat\u00e9kony kezel\u00e9st biztos\u00edtson. Tapasztalt szakembereink \u2013 pszichi\u00e1terek, pszichol\u00f3gusok, terapeut\u00e1k \u00e9s m\u00e1s&hellip;<\/p>\n","protected":false},"author":1,"featured_media":0,"parent":139,"menu_order":0,"comment_status":"closed","ping_status":"closed","template":"","meta":{"footnotes":""},"class_list":["post-250","page","type-page","status-publish","hentry","description-off"],"_links":{"self":[{"href":"https:\/\/noepsiho.ro\/hu\/wp-json\/wp\/v2\/pages\/250","targetHints":{"allow":["GET"]}}],"collection":[{"href":"https:\/\/noepsiho.ro\/hu\/wp-json\/wp\/v2\/pages"}],"about":[{"href":"https:\/\/noepsiho.ro\/hu\/wp-json\/wp\/v2\/types\/page"}],"author":[{"embeddable":true,"href":"https:\/\/noepsiho.ro\/hu\/wp-json\/wp\/v2\/users\/1"}],"replies":[{"embeddable":true,"href":"https:\/\/noepsiho.ro\/hu\/wp-json\/wp\/v2\/comments?post=250"}],"version-history":[{"count":3,"href":"https:\/\/noepsiho.ro\/hu\/wp-json\/wp\/v2\/pages\/250\/revisions"}],"predecessor-version":[{"id":554,"href":"https:\/\/noepsiho.ro\/hu\/wp-json\/wp\/v2\/pages\/250\/revisions\/554"}],"up":[{"embeddable":true,"href":"https:\/\/noepsiho.ro\/hu\/wp-json\/wp\/v2\/pages\/139"}],"wp:attachment":[{"href":"https:\/\/noepsiho.ro\/hu\/wp-json\/wp\/v2\/media?parent=250"}],"curies":[{"name":"wp","href":"https:\/\/api.w.org\/{rel}","templated":true}]}}