{"id":224,"date":"2025-01-16T18:49:16","date_gmt":"2025-01-16T16:49:16","guid":{"rendered":"https:\/\/noepsiho.ro\/?page_id=224"},"modified":"2025-11-27T13:34:53","modified_gmt":"2025-11-27T11:34:53","slug":"tsmt","status":"publish","type":"page","link":"https:\/\/noepsiho.ro\/hu\/szolgaltatasaink\/tsmt\/","title":{"rendered":"TSMT\u00ae"},"content":{"rendered":"<div class=\"wpb-content-wrapper\"><p>[vc_section full_width=&#8221;stretch_row&#8221; el_class=&#8221;block-inner-top-hero&#8221;][vc_row equal_height=&#8221;yes&#8221; content_placement=&#8221;middle&#8221;][vc_column width=&#8221;1\/2&#8243;][vc_custom_heading source=&#8221;post_title&#8221; font_container=&#8221;tag:h1|text_align:left&#8221; use_theme_fonts=&#8221;yes&#8221; css=&#8221;&#8221;][vc_custom_heading text=&#8221;Mozg\u00e1ssal az idegrendszer harm\u00f3ni\u00e1j\u00e1\u00e9rt&#8221; use_theme_fonts=&#8221;yes&#8221; css=&#8221;&#8221; el_class=&#8221;text-navy&#8221;][\/vc_column][vc_column width=&#8221;1\/2&#8243;][vc_column_text css=&#8221;&#8221; el_class=&#8221;mb-0&#8243;]A Tervezett Szenzomotoros Tr\u00e9ning (TSMT\u00ae) egy k\u00fcl\u00f6nleges fejleszt\u0151 m\u00f3dszer, amely j\u00e1t\u00e9kos, mozg\u00e1sos gyakorlatokon kereszt\u00fcl t\u00e1mogatja a gyermekek idegrendszeri fejl\u0151d\u00e9s\u00e9t. A tr\u00e9ninget kifejezetten azoknak a gyermekeknek aj\u00e1nljuk, akik figyelemzavarral, tanul\u00e1si neh\u00e9zs\u00e9gekkel, besz\u00e9dfejl\u0151d\u00e9si elmarad\u00e1ssal vagy mozg\u00e1skoordin\u00e1ci\u00f3s probl\u00e9m\u00e1kkal k\u00fczdenek.[\/vc_column_text][\/vc_column][\/vc_row][\/vc_section][vc_section][vc_row gap=&#8221;35&#8243; equal_height=&#8221;yes&#8221; content_placement=&#8221;middle&#8221;][vc_column width=&#8221;2\/3&#8243;][vc_custom_heading text=&#8221;Hogyan m\u0171k\u00f6dik a TSMT\u00ae?&#8221; font_container=&#8221;tag:h3|text_align:left&#8221; use_theme_fonts=&#8221;yes&#8221; css=&#8221;&#8221;][vc_column_text css=&#8221;&#8221; el_class=&#8221;mb-0&#8243;]<\/p>\n<p class=\"Body\"><span lang=\"EN-US\">A TSMT\u00ae foglalkoz\u00e1sok sor\u00e1n a gyermek egy\u00e9ni fejletts\u00e9gi szintj\u00e9hez \u00e9s sz\u00fcks\u00e9gleteihez igazodva alak\u00edtjuk ki a gyakorlatokat. A c\u00e9l az idegrendszeri kapcsolatok er\u0151s\u00edt\u00e9se \u00e9s a mozg\u00e1skoordin\u00e1ci\u00f3 jav\u00edt\u00e1sa, amely pozit\u00edv hat\u00e1st gyakorol a tanul\u00e1si k\u00e9pess\u00e9gekre, viselked\u00e9sre \u00e9s figyelemre.<\/span><\/p>\n<p>[\/vc_column_text][\/vc_column][vc_column width=&#8221;1\/3&#8243;][vc_single_image image=&#8221;226&#8243; img_size=&#8221;full&#8221; alignment=&#8221;center&#8221; css_animation=&#8221;fadeIn&#8221; css=&#8221;&#8221; image_hovers=&#8221;false&#8221; lazy_loading=&#8221;true&#8221; el_class=&#8221;has-reflection reflection-before reflection-after mb-0&#8243;][\/vc_column][\/vc_row][\/vc_section][vc_section full_width=&#8221;stretch_row&#8221;][vc_row el_class=&#8221;mb-sm&#8221;][vc_column width=&#8221;3\/4&#8243; el_class=&#8221;cornered-block small bg-green&#8221;][vc_custom_heading text=&#8221;Hogyan zajlik egy foglalkoz\u00e1s?&#8221; font_container=&#8221;tag:h3|text_align:left&#8221; use_theme_fonts=&#8221;yes&#8221; css=&#8221;&#8221;][vc_column_text css=&#8221;&#8221; el_class=&#8221;mb-0&#8243;]Egy TSMT\u00ae foglalkoz\u00e1s menete k\u00f6t\u00f6tt, feladatsorokba rendezett, a gyerek fejl\u0151d\u00e9s\u00e9nek megfelel\u0151en fokozatosan nehezedik. A fejleszt\u0151 szakember megmutatja a sz\u00fcl\u0151nek a feladatokat, akik a tov\u00e1bbiakban otthon gyakorolj\u00e1k a torn\u00e1t a gyerekkel. Egy torna 30-60 percet vesz ig\u00e9nybe. A hat\u00e9konys\u00e1g \u00e9rdek\u00e9ben terapeut\u00e1val is lehet torn\u00e1zni.[\/vc_column_text][\/vc_column][vc_column width=&#8221;1\/4&#8243;][\/vc_column][\/vc_row][vc_row][vc_column width=&#8221;1\/4&#8243;][\/vc_column][vc_column width=&#8221;3\/4&#8243; el_class=&#8221;cornered-block small bg-orange&#8221;][vc_custom_heading text=&#8221;Kiknek aj\u00e1nljuk?&#8221; font_container=&#8221;tag:h3|text_align:left&#8221; use_theme_fonts=&#8221;yes&#8221; css=&#8221;&#8221;][vc_column_text css=&#8221;&#8221; el_class=&#8221;mb-0&#8243;]A TSMT\u00ae tr\u00e9ning hat\u00e9kony seg\u00edts\u00e9get ny\u00fajthat az al\u00e1bbi esetekben:<\/p>\n<ul>\n<li>Figyelemzavar (ADD, ADHD)<\/li>\n<li>Autizmus spektrumzavar<\/li>\n<li>Tanul\u00e1si neh\u00e9zs\u00e9gek<\/li>\n<li>Mozg\u00e1skoordin\u00e1ci\u00f3s probl\u00e9m\u00e1k<\/li>\n<li>Besz\u00e9dfejl\u0151d\u00e9si k\u00e9s\u00e9sek<\/li>\n<li>Megk\u00e9sett, atipikus mozg\u00e1sfejl\u0151d\u00e9s<\/li>\n<li>Idegrendszeri \u00e9retlens\u00e9g<\/li>\n<\/ul>\n<p>[\/vc_column_text][\/vc_column][\/vc_row][\/vc_section][vc_section full_width=&#8221;stretch_row&#8221; el_class=&#8221;bg-navy&#8221;][vc_row][vc_column][vc_custom_heading text=&#8221;F\u0151bb el\u0151nyei&#8221; font_container=&#8221;tag:h3|text_align:center&#8221; use_theme_fonts=&#8221;yes&#8221; css=&#8221;&#8221; el_class=&#8221;mb-sm&#8221;][\/vc_column][\/vc_row][vc_row][vc_column width=&#8221;1\/3&#8243;][vc_column_text css=&#8221;&#8221; el_class=&#8221;mb-xs&#8221;]<\/p>\n<p style=\"text-align: center;\">Az \u00e9rz\u00e9kel\u00e9s \u00e9s a mozg\u00e1s \u00f6sszehangol\u00e1sa<\/p>\n<p>[\/vc_column_text][\/vc_column][vc_column width=&#8221;1\/3&#8243;][vc_column_text css=&#8221;&#8221; el_class=&#8221;mb-xs&#8221;]<\/p>\n<p style=\"text-align: center;\">A figyelem \u00e9s a koncentr\u00e1ci\u00f3 fejl\u0151d\u00e9se<\/p>\n<p>[\/vc_column_text][\/vc_column][vc_column width=&#8221;1\/3&#8243;][vc_column_text css=&#8221;&#8221; el_class=&#8221;mb-xs&#8221;]<\/p>\n<p style=\"text-align: center;\">Tanul\u00e1si \u00e9s viselked\u00e9si neh\u00e9zs\u00e9gek cs\u00f6kkent\u00e9se<\/p>\n<p>[\/vc_column_text][\/vc_column][\/vc_row][\/vc_section][vc_section][vc_row el_class=&#8221;mb-md&#8221;][vc_column width=&#8221;1\/4&#8243;][\/vc_column][vc_column width=&#8221;1\/2&#8243; el_class=&#8221;roundblock-navy green&#8221;][vc_custom_heading text=&#8221;Mi\u00e9rt v\u00e1lasszon minket?&#8221; font_container=&#8221;tag:h3|text_align:center&#8221; use_theme_fonts=&#8221;yes&#8221; css=&#8221;&#8221;][vc_column_text css=&#8221;&#8221; el_class=&#8221;mb-0&#8243;]<\/p>\n<ul>\n<li>Tapasztalt \u00e9s min\u0151s\u00edtett szakemberek<\/li>\n<li>Longitudin\u00e1lis Komplex Vizsg\u00e1lat (LongiKid\u00ae)<\/li>\n<li>Egy\u00e9ni fejleszt\u00e9si terv minden gyermek sz\u00e1m\u00e1ra<\/li>\n<li>Kellemes, gyermekbar\u00e1t k\u00f6rnyezet<\/li>\n<\/ul>\n<p>[\/vc_column_text][\/vc_column][vc_column width=&#8221;1\/4&#8243;][\/vc_column][\/vc_row][vc_row el_class=&#8221;row-home-contact-form cornered-block&#8221;][vc_column][vc_custom_heading text=&#8221;K\u00e9rjen id\u0151pontot konzult\u00e1ci\u00f3ra!&#8221; font_container=&#8221;tag:h2|text_align:center&#8221; use_theme_fonts=&#8221;yes&#8221; css=&#8221;&#8221;][vc_column_text css=&#8221;&#8221;]<\/p>\n<p style=\"text-align: center;\">Ha \u00fagy \u00e9rzi, hogy a TSMT\u00ae hasznos lehet gyermeke sz\u00e1m\u00e1ra, forduljon hozz\u00e1nk bizalommal! Az els\u0151 konzult\u00e1ci\u00f3 alkalm\u00e1val r\u00e9szletesen felm\u00e9rj\u00fck gyermeke sz\u00fcks\u00e9gleteit, \u00e9s szem\u00e9lyre szabott fejleszt\u00e9si tervet k\u00e9sz\u00edt\u00fcnk.<\/p>\n<p style=\"text-align: center;\"><strong>L\u00e9pjen vel\u00fcnk kapcsolatba!<\/strong><\/p>\n<p>[\/vc_column_text]<style type=\"text\/css\" data-type=\"the7_shortcodes-inline-css\">#default-btn-27203632cf865125b3140f8979c91d91.ico-right-side > i {\n  margin-right: 0px;\n  margin-left: 8px;\n}\n#default-btn-27203632cf865125b3140f8979c91d91 > i {\n  margin-right: 8px;\n}\n<\/style><div class=\"btn-align-center\"><a href=\"\/hu\/kapcsolat\/#!\/book\" class=\"default-btn-shortcode dt-btn dt-btn-m fadeInUp animate-element animation-builder link-hover-off \" id=\"default-btn-27203632cf865125b3140f8979c91d91\"><i class=\"icomoon-the7-font-the7-phone-06\"><\/i><span>Id\u0151pontfoglal\u00e1s<\/span><\/a><\/div>[\/vc_column][\/vc_row][\/vc_section]<\/p>\n<\/div>","protected":false},"excerpt":{"rendered":"<p>[vc_section full_width=&#8221;stretch_row&#8221; el_class=&#8221;block-inner-top-hero&#8221;][vc_row equal_height=&#8221;yes&#8221; content_placement=&#8221;middle&#8221;][vc_column width=&#8221;1\/2&#8243;][vc_custom_heading source=&#8221;post_title&#8221; font_container=&#8221;tag:h1|text_align:left&#8221; use_theme_fonts=&#8221;yes&#8221; css=&#8221;&#8221;][vc_custom_heading text=&#8221;Mozg\u00e1ssal az idegrendszer harm\u00f3ni\u00e1j\u00e1\u00e9rt&#8221; use_theme_fonts=&#8221;yes&#8221; css=&#8221;&#8221; el_class=&#8221;text-navy&#8221;][\/vc_column][vc_column width=&#8221;1\/2&#8243;][vc_column_text css=&#8221;&#8221; el_class=&#8221;mb-0&#8243;]A Tervezett Szenzomotoros Tr\u00e9ning (TSMT\u00ae) egy k\u00fcl\u00f6nleges fejleszt\u0151 m\u00f3dszer, amely j\u00e1t\u00e9kos, mozg\u00e1sos gyakorlatokon kereszt\u00fcl t\u00e1mogatja a gyermekek idegrendszeri fejl\u0151d\u00e9s\u00e9t. A tr\u00e9ninget kifejezetten azoknak a gyermekeknek aj\u00e1nljuk, akik figyelemzavarral, tanul\u00e1si neh\u00e9zs\u00e9gekkel, besz\u00e9dfejl\u0151d\u00e9si elmarad\u00e1ssal vagy mozg\u00e1skoordin\u00e1ci\u00f3s probl\u00e9m\u00e1kkal k\u00fczdenek.[\/vc_column_text][\/vc_column][\/vc_row][\/vc_section][vc_section][vc_row&hellip;<\/p>\n","protected":false},"author":1,"featured_media":0,"parent":139,"menu_order":0,"comment_status":"closed","ping_status":"closed","template":"","meta":{"footnotes":""},"class_list":["post-224","page","type-page","status-publish","hentry","description-off"],"_links":{"self":[{"href":"https:\/\/noepsiho.ro\/hu\/wp-json\/wp\/v2\/pages\/224","targetHints":{"allow":["GET"]}}],"collection":[{"href":"https:\/\/noepsiho.ro\/hu\/wp-json\/wp\/v2\/pages"}],"about":[{"href":"https:\/\/noepsiho.ro\/hu\/wp-json\/wp\/v2\/types\/page"}],"author":[{"embeddable":true,"href":"https:\/\/noepsiho.ro\/hu\/wp-json\/wp\/v2\/users\/1"}],"replies":[{"embeddable":true,"href":"https:\/\/noepsiho.ro\/hu\/wp-json\/wp\/v2\/comments?post=224"}],"version-history":[{"count":9,"href":"https:\/\/noepsiho.ro\/hu\/wp-json\/wp\/v2\/pages\/224\/revisions"}],"predecessor-version":[{"id":562,"href":"https:\/\/noepsiho.ro\/hu\/wp-json\/wp\/v2\/pages\/224\/revisions\/562"}],"up":[{"embeddable":true,"href":"https:\/\/noepsiho.ro\/hu\/wp-json\/wp\/v2\/pages\/139"}],"wp:attachment":[{"href":"https:\/\/noepsiho.ro\/hu\/wp-json\/wp\/v2\/media?parent=224"}],"curies":[{"name":"wp","href":"https:\/\/api.w.org\/{rel}","templated":true}]}}