{"id":221,"date":"2025-01-16T18:46:19","date_gmt":"2025-01-16T16:46:19","guid":{"rendered":"https:\/\/noepsiho.ro\/?page_id=221"},"modified":"2025-11-27T13:31:30","modified_gmt":"2025-11-27T11:31:30","slug":"logopedia","status":"publish","type":"page","link":"https:\/\/noepsiho.ro\/hu\/szolgaltatasaink\/logopedia\/","title":{"rendered":"Logop\u00e9dia"},"content":{"rendered":"<div class=\"wpb-content-wrapper\"><p>[vc_section full_width=&#8221;stretch_row&#8221; el_class=&#8221;block-inner-top-hero&#8221;][vc_row equal_height=&#8221;yes&#8221; content_placement=&#8221;middle&#8221;][vc_column width=&#8221;1\/2&#8243;][vc_custom_heading source=&#8221;post_title&#8221; font_container=&#8221;tag:h1|text_align:left&#8221; use_theme_fonts=&#8221;yes&#8221; css=&#8221;&#8221;][vc_custom_heading text=&#8221;Seg\u00edts\u00e9g a besz\u00e9dfejl\u0151d\u00e9sben \u00e9s kommunik\u00e1ci\u00f3ban&#8221; use_theme_fonts=&#8221;yes&#8221; css=&#8221;&#8221; el_class=&#8221;text-navy&#8221;][\/vc_column][vc_column width=&#8221;1\/2&#8243;][vc_column_text css=&#8221;&#8221; el_class=&#8221;mb-0&#8243;]A logop\u00e9dia olyan szakemberi seg\u00edts\u00e9get biztos\u00edt, amely a besz\u00e9d, a nyelv, a kommunik\u00e1ci\u00f3s k\u00e9szs\u00e9gek \u00e9s a sz\u00e1j\u00fcregi mozg\u00e1sok fejleszt\u00e9s\u00e9re \u00f6sszpontos\u00edt. A besz\u00e9dfejl\u0151d\u00e9si probl\u00e9m\u00e1k, a hangk\u00e9pz\u00e9si zavarok, valamint a nyelvi neh\u00e9zs\u00e9gek minden \u00e9letkorban jelentkezhetnek, \u00e9s fontos, hogy megfelel\u0151 t\u00e1mogat\u00e1sban r\u00e9szes\u00fcljenek. A logop\u00e9diai szolg\u00e1ltat\u00e1saink c\u00e9lja, hogy seg\u00edtse a gyermekeket \u00e9s feln\u0151tteket abban, hogy hat\u00e9konyan \u00e9s magabiztosan kommunik\u00e1ljanak.[\/vc_column_text][\/vc_column][\/vc_row][\/vc_section][vc_section][vc_row gap=&#8221;35&#8243; equal_height=&#8221;yes&#8221; content_placement=&#8221;middle&#8221;][vc_column width=&#8221;2\/3&#8243;][vc_custom_heading text=&#8221;Kiknek aj\u00e1nljuk a logop\u00e9diai kezel\u00e9seinket?&#8221; font_container=&#8221;tag:h3|text_align:left&#8221; use_theme_fonts=&#8221;yes&#8221; css=&#8221;&#8221;][vc_column_text css=&#8221;&#8221; el_class=&#8221;mb-0&#8243;]<\/p>\n<ul>\n<li><strong>Gyermekeknek:<\/strong> Akikn\u00e9l besz\u00e9dfejl\u0151d\u00e9si elmarad\u00e1s, kiejt\u00e9si probl\u00e9m\u00e1k, vagy nyelvi zavarok mer\u00fclnek fel.<\/li>\n<li><strong>Feln\u0151tteknek:<\/strong> Akik besz\u00e9dzavarokkal, p\u00e9ld\u00e1ul af\u00e1zi\u00e1val, diszl\u00e9xi\u00e1val vagy besz\u00e9dprobl\u00e9m\u00e1kkal k\u00fczdenek.<\/li>\n<li><strong>Id\u0151sebbeknek:<\/strong> Akik stroke, agyi s\u00e9r\u00fcl\u00e9s vagy m\u00e1s eg\u00e9szs\u00e9g\u00fcgyi probl\u00e9m\u00e1k k\u00f6vetkezt\u00e9ben vesz\u00edtett\u00e9k el besz\u00e9dk\u00e9szs\u00e9g\u00fcket.<\/li>\n<li><strong>Iskol\u00e1soknak:<\/strong> Akikn\u00e9l a tanul\u00e1si \u00e9s iskolai teljes\u00edtm\u00e9ny probl\u00e9m\u00e1kat okoznak a nyelvi k\u00e9szs\u00e9gek hi\u00e1nyoss\u00e1gai.<\/li>\n<\/ul>\n<p>[\/vc_column_text][\/vc_column][vc_column width=&#8221;1\/3&#8243;][vc_single_image image=&#8221;282&#8243; img_size=&#8221;full&#8221; alignment=&#8221;center&#8221; css_animation=&#8221;fadeIn&#8221; css=&#8221;&#8221; image_hovers=&#8221;false&#8221; lazy_loading=&#8221;true&#8221; el_class=&#8221;has-reflection reflection-before reflection-after mb-0&#8243;][\/vc_column][\/vc_row][\/vc_section][vc_section full_width=&#8221;stretch_row&#8221;][vc_row][vc_column width=&#8221;1\/4&#8243;][\/vc_column][vc_column width=&#8221;3\/4&#8243; el_class=&#8221;cornered-block small bg-orange&#8221;][vc_custom_heading text=&#8221;Hogyan zajlik a kezel\u00e9s?&#8221; font_container=&#8221;tag:h3|text_align:left&#8221; use_theme_fonts=&#8221;yes&#8221; css=&#8221;&#8221;][vc_column_text css=&#8221;&#8221; el_class=&#8221;mb-0&#8243;]<\/p>\n<ol>\n<li><strong>Els\u0151 konzult\u00e1ci\u00f3:<\/strong> A kezel\u00e9si terv kidolgoz\u00e1sa \u00e9rdek\u00e9ben az els\u0151 l\u00e9p\u00e9s a r\u00e9szletes besz\u00e9lget\u00e9s \u00e9s vizsg\u00e1lat, amely felt\u00e9rk\u00e9pezi a probl\u00e9m\u00e1kat.<\/li>\n<li><strong>Egy\u00e9ni ter\u00e1pia:<\/strong> Szem\u00e9lyre szabott foglalkoz\u00e1sok sor\u00e1n a logop\u00e9dusunk k\u00fcl\u00f6nb\u00f6z\u0151 gyakorlatokkal seg\u00edt jav\u00edtani a besz\u00e9d, a nyelv \u00e9s a kommunik\u00e1ci\u00f3s k\u00e9szs\u00e9geket.<\/li>\n<li><strong>Nyomon k\u00f6vet\u00e9s \u00e9s fejleszt\u00e9s:<\/strong> A kezel\u00e9s sor\u00e1n rendszeres konzult\u00e1ci\u00f3k seg\u00edtenek a fejl\u0151d\u00e9s nyomon k\u00f6vet\u00e9s\u00e9ben \u00e9s az \u00faj c\u00e9lok kit\u0171z\u00e9s\u00e9ben.<\/li>\n<\/ol>\n<p>[\/vc_column_text][\/vc_column][\/vc_row][\/vc_section][vc_section full_width=&#8221;stretch_row&#8221; el_class=&#8221;bg-navy&#8221;][vc_row][vc_column][vc_custom_heading text=&#8221;Mi\u00e9rt v\u00e1lasszon minket?&#8221; font_container=&#8221;tag:h3|text_align:center&#8221; use_theme_fonts=&#8221;yes&#8221; css=&#8221;&#8221; el_class=&#8221;mb-sm&#8221;][\/vc_column][\/vc_row][vc_row gap=&#8221;35&#8243;][vc_column width=&#8221;1\/3&#8243;][vc_custom_heading text=&#8221;Szem\u00e9lyre szabott ter\u00e1pi\u00e1s terv&#8221; font_container=&#8221;tag:h4|text_align:center&#8221; use_theme_fonts=&#8221;yes&#8221; css=&#8221;&#8221; el_class=&#8221;text-navy&#8221;][vc_column_text css=&#8221;&#8221;]<\/p>\n<p style=\"text-align: center;\">Minden eset m\u00e1s \u00e9s m\u00e1s, ez\u00e9rt logop\u00e9dusaink egyedi kezel\u00e9si tervet dolgoznak ki a betegek ig\u00e9nyei \u00e9s probl\u00e9m\u00e1i alapj\u00e1n.<\/p>\n<p>[\/vc_column_text][\/vc_column][vc_column width=&#8221;1\/3&#8243;][vc_custom_heading text=&#8221;Szak\u00e9rt\u0151i csapat&#8221; font_container=&#8221;tag:h4|text_align:center&#8221; use_theme_fonts=&#8221;yes&#8221; css=&#8221;&#8221; el_class=&#8221;text-navy&#8221;][vc_column_text css=&#8221;&#8221;]<\/p>\n<p style=\"text-align: center;\">K\u00e9pzett logop\u00e9dusok \u00e9s szakemberek dolgoznak egy\u00fctt a hat\u00e9kony fejleszt\u00e9si folyamatok \u00e9rdek\u00e9ben.<\/p>\n<p>[\/vc_column_text][\/vc_column][vc_column width=&#8221;1\/3&#8243;][vc_custom_heading text=&#8221;T\u00e1mogat\u00f3 k\u00f6rnyezet&#8221; font_container=&#8221;tag:h4|text_align:center&#8221; use_theme_fonts=&#8221;yes&#8221; css=&#8221;&#8221; el_class=&#8221;text-navy&#8221;][vc_column_text css=&#8221;&#8221;]<\/p>\n<p style=\"text-align: center;\">A logop\u00e9diai ter\u00e1pi\u00e1k sor\u00e1n biztons\u00e1gos, t\u00e1mogat\u00f3 \u00e9s bizalmas l\u00e9gk\u00f6rt biztos\u00edtunk, hogy mindenki k\u00e9nyelmesen \u00e9rezze mag\u00e1t a fejl\u0151d\u00e9s sor\u00e1n.<\/p>\n<p>[\/vc_column_text][\/vc_column][\/vc_row][\/vc_section][vc_section][vc_row el_class=&#8221;row-home-contact-form cornered-block&#8221;][vc_column][vc_custom_heading text=&#8221;Kapcsolatfelv\u00e9tel&#8221; font_container=&#8221;tag:h2|text_align:center&#8221; use_theme_fonts=&#8221;yes&#8221; css=&#8221;&#8221;][vc_column_text css=&#8221;&#8221;]<\/p>\n<p style=\"text-align: center;\">Ha \u00fagy \u00e9rzi, hogy \u00d6nnek vagy gyermek\u00e9nek logop\u00e9diai seg\u00edts\u00e9gre van sz\u00fcks\u00e9ge, vegye fel vel\u00fcnk a kapcsolatot! Seg\u00edt\u00fcnk abban, hogy kommunik\u00e1ci\u00f3s k\u00e9szs\u00e9gei fejl\u0151djenek, \u00e9s magabiztosabban kommunik\u00e1lhassanak.<\/p>\n<p style=\"text-align: center;\"><strong>Forduljanak hozz\u00e1nk bizalommal!<\/strong><\/p>\n<p>[\/vc_column_text]<style type=\"text\/css\" data-type=\"the7_shortcodes-inline-css\">#default-btn-27203632cf865125b3140f8979c91d91.ico-right-side > i {\n  margin-right: 0px;\n  margin-left: 8px;\n}\n#default-btn-27203632cf865125b3140f8979c91d91 > i {\n  margin-right: 8px;\n}\n<\/style><div class=\"btn-align-center\"><a href=\"\/hu\/kapcsolat\/#!\/book\" class=\"default-btn-shortcode dt-btn dt-btn-m fadeInUp animate-element animation-builder link-hover-off \" id=\"default-btn-27203632cf865125b3140f8979c91d91\"><i class=\"icomoon-the7-font-the7-phone-06\"><\/i><span>Id\u0151pontfoglal\u00e1s<\/span><\/a><\/div>[\/vc_column][\/vc_row][\/vc_section]<\/p>\n<\/div>","protected":false},"excerpt":{"rendered":"<p>[vc_section full_width=&#8221;stretch_row&#8221; el_class=&#8221;block-inner-top-hero&#8221;][vc_row equal_height=&#8221;yes&#8221; content_placement=&#8221;middle&#8221;][vc_column width=&#8221;1\/2&#8243;][vc_custom_heading source=&#8221;post_title&#8221; font_container=&#8221;tag:h1|text_align:left&#8221; use_theme_fonts=&#8221;yes&#8221; css=&#8221;&#8221;][vc_custom_heading text=&#8221;Seg\u00edts\u00e9g a besz\u00e9dfejl\u0151d\u00e9sben \u00e9s kommunik\u00e1ci\u00f3ban&#8221; use_theme_fonts=&#8221;yes&#8221; css=&#8221;&#8221; el_class=&#8221;text-navy&#8221;][\/vc_column][vc_column width=&#8221;1\/2&#8243;][vc_column_text css=&#8221;&#8221; el_class=&#8221;mb-0&#8243;]A logop\u00e9dia olyan szakemberi seg\u00edts\u00e9get biztos\u00edt, amely a besz\u00e9d, a nyelv, a kommunik\u00e1ci\u00f3s k\u00e9szs\u00e9gek \u00e9s a sz\u00e1j\u00fcregi mozg\u00e1sok fejleszt\u00e9s\u00e9re \u00f6sszpontos\u00edt. A besz\u00e9dfejl\u0151d\u00e9si probl\u00e9m\u00e1k, a hangk\u00e9pz\u00e9si zavarok, valamint a nyelvi neh\u00e9zs\u00e9gek minden \u00e9letkorban jelentkezhetnek, \u00e9s fontos,&hellip;<\/p>\n","protected":false},"author":1,"featured_media":0,"parent":139,"menu_order":0,"comment_status":"closed","ping_status":"closed","template":"","meta":{"footnotes":""},"class_list":["post-221","page","type-page","status-publish","hentry","description-off"],"_links":{"self":[{"href":"https:\/\/noepsiho.ro\/hu\/wp-json\/wp\/v2\/pages\/221","targetHints":{"allow":["GET"]}}],"collection":[{"href":"https:\/\/noepsiho.ro\/hu\/wp-json\/wp\/v2\/pages"}],"about":[{"href":"https:\/\/noepsiho.ro\/hu\/wp-json\/wp\/v2\/types\/page"}],"author":[{"embeddable":true,"href":"https:\/\/noepsiho.ro\/hu\/wp-json\/wp\/v2\/users\/1"}],"replies":[{"embeddable":true,"href":"https:\/\/noepsiho.ro\/hu\/wp-json\/wp\/v2\/comments?post=221"}],"version-history":[{"count":8,"href":"https:\/\/noepsiho.ro\/hu\/wp-json\/wp\/v2\/pages\/221\/revisions"}],"predecessor-version":[{"id":557,"href":"https:\/\/noepsiho.ro\/hu\/wp-json\/wp\/v2\/pages\/221\/revisions\/557"}],"up":[{"embeddable":true,"href":"https:\/\/noepsiho.ro\/hu\/wp-json\/wp\/v2\/pages\/139"}],"wp:attachment":[{"href":"https:\/\/noepsiho.ro\/hu\/wp-json\/wp\/v2\/media?parent=221"}],"curies":[{"name":"wp","href":"https:\/\/api.w.org\/{rel}","templated":true}]}}