{"id":206,"date":"2025-01-16T13:54:33","date_gmt":"2025-01-16T11:54:33","guid":{"rendered":"https:\/\/noepsiho.ro\/?page_id=206"},"modified":"2025-11-27T13:32:13","modified_gmt":"2025-11-27T11:32:13","slug":"neurofeedback","status":"publish","type":"page","link":"https:\/\/noepsiho.ro\/hu\/szolgaltatasaink\/neurofeedback\/","title":{"rendered":"Neurofeedback"},"content":{"rendered":"<div class=\"wpb-content-wrapper\"><p>[vc_section full_width=&#8221;stretch_row&#8221; el_class=&#8221;block-inner-top-hero&#8221;][vc_row equal_height=&#8221;yes&#8221; content_placement=&#8221;middle&#8221;][vc_column width=&#8221;1\/2&#8243;][vc_custom_heading source=&#8221;post_title&#8221; font_container=&#8221;tag:h1|text_align:left&#8221; use_theme_fonts=&#8221;yes&#8221; css=&#8221;&#8221;][vc_custom_heading text=&#8221;A ment\u00e1lis \u00e9s fizikai j\u00f3l\u00e9t \u00faj dimenzi\u00f3ja&#8221; use_theme_fonts=&#8221;yes&#8221; css=&#8221;&#8221; el_class=&#8221;text-navy&#8221;][\/vc_column][vc_column width=&#8221;1\/2&#8243;][vc_column_text css=&#8221;&#8221; el_class=&#8221;mb-0&#8243;]Fedezze fel, hogyan seg\u00edtheti a neurofeedback az agy m\u0171k\u00f6d\u00e9s\u00e9nek optimaliz\u00e1l\u00e1s\u00e1t, hogy jobban teljes\u00edtsen \u00e9s jobban \u00e9rezze mag\u00e1t a mindennapokban! A neurofeedback egy tudom\u00e1nyos alap\u00fa orvostechnikai m\u00f3dszer, amely seg\u00edt jav\u00edtani az agyi aktivit\u00e1st, cs\u00f6kkenti a stresszt, n\u00f6veli a f\u00f3kuszt \u00e9s t\u00e1mogatja a ment\u00e1lis eg\u00e9szs\u00e9get.[\/vc_column_text][\/vc_column][\/vc_row][\/vc_section][vc_section][vc_row gap=&#8221;35&#8243; equal_height=&#8221;yes&#8221; content_placement=&#8221;middle&#8221;][vc_column width=&#8221;2\/3&#8243;][vc_custom_heading text=&#8221;Mi a neurofeedback?&#8221; font_container=&#8221;tag:h3|text_align:left&#8221; use_theme_fonts=&#8221;yes&#8221; css=&#8221;&#8221;][vc_column_text css=&#8221;&#8221; el_class=&#8221;mb-0&#8243;]A neurofeedback egy olyan non-invaz\u00edv m\u00f3dszer, amely az agyi aktivit\u00e1st val\u00f3s id\u0151ben m\u00e9rve seg\u00edti a szem\u00e9lyek agym\u0171k\u00f6d\u00e9s\u00e9nek optimaliz\u00e1l\u00e1s\u00e1t. EEG (elektroencefalogr\u00e1f) seg\u00edts\u00e9g\u00e9vel figyelj\u00fck az agy elektromos aktivit\u00e1s\u00e1t \u00e9s visszajelz\u00e9st adunk a felhaszn\u00e1l\u00f3nak. A c\u00e9l, hogy jav\u00edtsuk a ment\u00e1lis teljes\u00edtm\u00e9nyt, enyh\u00edts\u00fck a stresszt, \u00e9s t\u00e1mogassuk a gyorsabb fel\u00e9p\u00fcl\u00e9st k\u00fcl\u00f6nb\u00f6z\u0151 pszichol\u00f3giai \u00e9s ment\u00e1lis probl\u00e9m\u00e1kb\u00f3l.[\/vc_column_text][\/vc_column][vc_column width=&#8221;1\/3&#8243;][vc_single_image image=&#8221;217&#8243; img_size=&#8221;full&#8221; alignment=&#8221;center&#8221; css_animation=&#8221;fadeIn&#8221; css=&#8221;&#8221; image_hovers=&#8221;false&#8221; lazy_loading=&#8221;true&#8221; el_class=&#8221;has-reflection reflection-before reflection-after mb-0&#8243;][\/vc_column][\/vc_row][\/vc_section][vc_section full_width=&#8221;stretch_row&#8221;][vc_row el_class=&#8221;mb-sm&#8221;][vc_column width=&#8221;3\/4&#8243; el_class=&#8221;cornered-block small bg-green&#8221;][vc_custom_heading text=&#8221;Miben seg\u00edthet a neurofeedback?&#8221; font_container=&#8221;tag:h3|text_align:left&#8221; use_theme_fonts=&#8221;yes&#8221; css=&#8221;&#8221;][vc_column_text css=&#8221;&#8221; el_class=&#8221;mb-0&#8243;]A neurofeedback sz\u00e1mos ter\u00fcleten seg\u00edthet, p\u00e9ld\u00e1ul:<\/p>\n<ul>\n<li><strong>ADHD \u00e9s figyelemzavarok:<\/strong> Seg\u00edt a figyelemzavaros t\u00fcnetek enyh\u00edt\u00e9s\u00e9ben.<\/li>\n<li><strong>F\u00f3kusz\u00e1l\u00e1s \u00e9s koncentr\u00e1ci\u00f3:<\/strong> N\u00f6veli a koncentr\u00e1l\u00f3k\u00e9pess\u00e9get \u00e9s a figyelmet.<\/li>\n<li><strong>Szorong\u00e1s \u00e9s stressz kezel\u00e9se:<\/strong> Seg\u00edt a relax\u00e1ci\u00f3ban \u00e9s a szorong\u00e1s cs\u00f6kkent\u00e9s\u00e9ben.<\/li>\n<li><strong>Alv\u00e1s jav\u00edt\u00e1sa:<\/strong> El\u0151seg\u00edti a m\u00e9lyebb \u00e9s pihentet\u0151bb alv\u00e1st.<\/li>\n<\/ul>\n<p>[\/vc_column_text][\/vc_column][vc_column width=&#8221;1\/4&#8243;][\/vc_column][\/vc_row][vc_row][vc_column width=&#8221;1\/4&#8243;][\/vc_column][vc_column width=&#8221;3\/4&#8243; el_class=&#8221;cornered-block small bg-orange&#8221;][vc_custom_heading text=&#8221;Hogyan m\u0171k\u00f6dik a neurofeedback?&#8221; font_container=&#8221;tag:h3|text_align:left&#8221; use_theme_fonts=&#8221;yes&#8221; css=&#8221;&#8221;][vc_column_text css=&#8221;&#8221; el_class=&#8221;mb-0&#8243;]<\/p>\n<ol>\n<li><strong>M\u00e9r\u00e9s:<\/strong> Az EEG szenzorok f\u00e1jdalommentesen m\u00e9rik az agyi aktivit\u00e1st.<\/li>\n<li><strong>Visszajelz\u00e9s:<\/strong> Egy sz\u00e1m\u00edt\u00f3g\u00e9p alap\u00fa rendszer a szenzorok inform\u00e1ci\u00f3i alapj\u00e1n a k\u00e9perny\u0151n visszajelz\u00e9st ad a felhaszn\u00e1l\u00f3nak a k\u00edv\u00e1nt agyhull\u00e1mok el\u00e9r\u00e9s\u00e9r\u0151l vizu\u00e1lis \u00e9s\/vagy audit\u00edv form\u00e1ban.<\/li>\n<li><strong>Fejleszt\u00e9s:<\/strong> Ez a visszajelz\u00e9s seg\u00edti az agyat abban, hogy megtanulja be\u00e1ll\u00edtani a k\u00edv\u00e1nt \u00e1llapotot, \u00edgy fokozatosan javul a ment\u00e1lis teljes\u00edtm\u00e9ny.<\/li>\n<\/ol>\n<p>[\/vc_column_text][\/vc_column][\/vc_row][\/vc_section][vc_section full_width=&#8221;stretch_row&#8221; el_class=&#8221;bg-navy&#8221;][vc_row][vc_column][vc_custom_heading text=&#8221;Mik a neurofeedback el\u0151nyei?&#8221; font_container=&#8221;tag:h3|text_align:center&#8221; use_theme_fonts=&#8221;yes&#8221; css=&#8221;&#8221; el_class=&#8221;mb-sm&#8221;][\/vc_column][\/vc_row][vc_row gap=&#8221;35&#8243;][vc_column width=&#8221;1\/4&#8243;][vc_custom_heading text=&#8221;Non-invaz\u00edv&#8221; font_container=&#8221;tag:h4|text_align:center&#8221; use_theme_fonts=&#8221;yes&#8221; css=&#8221;&#8221; el_class=&#8221;text-navy&#8221;][vc_column_text css=&#8221;&#8221;]<\/p>\n<p style=\"text-align: center;\">Nincs sz\u00fcks\u00e9g gy\u00f3gyszerekre vagy beavatkoz\u00e1sra.<\/p>\n<p>[\/vc_column_text][\/vc_column][vc_column width=&#8221;1\/4&#8243;][vc_custom_heading text=&#8221;Biztons\u00e1gos&#8221; font_container=&#8221;tag:h4|text_align:center&#8221; use_theme_fonts=&#8221;yes&#8221; css=&#8221;&#8221; el_class=&#8221;text-navy&#8221;][vc_column_text css=&#8221;&#8221;]<\/p>\n<p style=\"text-align: center;\">A neurofeedback teljesen biztons\u00e1gos, mell\u00e9khat\u00e1sok \u00e9s rizik\u00f3faktorok n\u00e9lk\u00fcl alkalmazhat\u00f3.<\/p>\n<p>[\/vc_column_text][\/vc_column][vc_column width=&#8221;1\/4&#8243;][vc_custom_heading text=&#8221;Szem\u00e9lyre szabott&#8221; font_container=&#8221;tag:h4|text_align:center&#8221; use_theme_fonts=&#8221;yes&#8221; css=&#8221;&#8221; el_class=&#8221;text-navy&#8221;][vc_column_text css=&#8221;&#8221;]<\/p>\n<p style=\"text-align: center;\">Az agy egyedi m\u0171k\u00f6d\u00e9s\u00e9t figyelembe v\u00e9ve szem\u00e9lyre szabott programokkal dolgozunk.<\/p>\n<p>[\/vc_column_text][\/vc_column][vc_column width=&#8221;1\/4&#8243;][vc_custom_heading text=&#8221;Hossz\u00fa t\u00e1v\u00fa eredm\u00e9nyek&#8221; font_container=&#8221;tag:h4|text_align:center&#8221; use_theme_fonts=&#8221;yes&#8221; css=&#8221;&#8221; el_class=&#8221;text-navy&#8221;][vc_column_text css=&#8221;&#8221;]<\/p>\n<p style=\"text-align: center;\">A ter\u00e1pia hossz\u00fa t\u00e1v\u00fa pozit\u00edv hat\u00e1sokkal b\u00edr a ment\u00e1lis j\u00f3l\u00e9tre.<\/p>\n<p>[\/vc_column_text][\/vc_column][\/vc_row][\/vc_section][vc_section][vc_row el_class=&#8221;mb-md&#8221;][vc_column width=&#8221;1\/4&#8243;][\/vc_column][vc_column width=&#8221;1\/2&#8243; el_class=&#8221;roundblock-navy green&#8221;][vc_custom_heading text=&#8221;Kinek aj\u00e1nlott?&#8221; font_container=&#8221;tag:h3|text_align:center&#8221; use_theme_fonts=&#8221;yes&#8221; css=&#8221;&#8221;][vc_column_text css=&#8221;&#8221; el_class=&#8221;mb-0&#8243;]<\/p>\n<ul>\n<li>ADHD-s gyermekeknek \u00e9s feln\u0151tteknek<\/li>\n<li>Szorong\u00e1ssal k\u00fczd\u0151knek<\/li>\n<li>Stresszes \u00e9lethelyzetben l\u00e9v\u0151knek<\/li>\n<li>Pszichol\u00f3giai rehabilit\u00e1ci\u00f3t keres\u0151knek<\/li>\n<li>Alv\u00e1szavarral k\u00fczd\u0151knek<\/li>\n<\/ul>\n<p>[\/vc_column_text][\/vc_column][vc_column width=&#8221;1\/4&#8243;][\/vc_column][\/vc_row][vc_row el_class=&#8221;row-home-contact-form cornered-block&#8221;][vc_column][vc_custom_heading text=&#8221;Kezdje el m\u00e9g ma!&#8221; font_container=&#8221;tag:h2|text_align:center&#8221; use_theme_fonts=&#8221;yes&#8221; css=&#8221;&#8221;][vc_column_text css=&#8221;&#8221;]<\/p>\n<p style=\"text-align: center;\">A neurofeedback ter\u00e1pia egyedi megold\u00e1st k\u00edn\u00e1l a ment\u00e1lis \u00e9s fizikai j\u00f3l\u00e9t el\u00e9r\u00e9s\u00e9re. K\u00e9rjen id\u0151pontot \u00e9s pr\u00f3b\u00e1lja ki, hogyan jav\u00edthatja \u00e9letmin\u0151s\u00e9g\u00e9t!<\/p>\n<p style=\"text-align: center;\"><strong>Tov\u00e1bbi inform\u00e1ci\u00f3k\u00e9rt l\u00e9pjen vel\u00fcnk kapcsolatba!<\/strong><\/p>\n<p>[\/vc_column_text]<style type=\"text\/css\" data-type=\"the7_shortcodes-inline-css\">#default-btn-27203632cf865125b3140f8979c91d91.ico-right-side > i {\n  margin-right: 0px;\n  margin-left: 8px;\n}\n#default-btn-27203632cf865125b3140f8979c91d91 > i {\n  margin-right: 8px;\n}\n<\/style><div class=\"btn-align-center\"><a href=\"\/hu\/kapcsolat\/#!\/book\" class=\"default-btn-shortcode dt-btn dt-btn-m fadeInUp animate-element animation-builder link-hover-off \" id=\"default-btn-27203632cf865125b3140f8979c91d91\"><i class=\"icomoon-the7-font-the7-phone-06\"><\/i><span>Id\u0151pontfoglal\u00e1s<\/span><\/a><\/div>[\/vc_column][\/vc_row][\/vc_section]<\/p>\n<\/div>","protected":false},"excerpt":{"rendered":"<p>[vc_section full_width=&#8221;stretch_row&#8221; el_class=&#8221;block-inner-top-hero&#8221;][vc_row equal_height=&#8221;yes&#8221; content_placement=&#8221;middle&#8221;][vc_column width=&#8221;1\/2&#8243;][vc_custom_heading source=&#8221;post_title&#8221; font_container=&#8221;tag:h1|text_align:left&#8221; use_theme_fonts=&#8221;yes&#8221; css=&#8221;&#8221;][vc_custom_heading text=&#8221;A ment\u00e1lis \u00e9s fizikai j\u00f3l\u00e9t \u00faj dimenzi\u00f3ja&#8221; use_theme_fonts=&#8221;yes&#8221; css=&#8221;&#8221; el_class=&#8221;text-navy&#8221;][\/vc_column][vc_column width=&#8221;1\/2&#8243;][vc_column_text css=&#8221;&#8221; el_class=&#8221;mb-0&#8243;]Fedezze fel, hogyan seg\u00edtheti a neurofeedback az agy m\u0171k\u00f6d\u00e9s\u00e9nek optimaliz\u00e1l\u00e1s\u00e1t, hogy jobban teljes\u00edtsen \u00e9s jobban \u00e9rezze mag\u00e1t a mindennapokban! A neurofeedback egy tudom\u00e1nyos alap\u00fa orvostechnikai m\u00f3dszer, amely seg\u00edt jav\u00edtani az agyi aktivit\u00e1st, cs\u00f6kkenti&hellip;<\/p>\n","protected":false},"author":1,"featured_media":0,"parent":139,"menu_order":0,"comment_status":"closed","ping_status":"closed","template":"","meta":{"footnotes":""},"class_list":["post-206","page","type-page","status-publish","hentry","description-off"],"_links":{"self":[{"href":"https:\/\/noepsiho.ro\/hu\/wp-json\/wp\/v2\/pages\/206","targetHints":{"allow":["GET"]}}],"collection":[{"href":"https:\/\/noepsiho.ro\/hu\/wp-json\/wp\/v2\/pages"}],"about":[{"href":"https:\/\/noepsiho.ro\/hu\/wp-json\/wp\/v2\/types\/page"}],"author":[{"embeddable":true,"href":"https:\/\/noepsiho.ro\/hu\/wp-json\/wp\/v2\/users\/1"}],"replies":[{"embeddable":true,"href":"https:\/\/noepsiho.ro\/hu\/wp-json\/wp\/v2\/comments?post=206"}],"version-history":[{"count":11,"href":"https:\/\/noepsiho.ro\/hu\/wp-json\/wp\/v2\/pages\/206\/revisions"}],"predecessor-version":[{"id":558,"href":"https:\/\/noepsiho.ro\/hu\/wp-json\/wp\/v2\/pages\/206\/revisions\/558"}],"up":[{"embeddable":true,"href":"https:\/\/noepsiho.ro\/hu\/wp-json\/wp\/v2\/pages\/139"}],"wp:attachment":[{"href":"https:\/\/noepsiho.ro\/hu\/wp-json\/wp\/v2\/media?parent=206"}],"curies":[{"name":"wp","href":"https:\/\/api.w.org\/{rel}","templated":true}]}}