{"id":181,"date":"2025-01-16T11:39:41","date_gmt":"2025-01-16T09:39:41","guid":{"rendered":"https:\/\/noepsiho.ro\/?page_id=181"},"modified":"2025-11-27T13:29:31","modified_gmt":"2025-11-27T11:29:31","slug":"ericson-fele-hipnoterapia","status":"publish","type":"page","link":"https:\/\/noepsiho.ro\/hu\/szolgaltatasaink\/ericson-fele-hipnoterapia\/","title":{"rendered":"Ericson-f\u00e9le Hipnoter\u00e1pia"},"content":{"rendered":"<div class=\"wpb-content-wrapper\"><p>[vc_section full_width=&#8221;stretch_row&#8221; el_class=&#8221;block-inner-top-hero&#8221;][vc_row equal_height=&#8221;yes&#8221; content_placement=&#8221;middle&#8221;][vc_column width=&#8221;1\/2&#8243;][vc_custom_heading source=&#8221;post_title&#8221; font_container=&#8221;tag:h1|text_align:left&#8221; use_theme_fonts=&#8221;yes&#8221; css=&#8221;&#8221;][vc_custom_heading text=&#8221;Fedezze fel a tudatalatti erej\u00e9t&#8221; use_theme_fonts=&#8221;yes&#8221; css=&#8221;&#8221; el_class=&#8221;text-navy&#8221;][\/vc_column][vc_column width=&#8221;1\/2&#8243;][vc_column_text css=&#8221;&#8221; el_class=&#8221;mb-0&#8243;]Az Ericson-f\u00e9le hipnoter\u00e1pia egy olyan k\u00fcl\u00f6nleges pszichoter\u00e1pi\u00e1s megk\u00f6zel\u00edt\u00e9s, amely a tudatalatti k\u00e9pess\u00e9gekre \u00e9p\u00edt, hogy el\u0151seg\u00edtse a v\u00e1ltoz\u00e1st \u00e9s a gy\u00f3gyul\u00e1st. Milton H. Ericson m\u00f3dszerei az egy\u00e9n er\u0151forr\u00e1saira \u00e9s kreat\u00edv megold\u00e1saira t\u00e1maszkodnak, hogy m\u00e9lyrehat\u00f3 v\u00e1ltoz\u00e1sokat \u00e9rjenek el.[\/vc_column_text][\/vc_column][\/vc_row][\/vc_section][vc_section][vc_row gap=&#8221;35&#8243; equal_height=&#8221;yes&#8221; content_placement=&#8221;middle&#8221;][vc_column width=&#8221;2\/3&#8243;][vc_custom_heading text=&#8221;Hogyan m\u0171k\u00f6dik az Ericson-f\u00e9le hipnoter\u00e1pia?&#8221; font_container=&#8221;tag:h3|text_align:left&#8221; use_theme_fonts=&#8221;yes&#8221; css=&#8221;&#8221;][vc_column_text css=&#8221;&#8221; el_class=&#8221;mb-0&#8243;]Az Ericson-f\u00e9le hipn\u00f3zis nem a klasszikus \u201etransz\u00e1llapotra\u201d f\u00f3kusz\u00e1l, hanem egy kellemesen ellazult, term\u00e9szetes \u00e1llapotot teremt, amelyben a tudatalatti k\u00f6nnyen hozz\u00e1f\u00e9rhet\u0151v\u00e9 v\u00e1lik.<\/p>\n<ul>\n<li><strong>F\u00f3kusz az egy\u00e9n er\u0151forr\u00e1saira:<\/strong> Nem a probl\u00e9m\u00e1ra, hanem a megold\u00e1sra helyezi a hangs\u00falyt.<\/li>\n<li><strong>Gyeng\u00e9d vezet\u00e9s:<\/strong> Az egy\u00e9ni \u00e9rz\u00e9sekre \u00e9s \u00e9lm\u00e9nyekre t\u00e1maszkodva vezetett besz\u00e9lget\u00e9sek sor\u00e1n indul meg a v\u00e1ltoz\u00e1s.<\/li>\n<li><strong>Term\u00e9szetes \u00e1llapot:<\/strong> A hipn\u00f3zis egy relax\u00e1lt, koncentr\u00e1lt \u00e1llapot, amelyet \u00d6n teljes m\u00e9rt\u00e9kben ir\u00e1ny\u00edt.<\/li>\n<\/ul>\n<p>[\/vc_column_text][\/vc_column][vc_column width=&#8221;1\/3&#8243;][vc_single_image image=&#8221;296&#8243; img_size=&#8221;full&#8221; alignment=&#8221;center&#8221; css_animation=&#8221;fadeIn&#8221; css=&#8221;&#8221; image_hovers=&#8221;false&#8221; lazy_loading=&#8221;true&#8221; el_class=&#8221;has-reflection reflection-before reflection-after mb-0&#8243;][\/vc_column][\/vc_row][\/vc_section][vc_section full_width=&#8221;stretch_row&#8221;][vc_row el_class=&#8221;mb-sm&#8221;][vc_column width=&#8221;3\/4&#8243; el_class=&#8221;cornered-block small bg-green&#8221;][vc_custom_heading text=&#8221;Milyen probl\u00e9m\u00e1kra ny\u00fajt megold\u00e1st?&#8221; font_container=&#8221;tag:h3|text_align:left&#8221; use_theme_fonts=&#8221;yes&#8221; css=&#8221;&#8221;][vc_column_text css=&#8221;&#8221; el_class=&#8221;mb-0&#8243;]Az Ericson-f\u00e9le hipnoter\u00e1pia sz\u00e9les k\u00f6rben alkalmazhat\u00f3 k\u00fcl\u00f6nf\u00e9le ment\u00e1lis \u00e9s \u00e9rzelmi neh\u00e9zs\u00e9gek kezel\u00e9s\u00e9re:<\/p>\n<ul>\n<li><strong>Stressz \u00e9s szorong\u00e1s:<\/strong> Az ellazult \u00e1llapot seg\u00edt a bels\u0151 fesz\u00fclts\u00e9g old\u00e1s\u00e1ban.<\/li>\n<li><strong>\u00d6nbizalomhi\u00e1ny:<\/strong> \u00dajra\u00e9p\u00edti az \u00f6nmagunkba vetett hitet \u00e9s er\u0151s\u00edti az \u00f6nbecs\u00fcl\u00e9st.<\/li>\n<li><strong>Traum\u00e1k feldolgoz\u00e1sa:<\/strong> K\u00edm\u00e9letesen seg\u00edti a m\u00faltb\u00e9li traum\u00e1k feldolgoz\u00e1s\u00e1t.<\/li>\n<li><strong>Viselked\u00e9smint\u00e1k megv\u00e1ltoztat\u00e1sa:<\/strong> T\u00e1mogat\u00e1st ny\u00fajt a rossz szok\u00e1sok megv\u00e1ltoztat\u00e1s\u00e1ban (pl. doh\u00e1nyz\u00e1s, \u00e9trendi szok\u00e1sok)<\/li>\n<li><strong>Teljes\u00edtm\u00e9nyfokoz\u00e1s:<\/strong> Sportban, tanul\u00e1sban vagy munk\u00e1ban val\u00f3 hat\u00e9konys\u00e1gn\u00f6veked\u00e9s t\u00e1mogat\u00e1sa.<\/li>\n<\/ul>\n<p>[\/vc_column_text][\/vc_column][vc_column width=&#8221;1\/4&#8243;][\/vc_column][\/vc_row][\/vc_section][vc_section full_width=&#8221;stretch_row&#8221; el_class=&#8221;bg-navy&#8221;][vc_row][vc_column][vc_custom_heading text=&#8221;Mi\u00e9rt v\u00e1lassza az Ericson-f\u00e9le hipnoter\u00e1pi\u00e1t?&#8221; font_container=&#8221;tag:h3|text_align:center&#8221; use_theme_fonts=&#8221;yes&#8221; css=&#8221;&#8221; el_class=&#8221;mb-sm&#8221;][\/vc_column][\/vc_row][vc_row gap=&#8221;35&#8243;][vc_column width=&#8221;1\/3&#8243;][vc_custom_heading text=&#8221;Biztons\u00e1gos&#8221; font_container=&#8221;tag:h4|text_align:center&#8221; use_theme_fonts=&#8221;yes&#8221; css=&#8221;&#8221; el_class=&#8221;text-navy&#8221;][vc_column_text css=&#8221;&#8221;]<\/p>\n<p style=\"text-align: center;\">\u00d6n teljes kontroll alatt marad a hipnotikus \u00e1llapotban.<\/p>\n<p>[\/vc_column_text][\/vc_column][vc_column width=&#8221;1\/3&#8243;][vc_custom_heading text=&#8221;Gyors eredm\u00e9nyek&#8221; font_container=&#8221;tag:h4|text_align:center&#8221; use_theme_fonts=&#8221;yes&#8221; css=&#8221;&#8221; el_class=&#8221;text-navy&#8221;][vc_column_text css=&#8221;&#8221;]<\/p>\n<p style=\"text-align: center;\">M\u00e1r n\u00e9h\u00e1ny \u00fcl\u00e9s ut\u00e1n is jelent\u0151s v\u00e1ltoz\u00e1s tapasztalhat\u00f3.<\/p>\n<p>[\/vc_column_text][\/vc_column][vc_column width=&#8221;1\/3&#8243;][vc_custom_heading text=&#8221;Empatikus t\u00e1mogat\u00e1s&#8221; font_container=&#8221;tag:h4|text_align:center&#8221; use_theme_fonts=&#8221;yes&#8221; css=&#8221;&#8221; el_class=&#8221;text-navy&#8221;][vc_column_text css=&#8221;&#8221;]<\/p>\n<p style=\"text-align: center;\">Tapasztalt szakember k\u00eds\u00e9ri v\u00e9gig az \u00d6n \u00fatj\u00e1t.<\/p>\n<p>[\/vc_column_text][\/vc_column][\/vc_row][\/vc_section][vc_section][vc_row][vc_column width=&#8221;1\/2&#8243; el_class=&#8221;roundblock-navy&#8221;][vc_custom_heading text=&#8221;Miben k\u00fcl\u00f6nleges az Ericson-f\u00e9le hipn\u00f3zis?&#8221; font_container=&#8221;tag:h3|text_align:center&#8221; use_theme_fonts=&#8221;yes&#8221; css=&#8221;&#8221;][vc_column_text css=&#8221;&#8221; el_class=&#8221;mb-0&#8243;]<\/p>\n<ol>\n<li><strong>Egy\u00e9ni megk\u00f6zel\u00edt\u00e9s:<\/strong> A ter\u00e1pia teljes m\u00e9rt\u00e9kben szem\u00e9lyre szabott, figyelembe v\u00e9ve az \u00d6n egy\u00e9ni c\u00e9ljait \u00e9s sz\u00fcks\u00e9gleteit.<\/li>\n<li><strong>Nem klasszikus hipn\u00f3zis:<\/strong> Nem sz\u00fcks\u00e9ges m\u00e9ly transz\u00e1llapotba ker\u00fclni, a m\u00f3dszer ink\u00e1bb egy term\u00e9szetes, relax\u00e1lt figyelmi \u00e1llapotra \u00e9p\u00edt.<\/li>\n<li><strong>Ir\u00e1ny\u00edt\u00e1s meg\u0151rz\u00e9se:<\/strong> V\u00e9gig az \u00d6n kez\u00e9ben marad az ir\u00e1ny\u00edt\u00e1s, nincsenek k\u00e9nyszer\u00edtett gondolatok.<\/li>\n<\/ol>\n<p>[\/vc_column_text][\/vc_column][vc_column width=&#8221;1\/2&#8243; el_class=&#8221;roundblock-navy green&#8221;][vc_custom_heading text=&#8221;Milyen a hipnoter\u00e1pia folyamata?&#8221; font_container=&#8221;tag:h3|text_align:center&#8221; use_theme_fonts=&#8221;yes&#8221; css=&#8221;&#8221;][vc_column_text css=&#8221;&#8221; el_class=&#8221;mb-0&#8243;]<\/p>\n<ol>\n<li><strong>Els\u0151 konzult\u00e1ci\u00f3:<\/strong> Megbesz\u00e9lj\u00fck az \u00d6n c\u00e9ljait \u00e9s elv\u00e1r\u00e1sait, probl\u00e9mafelt\u00e1r\u00e1s \u00e9s er\u0151forr\u00e1s-felismer\u00e9s t\u00f6rt\u00e9nik.<\/li>\n<li><strong>Hipnoter\u00e1pi\u00e1s \u00fcl\u00e9sek:<\/strong> Kellemes, nyugodt k\u00f6rnyezetben zajl\u00f3 \u00fcl\u00e9sek, ahol a szakember fel\u00fcgyelete mellett \u00d6n ir\u00e1ny\u00edtja a folyamatot, a ter\u00e1pia az \u00d6n temp\u00f3j\u00e1ban halad.<\/li>\n<li><strong>Nyomonk\u00f6vet\u00e9s:<\/strong> A ter\u00e1pi\u00e1s m\u00f3dszereket folyamatosan az el\u00e9rt eredm\u00e9nyekhez igaz\u00edtjuk.<\/li>\n<\/ol>\n<p>[\/vc_column_text][\/vc_column][\/vc_row][\/vc_section][vc_section][vc_row el_class=&#8221;row-home-contact-form cornered-block&#8221;][vc_column][vc_custom_heading text=&#8221;Kezdje el m\u00e9g ma!&#8221; font_container=&#8221;tag:h2|text_align:center&#8221; use_theme_fonts=&#8221;yes&#8221; css=&#8221;&#8221;][vc_column_text css=&#8221;&#8221;]<\/p>\n<p style=\"text-align: center;\">Tegye meg az els\u0151 l\u00e9p\u00e9st a v\u00e1ltoz\u00e1s fel\u00e9 az Ericson-f\u00e9le hipnoter\u00e1pia seg\u00edts\u00e9g\u00e9vel! K\u00e9rjen id\u0151pontot szak\u00e9rt\u0151nkt\u0151l, \u00e9s tapasztalja meg, hogyan \u00e9rhet el val\u00f3di, tart\u00f3s eredm\u00e9nyeket.<\/p>\n<p style=\"text-align: center;\"><strong>Tov\u00e1bbi inform\u00e1ci\u00f3k\u00e9rt l\u00e9pjen vel\u00fcnk kapcsolatba!<\/strong><\/p>\n<p>[\/vc_column_text]<style type=\"text\/css\" data-type=\"the7_shortcodes-inline-css\">#default-btn-27203632cf865125b3140f8979c91d91.ico-right-side > i {\n  margin-right: 0px;\n  margin-left: 8px;\n}\n#default-btn-27203632cf865125b3140f8979c91d91 > i {\n  margin-right: 8px;\n}\n<\/style><div class=\"btn-align-center\"><a href=\"\/hu\/kapcsolat\/#!\/book\" class=\"default-btn-shortcode dt-btn dt-btn-m fadeInUp animate-element animation-builder link-hover-off \" id=\"default-btn-27203632cf865125b3140f8979c91d91\"><i class=\"icomoon-the7-font-the7-phone-06\"><\/i><span>Id\u0151pontfoglal\u00e1s<\/span><\/a><\/div>[\/vc_column][\/vc_row][\/vc_section]<\/p>\n<\/div>","protected":false},"excerpt":{"rendered":"<p>[vc_section full_width=&#8221;stretch_row&#8221; el_class=&#8221;block-inner-top-hero&#8221;][vc_row equal_height=&#8221;yes&#8221; content_placement=&#8221;middle&#8221;][vc_column width=&#8221;1\/2&#8243;][vc_custom_heading source=&#8221;post_title&#8221; font_container=&#8221;tag:h1|text_align:left&#8221; use_theme_fonts=&#8221;yes&#8221; css=&#8221;&#8221;][vc_custom_heading text=&#8221;Fedezze fel a tudatalatti erej\u00e9t&#8221; use_theme_fonts=&#8221;yes&#8221; css=&#8221;&#8221; el_class=&#8221;text-navy&#8221;][\/vc_column][vc_column width=&#8221;1\/2&#8243;][vc_column_text css=&#8221;&#8221; el_class=&#8221;mb-0&#8243;]Az Ericson-f\u00e9le hipnoter\u00e1pia egy olyan k\u00fcl\u00f6nleges pszichoter\u00e1pi\u00e1s megk\u00f6zel\u00edt\u00e9s, amely a tudatalatti k\u00e9pess\u00e9gekre \u00e9p\u00edt, hogy el\u0151seg\u00edtse a v\u00e1ltoz\u00e1st \u00e9s a gy\u00f3gyul\u00e1st. Milton H. Ericson m\u00f3dszerei az egy\u00e9n er\u0151forr\u00e1saira \u00e9s kreat\u00edv megold\u00e1saira t\u00e1maszkodnak, hogy m\u00e9lyrehat\u00f3 v\u00e1ltoz\u00e1sokat \u00e9rjenek&hellip;<\/p>\n","protected":false},"author":1,"featured_media":0,"parent":139,"menu_order":0,"comment_status":"closed","ping_status":"closed","template":"","meta":{"footnotes":""},"class_list":["post-181","page","type-page","status-publish","hentry","description-off"],"_links":{"self":[{"href":"https:\/\/noepsiho.ro\/hu\/wp-json\/wp\/v2\/pages\/181","targetHints":{"allow":["GET"]}}],"collection":[{"href":"https:\/\/noepsiho.ro\/hu\/wp-json\/wp\/v2\/pages"}],"about":[{"href":"https:\/\/noepsiho.ro\/hu\/wp-json\/wp\/v2\/types\/page"}],"author":[{"embeddable":true,"href":"https:\/\/noepsiho.ro\/hu\/wp-json\/wp\/v2\/users\/1"}],"replies":[{"embeddable":true,"href":"https:\/\/noepsiho.ro\/hu\/wp-json\/wp\/v2\/comments?post=181"}],"version-history":[{"count":21,"href":"https:\/\/noepsiho.ro\/hu\/wp-json\/wp\/v2\/pages\/181\/revisions"}],"predecessor-version":[{"id":553,"href":"https:\/\/noepsiho.ro\/hu\/wp-json\/wp\/v2\/pages\/181\/revisions\/553"}],"up":[{"embeddable":true,"href":"https:\/\/noepsiho.ro\/hu\/wp-json\/wp\/v2\/pages\/139"}],"wp:attachment":[{"href":"https:\/\/noepsiho.ro\/hu\/wp-json\/wp\/v2\/media?parent=181"}],"curies":[{"name":"wp","href":"https:\/\/api.w.org\/{rel}","templated":true}]}}